{"id":623,"date":"2023-04-04T08:20:08","date_gmt":"2023-04-04T08:20:08","guid":{"rendered":"https:\/\/maatilasiuntiossa.fi\/?page_id=623"},"modified":"2023-04-04T08:20:09","modified_gmt":"2023-04-04T08:20:09","slug":"pihan-ja-puutarhan-huoltokartoitus","status":"publish","type":"page","link":"https:\/\/maatilasiuntiossa.fi\/?page_id=623","title":{"rendered":"Pihan ja puutarhan huoltokartoitus"},"content":{"rendered":"\n<h3 class=\"has-text-align-center wp-block-heading\">Pihan ja puutarhan huoltokartoitus on t\u00e4rke\u00e4 ty\u00f6kalu<\/h3>\n\n\n\n<p class=\"has-text-align-center\">Pihan ja puutarhan huoltokartoitus on t\u00e4rke\u00e4 ty\u00f6kalu, jonka avulla voidaan selvitt\u00e4\u00e4 pihan ja puutarhan nykytila sek\u00e4 tarvittavat toimenpiteet sen yll\u00e4pit\u00e4miseksi. Kartoituksessa tarkastellaan muun muassa kasvillisuutta, maaper\u00e4\u00e4, kulkuv\u00e4yli\u00e4, rakenteita ja varusteita. Kartoituksen avulla voidaan tunnistaa mahdolliset ongelmat ja kehityskohteet ja suunnitella niiden korjaamista.<\/p>\n\n\n\n<p class=\"has-text-align-center\">Kartoitus alkaa asiakkaan tarpeiden kartoittamisella, jonka avulla selvitet\u00e4\u00e4n, mit\u00e4 pihaa halutaan k\u00e4ytt\u00e4\u00e4 ja mihin tarkoituksiin. T\u00e4m\u00e4n j\u00e4lkeen tutkitaan pihaa ja puutarhaa yksityiskohtaisemmin. Tarkastelussa huomioidaan esimerkiksi seuraavat asiat:<\/p>\n\n\n\n<ol class=\"wp-block-list\"><li>Kasvillisuus: Mit\u00e4 kasveja pihalla ja puutarhassa kasvaa, millaisessa kunnossa ne ovat ja mihin niit\u00e4 on istutettu. Onko kasveilla kasvuh\u00e4iri\u00f6it\u00e4 tai sairauksia ja tarvitseeko niit\u00e4 lannoittaa tai kastella enemm\u00e4n?<\/li><li>Maaper\u00e4: Millainen maaper\u00e4 pihalla ja puutarhassa on ja mit\u00e4 ravinteita se sis\u00e4lt\u00e4\u00e4. Onko maaper\u00e4 liian tiivist\u00e4 tai hiekkaista ja tarvitseeko sit\u00e4 parantaa?<\/li><li>Kulkuv\u00e4yl\u00e4t: Millaisessa kunnossa kulkuv\u00e4yl\u00e4t ovat ja onko niiden reunat siistit. Tarvitseeko kulkuv\u00e4yli\u00e4 korjata tai lis\u00e4t\u00e4 niiden turvallisuutta?<\/li><li>Rakenteet ja varusteet: Mitk\u00e4 rakenteet ja varusteet ovat k\u00e4yt\u00f6ss\u00e4 ja millaisessa kunnossa ne ovat. Onko rakenteissa tai varusteissa vikoja tai puutteita?<\/li><li>Hoitotoimenpiteet: Mit\u00e4 hoitotoimenpiteit\u00e4 pihalle ja puutarhalle on tehty ja mit\u00e4 tarvitaan lis\u00e4\u00e4. Onko piha leikattu riitt\u00e4v\u00e4n usein ja onko kasveille tehty tarpeeksi huoltotoimenpiteit\u00e4?<\/li><\/ol>\n\n\n\n<p class=\"has-text-align-center\">Kartoituksen tulosten perusteella laaditaan yhteenveto, jossa kuvataan mahdolliset ongelmat ja tarvittavat korjaustoimenpiteet. T\u00e4m\u00e4n j\u00e4lkeen voidaan laatia yksityiskohtaisempi suunnitelma pihan ja puutarhan kunnostamisesta ja yll\u00e4pidosta.<\/p>\n\n\n\n<div class=\"wp-block-buttons is-content-justification-center is-layout-flex wp-container-core-buttons-is-layout-16018d1d wp-block-buttons-is-layout-flex\">\n<div class=\"wp-block-button\"><a class=\"wp-block-button__link\" href=\"https:\/\/maatilasiuntiossa.fi\/?page_id=23\">Tilaa ilmainen pihan ja puutarhan huoltokartoitus<\/a><\/div>\n<\/div>\n","protected":false},"excerpt":{"rendered":"<p>Pihan ja puutarhan huoltokartoitus on t\u00e4rke\u00e4 ty\u00f6kalu Pihan ja puutarhan huoltokartoitus on t\u00e4rke\u00e4 ty\u00f6kalu, jonka avulla voidaan selvitt\u00e4\u00e4 pihan ja puutarhan nykytila sek\u00e4 tarvittavat toimenpiteet sen yll\u00e4pit\u00e4miseksi. Kartoituksessa tarkastellaan muun muassa kasvillisuutta, maaper\u00e4\u00e4, kulkuv\u00e4yli\u00e4, rakenteita ja varusteita. Kartoituksen avulla voidaan tunnistaa mahdolliset ongelmat ja kehityskohteet ja suunnitella niiden korjaamista. Kartoitus alkaa asiakkaan tarpeiden kartoittamisella, jonka avulla selvitet\u00e4\u00e4n, mit\u00e4 pihaa halutaan k\u00e4ytt\u00e4\u00e4 ja mihin tarkoituksiin. T\u00e4m\u00e4n j\u00e4lkeen tutkitaan pihaa ja puutarhaa yksityiskohtaisemmin. Tarkastelussa huomioidaan esimerkiksi seuraavat asiat: Kasvillisuus: Mit\u00e4 kasveja pihalla ja puutarhassa kasvaa, millaisessa kunnossa ne ovat ja mihin niit\u00e4 on istutettu. Onko kasveilla kasvuh\u00e4iri\u00f6it\u00e4 tai sairauksia ja tarvitseeko niit\u00e4 lannoittaa tai kastella enemm\u00e4n? Maaper\u00e4: Millainen maaper\u00e4 pihalla ja puutarhassa on ja mit\u00e4 ravinteita se sis\u00e4lt\u00e4\u00e4. Onko maaper\u00e4 liian tiivist\u00e4 tai hiekkaista ja tarvitseeko sit\u00e4 parantaa? Kulkuv\u00e4yl\u00e4t: Millaisessa kunnossa kulkuv\u00e4yl\u00e4t ovat ja onko niiden reunat siistit. Tarvitseeko kulkuv\u00e4yli\u00e4 korjata tai lis\u00e4t\u00e4 niiden turvallisuutta? Rakenteet ja varusteet: Mitk\u00e4 rakenteet ja varusteet&hellip;<\/p>\n<p> <a class=\"more-link\" href=\"https:\/\/maatilasiuntiossa.fi\/?page_id=623\">Read more<\/a><\/p>\n","protected":false},"author":1,"featured_media":0,"parent":0,"menu_order":0,"comment_status":"closed","ping_status":"closed","template":"","meta":{"footnotes":""},"class_list":["post-623","page","type-page","status-publish"],"_links":{"self":[{"href":"https:\/\/maatilasiuntiossa.fi\/index.php?rest_route=\/wp\/v2\/pages\/623","targetHints":{"allow":["GET"]}}],"collection":[{"href":"https:\/\/maatilasiuntiossa.fi\/index.php?rest_route=\/wp\/v2\/pages"}],"about":[{"href":"https:\/\/maatilasiuntiossa.fi\/index.php?rest_route=\/wp\/v2\/types\/page"}],"author":[{"embeddable":true,"href":"https:\/\/maatilasiuntiossa.fi\/index.php?rest_route=\/wp\/v2\/users\/1"}],"replies":[{"embeddable":true,"href":"https:\/\/maatilasiuntiossa.fi\/index.php?rest_route=%2Fwp%2Fv2%2Fcomments&post=623"}],"version-history":[{"count":1,"href":"https:\/\/maatilasiuntiossa.fi\/index.php?rest_route=\/wp\/v2\/pages\/623\/revisions"}],"predecessor-version":[{"id":624,"href":"https:\/\/maatilasiuntiossa.fi\/index.php?rest_route=\/wp\/v2\/pages\/623\/revisions\/624"}],"wp:attachment":[{"href":"https:\/\/maatilasiuntiossa.fi\/index.php?rest_route=%2Fwp%2Fv2%2Fmedia&parent=623"}],"curies":[{"name":"wp","href":"https:\/\/api.w.org\/{rel}","templated":true}]}}