{"id":56,"date":"2022-01-23T11:34:35","date_gmt":"2022-01-23T11:34:35","guid":{"rendered":"https:\/\/maatilasiuntiossa.fi\/?page_id=56"},"modified":"2024-11-21T12:33:42","modified_gmt":"2024-11-21T12:33:42","slug":"pienvarastovuokraus","status":"publish","type":"page","link":"https:\/\/maatilasiuntiossa.fi\/?page_id=56","title":{"rendered":"Vuokrattavat varastotilat"},"content":{"rendered":"\n<h3 class=\"wp-block-heading has-text-align-center\">Vuokraamme edullista (1-3000m3:ta) pienvarastointi- ja s\u00e4ilytystilaa maatiloilta toistaiseksi voimassaolevin sopimuksin. <\/h3>\n\n\n\n<p class=\"has-text-align-center\">Kysy lis\u00e4\u00e4, tule k\u00e4ym\u00e4\u00e4n ja katsotaan l\u00f6ydet\u00e4\u00e4nk\u00f6 tarpeita vastaavaa tilaa. Erilaisia varastoja on useita ja koot vaihtelee. Kaikki varastotilat ovat lukittuja. Alueella on kameravalvonta ja ymp\u00e4rivuorokautinen asuminen. Tiloja voidaan perus parantaa tai rakentaa seini\u00e4 riippuen vuokrasopimuksesta. Esim. rakennusliikkeiden v\u00e4livarastot, myyntivarastot, yms., v\u00e4livarastointi, muutot, muuttojen v\u00e4livarastoinnit jne.<\/p>\n\n\n\n<div class=\"wp-block-group\"><div class=\"wp-block-group__inner-container is-layout-flow wp-block-group-is-layout-flow\">\n<h2 class=\"wp-block-heading\" id=\"hinnasto\">Hinnoittelu esimerkkej\u00e4:<\/h2>\n\n\n\n<figure class=\"wp-block-table\"><table><tbody><tr><td><strong>Nimike<\/strong><\/td><td><strong>Huomiot<\/strong><\/td><td><strong>Hinta<\/strong><\/td><\/tr><tr><td>Pienvarastot 7m2, omalla avaimella<\/td><td>(kaikki varattu 21.11.2024)<\/td><td>40\u20ac\/kk +alv<\/td><\/tr><tr><td>Varastointi yhteisk\u00e4ytt\u00f6varastoissa<\/td><td><\/td><td>5\u20ac\/m3\/kk +alv<\/td><\/tr><tr><td>Henkil\u00f6auton rengassetti<\/td><td><\/td><td>5\u20ac\/kk +alv<\/td><\/tr><tr><td>Matkailuauto, vene, katospaikat asfaltilla<\/td><td>L\u00e4hialueella, kysy tilanne<\/td><td><\/td><\/tr><tr><td>Moottoripy\u00f6r\u00e4t, m\u00f6nkij\u00e4t yms. <\/td><td><\/td><td>10\u20ac\/kk +alv<\/td><\/tr><tr><td>Ulkos\u00e4ilytystasanne <\/td><td><\/td><td>5\u20ac\/kk +alv<\/td><\/tr><tr><td>Oma isompi varasto: erillishinnoittelu<\/td><td>tarpeista riippuen<\/td><td>alk. 5\u20ac\/kk + alv<\/td><\/tr><tr><td>Muu varastointi<\/td><td>tarpeista riippuen<\/td><td>alk. 5\u20ac\/kk +alv<\/td><\/tr><\/tbody><\/table><\/figure>\n<\/div><\/div>\n\n\n\n<div class=\"wp-block-group\"><div class=\"wp-block-group__inner-container is-layout-flow wp-block-group-is-layout-flow\"><\/div><\/div>\n\n\n\n<p class=\"has-text-align-center\">Kerro my\u00f6s mit\u00e4 olisit varastoimassa, niin osaamme parhaiten auttaa sopivan tilan l\u00f6ytymiseksi. Paikalle on helppo tulla ja menn\u00e4, 25-40min keh\u00e4 1\/3 -alueelle. Voimme my\u00f6s auttaa tavaran noudoissa, muutoissa ja kuljetuksissa erikseen niin sovittaessa (nokkak\u00e4rry\u00e4, pakettiautoa yms. l\u00f6ytyy). Vuokraaja vakuuttaa oman irtaimensa. <\/p>\n\n\n\n<p class=\"has-text-align-center\"><em>Service also in english, renting storage space startin from <strong>5\u20ac\/m3\/month<\/strong>. Send a message or call and lets book a meeting to the farm.<\/em><\/p>\n\n\n\n<p class=\"has-text-align-center\"><a href=\"https:\/\/maatilasiuntiossa.fi\/wp-content\/uploads\/2022\/01\/VARASTOJEN-JA-SA\u0308ILYTYSTILOJEN-VUOKRASOPIMUS.pdf\">Vuokrasopimus<\/a><\/p>\n\n\n\n<p class=\"has-text-align-center\"><a href=\"https:\/\/maatilasiuntiossa.fi\/wp-content\/uploads\/2022\/01\/PIENVARASTOJEN-SOPIMUSKA\u0308YTA\u0308NNO\u0308T-2022-1.pdf\">Vuokrauksen ehdot<\/a><\/p>\n\n\n\n<h2 class=\"wp-block-heading\" id=\"varasto-ja-sailytystilat-eriteltyna\">Varasto- ja s\u00e4ilytystila esimerkkej\u00e4 eriteltyn\u00e4:<\/h2>\n\n\n\n<h3 class=\"wp-block-heading\"><strong>Latorakennus:<\/strong><\/h3>\n\n\n\n<div class=\"wp-block-group\"><div class=\"wp-block-group__inner-container is-layout-flow wp-block-group-is-layout-flow\">\n<div class=\"wp-block-group\"><div class=\"wp-block-group__inner-container is-layout-flow wp-block-group-is-layout-flow\">\n<div class=\"wp-block-group\"><div class=\"wp-block-group__inner-container is-layout-flow wp-block-group-is-layout-flow\">\n<ul class=\"wp-block-list has-black-color has-text-color\">\n<li><mark style=\"background-color:rgba(0, 0, 0, 0)\" class=\"has-inline-color has-vivid-green-cyan-color\"><strong>Varasto 1<\/strong>: Yhteisk\u00e4ytt\u00f6varasto, on tilaa, n. 50m2<\/mark><\/li>\n\n\n\n<li><mark style=\"background-color:rgba(0, 0, 0, 0)\" class=\"has-inline-color has-vivid-green-cyan-color\"><strong>Varasto 2<\/strong>: Yhteisk\u00e4ytt\u00f6varasto parvella, on tilaa, n. 50m2<\/mark><\/li>\n\n\n\n<li><mark style=\"background-color:rgba(0, 0, 0, 0)\" class=\"has-inline-color has-vivid-red-color\"><strong>Varasto 3<\/strong>: Latorakennus yl\u00e4kerta, Varattu, n. 80m2<\/mark><\/li>\n\n\n\n<li><mark style=\"background-color:rgba(0, 0, 0, 0)\" class=\"has-inline-color has-vivid-red-color\"><strong>Varasto 4<\/strong>: Latorakennus alakerta, Varattu  n. 25m2<\/mark><\/li>\n\n\n\n<li><mark style=\"background-color:rgba(0, 0, 0, 0)\" class=\"has-inline-color has-vivid-red-color\"><strong>Varasto 5<\/strong>: Latorakennus alakerta, Varattu, n. 35m2<\/mark><\/li>\n<\/ul>\n\n\n\n<h3 class=\"wp-block-heading\"><strong>Vanha talli:<\/strong><\/h3>\n\n\n\n<ul class=\"wp-block-list has-black-color has-text-color\">\n<li><mark style=\"background-color:rgba(0, 0, 0, 0)\" class=\"has-inline-color has-vivid-red-color\"><strong>Varasto 6<\/strong>: Vanha talli alakerta, Varattu, 7m2 pienvarasto, omalla avaimella<\/mark><\/li>\n\n\n\n<li><mark style=\"background-color:rgba(0, 0, 0, 0)\" class=\"has-inline-color has-vivid-red-color\"><strong>Varasto 7<\/strong>: Vanha talli alakerta, Varattu, 7m2 pienvarasto, omalla avaimella<\/mark><\/li>\n\n\n\n<li><mark style=\"background-color:rgba(0, 0, 0, 0)\" class=\"has-inline-color has-vivid-red-color\"><strong>Varasto 8<\/strong>: Vanha talli alakerta, Varattu, 7m2 pienvarasto, omalla avaimella<\/mark><\/li>\n\n\n\n<li><mark style=\"background-color:rgba(0, 0, 0, 0)\" class=\"has-inline-color has-vivid-red-color\"><strong>Varasto 9<\/strong>: Vanha talli alakerta, Varattu, 7m2 pienvarasto, omalla avaimella<\/mark><\/li>\n\n\n\n<li><mark style=\"background-color:rgba(0, 0, 0, 0)\" class=\"has-inline-color has-vivid-red-color\"><strong>Varasto 10<\/strong>: vanha talli alakerta, Varattu, n. 30m2 <\/mark><\/li>\n\n\n\n<li><mark style=\"background-color:rgba(0, 0, 0, 0)\" class=\"has-inline-color has-vivid-red-color\"><strong>Varasto 11<\/strong>: Vanha talli yl\u00e4kerta, Yhteisk\u00e4ytt\u00f6varasto ajoluiskalla, varattu, n. 40m2<\/mark><\/li>\n\n\n\n<li><mark style=\"background-color:rgba(0, 0, 0, 0)\" class=\"has-inline-color has-vivid-green-cyan-color\"><strong>Varasto 12<\/strong>: Vanha talli yl\u00e4kerta, Yhteisk\u00e4ytt\u00f6varasto ajoluiskalla, on tilaa, n. 40m2<\/mark><\/li>\n<\/ul>\n\n\n\n<h3 class=\"wp-block-heading\"><strong>Hallirakennus<\/strong>:<\/h3>\n\n\n\n<div class=\"wp-block-group\"><div class=\"wp-block-group__inner-container is-layout-flow wp-block-group-is-layout-flow\">\n<div class=\"wp-block-group\"><div class=\"wp-block-group__inner-container is-layout-flow wp-block-group-is-layout-flow\">\n<ul class=\"wp-block-list has-black-color has-text-color\">\n<li><mark style=\"background-color:rgba(0, 0, 0, 0)\" class=\"has-inline-color has-vivid-green-cyan-color\">Varasto 13: Hallirakennus, 270m2, sopimuksen mukaan<\/mark><\/li>\n\n\n\n<li><mark style=\"background-color:rgba(0, 0, 0, 0)\" class=\"has-inline-color has-vivid-red-color\">Varasto 14: Hallirakennus, 20m2, omalla avaimella, varattu<\/mark><\/li>\n<\/ul>\n<\/div><\/div>\n<\/div><\/div>\n<\/div><\/div>\n\n\n\n<h3 class=\"wp-block-heading\"><strong>Muut:<\/strong><\/h3>\n\n\n\n<ul class=\"wp-block-list has-black-color has-text-color\">\n<li><mark style=\"background-color:rgba(0, 0, 0, 0)\" class=\"has-inline-color has-vivid-green-cyan-color\"><strong>Ulkos\u00e4ilytystasanne<\/strong>: Yl\u00e4tasanne, Veneet, autot, muut, on tilaa<\/mark><\/li>\n<\/ul>\n\n\n\n<h2 class=\"wp-block-heading\" id=\"valokuvia-varastoista\">Valokuvia varastoista:<\/h2>\n<\/div><\/div>\n<\/div><\/div>\n\n\n\n<div class=\"wp-block-columns is-layout-flex wp-container-core-columns-is-layout-9d6595d7 wp-block-columns-is-layout-flex\">\n<div class=\"wp-block-column is-layout-flow wp-block-column-is-layout-flow\">\n<div class=\"wp-block-cover is-light\"><span aria-hidden=\"true\" class=\"wp-block-cover__background has-background-dim\"><\/span><img loading=\"lazy\" decoding=\"async\" width=\"640\" height=\"480\" class=\"wp-block-cover__image-background wp-image-157\" alt=\"\" src=\"https:\/\/maatilasiuntiossa.fi\/wp-content\/uploads\/2022\/01\/Varasto-1-ja-2.jpg\" data-object-fit=\"cover\" srcset=\"https:\/\/maatilasiuntiossa.fi\/wp-content\/uploads\/2022\/01\/Varasto-1-ja-2.jpg 640w, https:\/\/maatilasiuntiossa.fi\/wp-content\/uploads\/2022\/01\/Varasto-1-ja-2-300x225.jpg 300w\" sizes=\"auto, (max-width: 640px) 100vw, 640px\" \/><div class=\"wp-block-cover__inner-container is-layout-flow wp-block-cover-is-layout-flow\">\n<p class=\"has-white-color has-text-color has-large-font-size\">Varastot 1-5<\/p>\n<\/div><\/div>\n<\/div>\n\n\n\n<div class=\"wp-block-column is-layout-flow wp-block-column-is-layout-flow\">\n<div class=\"wp-block-cover is-light\"><span aria-hidden=\"true\" class=\"wp-block-cover__background has-background-dim\"><\/span><img loading=\"lazy\" decoding=\"async\" width=\"640\" height=\"480\" class=\"wp-block-cover__image-background wp-image-156\" alt=\"\" src=\"https:\/\/maatilasiuntiossa.fi\/wp-content\/uploads\/2022\/01\/Pienvarastot.jpg\" data-object-fit=\"cover\" srcset=\"https:\/\/maatilasiuntiossa.fi\/wp-content\/uploads\/2022\/01\/Pienvarastot.jpg 640w, https:\/\/maatilasiuntiossa.fi\/wp-content\/uploads\/2022\/01\/Pienvarastot-300x225.jpg 300w\" sizes=\"auto, (max-width: 640px) 100vw, 640px\" \/><div class=\"wp-block-cover__inner-container is-layout-flow wp-block-cover-is-layout-flow\">\n<p class=\"has-white-color has-text-color has-large-font-size\">Varastot 6-10<\/p>\n<\/div><\/div>\n<\/div>\n\n\n\n<div class=\"wp-block-column is-layout-flow wp-block-column-is-layout-flow\">\n<div class=\"wp-block-cover is-light\"><span aria-hidden=\"true\" class=\"wp-block-cover__background has-background-dim\"><\/span><img loading=\"lazy\" decoding=\"async\" width=\"640\" height=\"480\" class=\"wp-block-cover__image-background wp-image-154\" alt=\"\" src=\"https:\/\/maatilasiuntiossa.fi\/wp-content\/uploads\/2022\/01\/Navetta-sisa\u0308a\u0308nka\u0308ynti.jpg\" data-object-fit=\"cover\" srcset=\"https:\/\/maatilasiuntiossa.fi\/wp-content\/uploads\/2022\/01\/Navetta-sisa\u0308a\u0308nka\u0308ynti.jpg 640w, https:\/\/maatilasiuntiossa.fi\/wp-content\/uploads\/2022\/01\/Navetta-sisa\u0308a\u0308nka\u0308ynti-300x225.jpg 300w\" sizes=\"auto, (max-width: 640px) 100vw, 640px\" \/><div class=\"wp-block-cover__inner-container is-layout-flow wp-block-cover-is-layout-flow\">\n<p class=\"has-white-color has-text-color has-large-font-size\">Varastot 13-14<\/p>\n<\/div><\/div>\n<\/div>\n<\/div>\n","protected":false},"excerpt":{"rendered":"<p>Vuokraamme edullista (1-3000m3:ta) pienvarastointi- ja s\u00e4ilytystilaa maatiloilta toistaiseksi voimassaolevin sopimuksin. Kysy lis\u00e4\u00e4, tule k\u00e4ym\u00e4\u00e4n ja katsotaan l\u00f6ydet\u00e4\u00e4nk\u00f6 tarpeita vastaavaa tilaa. Erilaisia varastoja on useita ja koot vaihtelee. Kaikki varastotilat ovat lukittuja. Alueella on kameravalvonta ja ymp\u00e4rivuorokautinen asuminen. Tiloja voidaan perus parantaa tai rakentaa seini\u00e4 riippuen vuokrasopimuksesta. Esim. rakennusliikkeiden v\u00e4livarastot, myyntivarastot, yms., v\u00e4livarastointi, muutot, muuttojen v\u00e4livarastoinnit jne. Hinnoittelu esimerkkej\u00e4: Nimike Huomiot Hinta Pienvarastot 7m2, omalla avaimella (kaikki varattu 21.11.2024) 40\u20ac\/kk +alv Varastointi yhteisk\u00e4ytt\u00f6varastoissa 5\u20ac\/m3\/kk +alv Henkil\u00f6auton rengassetti 5\u20ac\/kk +alv Matkailuauto, vene, katospaikat asfaltilla L\u00e4hialueella, kysy tilanne Moottoripy\u00f6r\u00e4t, m\u00f6nkij\u00e4t yms. 10\u20ac\/kk +alv Ulkos\u00e4ilytystasanne 5\u20ac\/kk +alv Oma isompi varasto: erillishinnoittelu tarpeista riippuen alk. 5\u20ac\/kk + alv Muu varastointi tarpeista riippuen alk. 5\u20ac\/kk +alv Kerro my\u00f6s mit\u00e4 olisit varastoimassa, niin osaamme parhaiten auttaa sopivan tilan l\u00f6ytymiseksi. Paikalle on helppo tulla ja menn\u00e4, 25-40min keh\u00e4 1\/3 -alueelle. Voimme my\u00f6s auttaa tavaran noudoissa, muutoissa ja kuljetuksissa erikseen niin sovittaessa (nokkak\u00e4rry\u00e4, pakettiautoa yms. l\u00f6ytyy). Vuokraaja vakuuttaa oman&hellip;<\/p>\n<p> <a class=\"more-link\" href=\"https:\/\/maatilasiuntiossa.fi\/?page_id=56\">Read more<\/a><\/p>\n","protected":false},"author":1,"featured_media":0,"parent":0,"menu_order":0,"comment_status":"closed","ping_status":"closed","template":"","meta":{"footnotes":""},"class_list":["post-56","page","type-page","status-publish"],"_links":{"self":[{"href":"https:\/\/maatilasiuntiossa.fi\/index.php?rest_route=\/wp\/v2\/pages\/56","targetHints":{"allow":["GET"]}}],"collection":[{"href":"https:\/\/maatilasiuntiossa.fi\/index.php?rest_route=\/wp\/v2\/pages"}],"about":[{"href":"https:\/\/maatilasiuntiossa.fi\/index.php?rest_route=\/wp\/v2\/types\/page"}],"author":[{"embeddable":true,"href":"https:\/\/maatilasiuntiossa.fi\/index.php?rest_route=\/wp\/v2\/users\/1"}],"replies":[{"embeddable":true,"href":"https:\/\/maatilasiuntiossa.fi\/index.php?rest_route=%2Fwp%2Fv2%2Fcomments&post=56"}],"version-history":[{"count":15,"href":"https:\/\/maatilasiuntiossa.fi\/index.php?rest_route=\/wp\/v2\/pages\/56\/revisions"}],"predecessor-version":[{"id":801,"href":"https:\/\/maatilasiuntiossa.fi\/index.php?rest_route=\/wp\/v2\/pages\/56\/revisions\/801"}],"wp:attachment":[{"href":"https:\/\/maatilasiuntiossa.fi\/index.php?rest_route=%2Fwp%2Fv2%2Fmedia&parent=56"}],"curies":[{"name":"wp","href":"https:\/\/api.w.org\/{rel}","templated":true}]}}