{"id":53,"date":"2022-01-23T11:31:35","date_gmt":"2022-01-23T11:31:35","guid":{"rendered":"https:\/\/maatilasiuntiossa.fi\/?page_id=53"},"modified":"2025-06-21T17:13:00","modified_gmt":"2025-06-21T17:13:00","slug":"luomumarjojen-tuotanto","status":"publish","type":"page","link":"https:\/\/maatilasiuntiossa.fi\/?page_id=53","title":{"rendered":"Marjojen tuotanto"},"content":{"rendered":"\n<h3 class=\"wp-block-heading has-text-align-center\">Maatilan p\u00e4\u00e4tuotanto keskittyy tyrnin ja hunajamarjan kasvatukseen.<\/h3>\n\n\n\n<p class=\"has-text-align-center\">Ensimm\u00e4iset tyrnit istutettiin vuonna 2019 ja vuonna 2022 tyrnist\u00e4 saatiin ensimm\u00e4inen pieni sato. Tyrni on maailman terveellisin supermarja. Marjanviljelyalaa kasvatettiin vuonna 2022 istuttamalla 2400 kpl hunajamarjan taimia, ja hunajamarja-alaa on kasvatettu vuosittain lis\u00e4\u00e4 (vuonna 2023 noin 2300 kpl istutettuja taimia ja v. 2024 2400 kpl istutettuja taimia). Marja-alaa pyrit\u00e4\u00e4n viel\u00e4 lis\u00e4\u00e4m\u00e4\u00e4n l\u00e4hivuosina.<\/p>\n\n\n\n<p class=\"has-text-align-center\"><a href=\"https:\/\/maatilasiuntiossa.fi\/?p=606\" data-type=\"URL\" data-id=\"https:\/\/maatilasiuntiossa.fi\/?p=606\">Tyrnin viljelyst\u00e4 lis\u00e4tietoja <\/a><\/p>\n\n\n\n<p class=\"has-text-align-center\"><a href=\"https:\/\/maatilasiuntiossa.fi\/?p=611\" data-type=\"URL\" data-id=\"https:\/\/maatilasiuntiossa.fi\/?p=611\">Hunajamarjan viljelyst\u00e4 lis\u00e4tietoja<\/a><\/p>\n\n\n\n<p class=\"has-text-align-center\">Hunajamarja (viralliselta nimelt\u00e4\u00e4n Haskap) on supermarja tyrnin ohella, mutta monelle viel\u00e4 tuntemattomampi tuttavuus. Hunajamarja on sininen hiukan mustikkaa ulkomuodoltaan muistuttava, mutta pitkulainen herkkumarja, joka soveltuu l\u00e4hes kaikenlaiseen k\u00e4ytt\u00f6\u00f6n. T\u00e4ll\u00e4 hetkell\u00e4 suurin osa Suomen hunajamarjatuotannosta menee ulkomaan vientiin. Tulevina vuosina marja l\u00f6ytyy my\u00f6s suomalaisten ruokakauppojen hyllyilt\u00e4.<\/p>\n\n\n\n<p class=\"has-text-align-center\">Jos olet kiinnostunut 2025 vuoden tyrni- tai hunajamarjasadosta, niin seuraathan nettisivujamme tai sosiaalisen median tilej\u00e4mme (Instagram: @maatilasiuntiossa, Facebook: Maatilasiuntiossa), joihin p\u00e4ivit\u00e4mme kes\u00e4n marjatilannetta. Hunajamarjojen itsepoiminta alkaa kes\u00e4kuun loppupuolella ja tyrnien itsepoiminta elokuun loppupuolella (tai viimeist\u00e4\u00e4n kun marjat ovat kypsyneet).<\/p>\n\n\n\n<p class=\"has-text-align-center\"><\/p>\n\n\n\n<p><\/p>\n\n\n\n<div class=\"wp-block-buttons is-content-justification-center is-layout-flex wp-container-core-buttons-is-layout-16018d1d wp-block-buttons-is-layout-flex\">\n<div class=\"wp-block-button\"><a class=\"wp-block-button__link wp-element-button\" href=\"https:\/\/maatilasiuntiossa.fi\/?page_id=90\">J\u00e4t\u00e4 yhteystietosi t\u00e4st\u00e4 <\/a><\/div>\n<\/div>\n\n\n\n<p><\/p>\n","protected":false},"excerpt":{"rendered":"<p>Maatilan p\u00e4\u00e4tuotanto keskittyy tyrnin ja hunajamarjan kasvatukseen. Ensimm\u00e4iset tyrnit istutettiin vuonna 2019 ja vuonna 2022 tyrnist\u00e4 saatiin ensimm\u00e4inen pieni sato. Tyrni on maailman terveellisin supermarja. Marjanviljelyalaa kasvatettiin vuonna 2022 istuttamalla 2400 kpl hunajamarjan taimia, ja hunajamarja-alaa on kasvatettu vuosittain lis\u00e4\u00e4 (vuonna 2023 noin 2300 kpl istutettuja taimia ja v. 2024 2400 kpl istutettuja taimia). Marja-alaa pyrit\u00e4\u00e4n viel\u00e4 lis\u00e4\u00e4m\u00e4\u00e4n l\u00e4hivuosina. Tyrnin viljelyst\u00e4 lis\u00e4tietoja Hunajamarjan viljelyst\u00e4 lis\u00e4tietoja Hunajamarja (viralliselta nimelt\u00e4\u00e4n Haskap) on supermarja tyrnin ohella, mutta monelle viel\u00e4 tuntemattomampi tuttavuus. Hunajamarja on sininen hiukan mustikkaa ulkomuodoltaan muistuttava, mutta pitkulainen herkkumarja, joka soveltuu l\u00e4hes kaikenlaiseen k\u00e4ytt\u00f6\u00f6n. T\u00e4ll\u00e4 hetkell\u00e4 suurin osa Suomen hunajamarjatuotannosta menee ulkomaan vientiin. Tulevina vuosina marja l\u00f6ytyy my\u00f6s suomalaisten ruokakauppojen hyllyilt\u00e4. Jos olet kiinnostunut 2025 vuoden tyrni- tai hunajamarjasadosta, niin seuraathan nettisivujamme tai sosiaalisen median tilej\u00e4mme (Instagram: @maatilasiuntiossa, Facebook: Maatilasiuntiossa), joihin p\u00e4ivit\u00e4mme kes\u00e4n marjatilannetta. Hunajamarjojen itsepoiminta alkaa kes\u00e4kuun loppupuolella ja tyrnien itsepoiminta elokuun loppupuolella (tai viimeist\u00e4\u00e4n kun marjat ovat kypsyneet).<\/p>\n","protected":false},"author":1,"featured_media":0,"parent":0,"menu_order":0,"comment_status":"closed","ping_status":"closed","template":"","meta":{"footnotes":""},"class_list":["post-53","page","type-page","status-publish"],"_links":{"self":[{"href":"https:\/\/maatilasiuntiossa.fi\/index.php?rest_route=\/wp\/v2\/pages\/53","targetHints":{"allow":["GET"]}}],"collection":[{"href":"https:\/\/maatilasiuntiossa.fi\/index.php?rest_route=\/wp\/v2\/pages"}],"about":[{"href":"https:\/\/maatilasiuntiossa.fi\/index.php?rest_route=\/wp\/v2\/types\/page"}],"author":[{"embeddable":true,"href":"https:\/\/maatilasiuntiossa.fi\/index.php?rest_route=\/wp\/v2\/users\/1"}],"replies":[{"embeddable":true,"href":"https:\/\/maatilasiuntiossa.fi\/index.php?rest_route=%2Fwp%2Fv2%2Fcomments&post=53"}],"version-history":[{"count":13,"href":"https:\/\/maatilasiuntiossa.fi\/index.php?rest_route=\/wp\/v2\/pages\/53\/revisions"}],"predecessor-version":[{"id":1243,"href":"https:\/\/maatilasiuntiossa.fi\/index.php?rest_route=\/wp\/v2\/pages\/53\/revisions\/1243"}],"wp:attachment":[{"href":"https:\/\/maatilasiuntiossa.fi\/index.php?rest_route=%2Fwp%2Fv2%2Fmedia&parent=53"}],"curies":[{"name":"wp","href":"https:\/\/api.w.org\/{rel}","templated":true}]}}