{"id":50,"date":"2022-01-23T11:24:26","date_gmt":"2022-01-23T11:24:26","guid":{"rendered":"https:\/\/maatilasiuntiossa.fi\/?page_id=50"},"modified":"2023-04-02T19:34:52","modified_gmt":"2023-04-02T19:34:52","slug":"maatilan-historiaa","status":"publish","type":"page","link":"https:\/\/maatilasiuntiossa.fi\/?page_id=50","title":{"rendered":"Maatilan historiaa"},"content":{"rendered":"\n<h3 class=\"has-text-align-center wp-block-heading\">Pientilamme sijaitsee Siuntion kirkonkyl\u00e4n l\u00e4hell\u00e4 Suitiaksi kutsutulla alueella. <\/h3>\n\n\n\n<p class=\"has-text-align-center\">Alueella on rikas historia ja naapurissa sijaitsee ennen aatelisten asuttama Suitian kartano ja maatilakeskus joka k\u00e4sitt\u00e4\u00e4 edelleen useita kymmeni\u00e4 rakennuksia. Suitian Kartano on ehdottomasti tutustumisen arvoinen n\u00e4ht\u00e4vyys Siuntiossa. Suitian kartano on my\u00f6s nykyisin vuokrattavissa yksityistilaisuuksiin. <\/p>\n\n\n\n<p class=\"has-text-align-center\">Oma maatilamme, eli nykyinen Itanin tila on ollut aikanaan osa Suitiaa ja my\u00f6hemmin tilan karjanavetta on ollut Helsingin yliopiston koetilana (mullinavetta). Nykyisell\u00e4\u00e4n harkkorakenteiseen karjanavettaan on haettu muutosluvat tuotanto-ja tehdastilaksi.\u00a0<\/p>\n\n\n\n<p class=\"has-text-align-center\">Maatilamme sijaitsee kauniiden kallioiden ymp\u00e4r\u00f6im\u00e4ss\u00e4 peltomaisemassa. Maaper\u00e4lt\u00e4\u00e4n osa tilasta on hiekkaa ja marjanviljelyyn otettu pelto on hietamoreenia. Alueen viljely ulottuu kauas historiaan.<\/p>\n\n\n\n<p class=\"has-text-align-center\">Maatilamme on aiemmin tunnettu nimell\u00e4 Sivola, jonka osalta Suitian rakennushistoriallisesta selvityksest\u00e4 on l\u00f6ytynyt jonkin verran tietoa, johonka on my\u00f6hemmin saatu tarkennusta. Sivola on ollut alkuper\u00e4isten asukkaiden hallinnassa n. 40-luvulta, 70\/80-luvun vaihteeseen. Vuonna 1949 valmistui ensin keitti\u00f6n ja huoneen kokoinen hirsinen asuinrakennus (nyk. pihasauna) ja samoihin aikoihin navettarakennus (nyk. varasto). Vaihtokaupassa tila saatiin takaisin valtiolle ja osaksi Suitian tilaa. Nykyinen p\u00e4\u00e4rakennus rakennettiin 1950-luvun alussa. Tilaa t\u00e4ydennettiin vuonna 1961 rakennetulla kellarivarastolla ja 1971 rakennettiin uusi mullinavetta (nyk. tuotanto-ja\u00a0 tehdastila).<\/p>\n\n\n\n<p class=\"has-text-align-center\">Rakennukset sijoittuvat per\u00e4kk\u00e4in pellon ja ajotien v\u00e4liselle alueelle ja rakennukset eiv\u00e4t muodosta n\u00e4in ollen varsinaista pihapiiri\u00e4. Vanhimmat rakennukset on sijoitetttu rinnem\u00e4isen tontin alaosaan, my\u00f6hemmin rakennettu ja uusi navetta rinteen yl\u00e4puolelle. Sivolan erottaa muusta Suitian alueesta Suitiantie. Suitiantien uusi v\u00e4yl\u00e4 on rakennettu 1980-luvun alussa. Pelloilla mit\u00e4 ihastuttaa joka p\u00e4iv\u00e4 runsaslukuinen m\u00e4\u00e4r\u00e4 valkoh\u00e4nt\u00e4- ja tai kuusipeuroja. Monesti my\u00f6s hirvi\u00e4 ja muita mets\u00e4n el\u00e4imi\u00e4 n\u00e4ytt\u00e4ytyy aamuvarhain tai illan pimetess\u00e4. <\/p>\n\n\n\n<div class=\"wp-block-image is-style-rounded\"><figure class=\"aligncenter size-large is-resized\"><img loading=\"lazy\" decoding=\"async\" src=\"https:\/\/maatilasiuntiossa.fi\/wp-content\/uploads\/2022\/01\/peurat-pellolla-1024x683.jpg\" alt=\"\" class=\"wp-image-21\" width=\"419\" height=\"279\" srcset=\"https:\/\/maatilasiuntiossa.fi\/wp-content\/uploads\/2022\/01\/peurat-pellolla-1024x683.jpg 1024w, https:\/\/maatilasiuntiossa.fi\/wp-content\/uploads\/2022\/01\/peurat-pellolla-300x200.jpg 300w, https:\/\/maatilasiuntiossa.fi\/wp-content\/uploads\/2022\/01\/peurat-pellolla-768x512.jpg 768w, https:\/\/maatilasiuntiossa.fi\/wp-content\/uploads\/2022\/01\/peurat-pellolla-1536x1024.jpg 1536w, https:\/\/maatilasiuntiossa.fi\/wp-content\/uploads\/2022\/01\/peurat-pellolla-2048x1365.jpg 2048w, https:\/\/maatilasiuntiossa.fi\/wp-content\/uploads\/2022\/01\/peurat-pellolla-1568x1045.jpg 1568w\" sizes=\"auto, (max-width: 419px) 100vw, 419px\" \/><\/figure><\/div>\n","protected":false},"excerpt":{"rendered":"<p>Pientilamme sijaitsee Siuntion kirkonkyl\u00e4n l\u00e4hell\u00e4 Suitiaksi kutsutulla alueella. Alueella on rikas historia ja naapurissa sijaitsee ennen aatelisten asuttama Suitian kartano ja maatilakeskus joka k\u00e4sitt\u00e4\u00e4 edelleen useita kymmeni\u00e4 rakennuksia. Suitian Kartano on ehdottomasti tutustumisen arvoinen n\u00e4ht\u00e4vyys Siuntiossa. Suitian kartano on my\u00f6s nykyisin vuokrattavissa yksityistilaisuuksiin. Oma maatilamme, eli nykyinen Itanin tila on ollut aikanaan osa Suitiaa ja my\u00f6hemmin tilan karjanavetta on ollut Helsingin yliopiston koetilana (mullinavetta). Nykyisell\u00e4\u00e4n harkkorakenteiseen karjanavettaan on haettu muutosluvat tuotanto-ja tehdastilaksi.\u00a0 Maatilamme sijaitsee kauniiden kallioiden ymp\u00e4r\u00f6im\u00e4ss\u00e4 peltomaisemassa. Maaper\u00e4lt\u00e4\u00e4n osa tilasta on hiekkaa ja marjanviljelyyn otettu pelto on hietamoreenia. Alueen viljely ulottuu kauas historiaan. Maatilamme on aiemmin tunnettu nimell\u00e4 Sivola, jonka osalta Suitian rakennushistoriallisesta selvityksest\u00e4 on l\u00f6ytynyt jonkin verran tietoa, johonka on my\u00f6hemmin saatu tarkennusta. Sivola on ollut alkuper\u00e4isten asukkaiden hallinnassa n. 40-luvulta, 70\/80-luvun vaihteeseen. Vuonna 1949 valmistui ensin keitti\u00f6n ja huoneen kokoinen hirsinen asuinrakennus (nyk. pihasauna) ja samoihin aikoihin navettarakennus (nyk. varasto). Vaihtokaupassa tila saatiin takaisin valtiolle ja osaksi&hellip;<\/p>\n<p> <a class=\"more-link\" href=\"https:\/\/maatilasiuntiossa.fi\/?page_id=50\">Read more<\/a><\/p>\n","protected":false},"author":1,"featured_media":0,"parent":0,"menu_order":0,"comment_status":"closed","ping_status":"closed","template":"","meta":{"footnotes":""},"class_list":["post-50","page","type-page","status-publish"],"_links":{"self":[{"href":"https:\/\/maatilasiuntiossa.fi\/index.php?rest_route=\/wp\/v2\/pages\/50","targetHints":{"allow":["GET"]}}],"collection":[{"href":"https:\/\/maatilasiuntiossa.fi\/index.php?rest_route=\/wp\/v2\/pages"}],"about":[{"href":"https:\/\/maatilasiuntiossa.fi\/index.php?rest_route=\/wp\/v2\/types\/page"}],"author":[{"embeddable":true,"href":"https:\/\/maatilasiuntiossa.fi\/index.php?rest_route=\/wp\/v2\/users\/1"}],"replies":[{"embeddable":true,"href":"https:\/\/maatilasiuntiossa.fi\/index.php?rest_route=%2Fwp%2Fv2%2Fcomments&post=50"}],"version-history":[{"count":10,"href":"https:\/\/maatilasiuntiossa.fi\/index.php?rest_route=\/wp\/v2\/pages\/50\/revisions"}],"predecessor-version":[{"id":555,"href":"https:\/\/maatilasiuntiossa.fi\/index.php?rest_route=\/wp\/v2\/pages\/50\/revisions\/555"}],"wp:attachment":[{"href":"https:\/\/maatilasiuntiossa.fi\/index.php?rest_route=%2Fwp%2Fv2%2Fmedia&parent=50"}],"curies":[{"name":"wp","href":"https:\/\/api.w.org\/{rel}","templated":true}]}}