{"id":475,"date":"2023-04-02T14:16:17","date_gmt":"2023-04-02T14:16:17","guid":{"rendered":"https:\/\/maatilasiuntiossa.fi\/?page_id=475"},"modified":"2026-04-27T07:09:18","modified_gmt":"2026-04-27T07:09:18","slug":"rakennus-ja-saneeraus","status":"publish","type":"page","link":"https:\/\/maatilasiuntiossa.fi\/?page_id=475","title":{"rendered":"Rakennusty\u00f6t"},"content":{"rendered":"\n<div class=\"wp-block-columns is-layout-flex wp-container-core-columns-is-layout-9d6595d7 wp-block-columns-is-layout-flex\">\n<div class=\"wp-block-column is-layout-flow wp-block-column-is-layout-flow\">\n<h2 class=\"wp-block-heading has-text-align-center\">Rakennusalan osaajia rakentamisen ja saneeraamisen teht\u00e4viin.<\/h2>\n\n\n\n<p class=\"has-text-align-center\">Olemme oheistoimintana tehneet laajasti toimialaan liittyvi\u00e4 t\u00f6it\u00e4 yli 20 vuoden kokemuksella ja tulevien vuosien aikana pyrimme kasvattamaan rakennus-ja saneerauspuolta kohtuudella. Toimintafilosofiamme on, ett\u00e4 kokoamme tarvittavan rakennusryhm\u00e4n verkostostamme projektillesi ja vastaamme projektin valmistumisesta. Valmiudet on ottaa vuodessa vain rajattu m\u00e4\u00e4r\u00e4 lis\u00e4\u00e4 asiakkaita. Korjataan ja rakennetaan tuntihinnalla, kasataan ja pystytet\u00e4\u00e4n pienrakennukset. Tehd\u00e4\u00e4n terassit ja patiot suunnitelmien mukaan. Rakennetaan ja korjataan aidat. Puretaan vanhat. Asennetaan laminaatit ja maalataan sein\u00e4t. Tehd\u00e4\u00e4n kylpyhuoneremontti. Puretaan ja korjataan vanhaa.<\/p>\n<\/div>\n<\/div>\n\n\n\n<div class=\"alignnormal\"><div id=\"metaslider-id-1154\" style=\"width: 100%;\" class=\"ml-slider-3-108-0 metaslider metaslider-flex metaslider-1154 ml-slider has-dots-nav ms-theme-default-base\" role=\"region\" aria-label=\"Rakennusty\u00f6t\" data-height=\"300\" data-width=\"700\">\n    <div id=\"metaslider_container_1154\">\n        <div id=\"metaslider_1154\">\n            <ul class='slides'>\n                <li style=\"display: block; width: 100%;\" class=\"slide-1155 ms-image \" aria-roledescription=\"slide\" data-date=\"2024-11-22 14:05:13\" data-filename=\"IMG_5392-640x274.jpg\" data-slide-type=\"image\"><img loading=\"lazy\" decoding=\"async\" src=\"https:\/\/maatilasiuntiossa.fi\/wp-content\/uploads\/2024\/11\/IMG_5392-640x274.jpg\" height=\"300\" width=\"700\" alt=\"Viherrakentaminen, nurmikon istutus, terassinrakentaminen ty\u00f6t ja asennuspalvelut, siuntio, kirkkonummi, lohja, inkoo, espoo\" class=\"slider-1154 slide-1155 msDefaultImage\" title=\"Terassi\" \/><div class=\"caption-wrap\"><div class=\"caption\">Terassin porrasty\u00f6t<\/div><\/div><\/li>\n                <li style=\"display: none; width: 100%;\" class=\"slide-1156 ms-image \" aria-roledescription=\"slide\" data-date=\"2024-11-22 14:06:02\" data-filename=\"IMG_7654-rotated-480x205.jpg\" data-slide-type=\"image\"><img loading=\"lazy\" decoding=\"async\" src=\"https:\/\/maatilasiuntiossa.fi\/wp-content\/uploads\/2024\/11\/IMG_7654-rotated-480x205.jpg\" height=\"300\" width=\"700\" alt=\"Maalausty\u00f6t siuntio\" class=\"slider-1154 slide-1156 msDefaultImage\" title=\"Maalaukset my\u00f6s talviaikaan omassa hallissa\" \/><div class=\"caption-wrap\"><div class=\"caption\"><div>Maalaukset my\u00f6s talviaikaan omassa hallissa<\/div><\/div><\/div><\/li>\n                <li style=\"display: none; width: 100%;\" class=\"slide-1158 ms-image \" aria-roledescription=\"slide\" data-date=\"2024-11-22 14:07:31\" data-filename=\"IMG_3905-rotated-480x205.jpg\" data-slide-type=\"image\"><img loading=\"lazy\" decoding=\"async\" src=\"https:\/\/maatilasiuntiossa.fi\/wp-content\/uploads\/2024\/11\/IMG_3905-rotated-480x205.jpg\" height=\"300\" width=\"700\" alt=\"Julkisivun lis\u00e4eristys ty\u00f6t, Siuntio, Lohja, Kirkkonummi, Espoo, Inkoo\" class=\"slider-1154 slide-1158 msDefaultImage\" title=\"Lis\u00e4eristys ja ulkoverhousty\u00f6t\" \/><div class=\"caption-wrap\"><div class=\"caption\">Lis\u00e4eristys ja ulkoverhousty\u00f6t<\/div><\/div><\/li>\n                <li style=\"display: none; width: 100%;\" class=\"slide-1159 ms-image \" aria-roledescription=\"slide\" data-date=\"2024-11-22 14:08:21\" data-filename=\"IMG_2821-rotated-480x205.jpg\" data-slide-type=\"image\"><img loading=\"lazy\" decoding=\"async\" src=\"https:\/\/maatilasiuntiossa.fi\/wp-content\/uploads\/2024\/11\/IMG_2821-rotated-480x205.jpg\" height=\"300\" width=\"700\" alt=\"Ikkunoiden asennusty\u00f6 ja asennusty\u00f6t, Siuntio, Kirkkonummi, Inkoo, Lohja, Espoo\" class=\"slider-1154 slide-1159 msDefaultImage\" title=\"ikkuna-asennus\" \/><div class=\"caption-wrap\"><div class=\"caption\">Ikkuna-ja oviasennukset<\/div><\/div><\/li>\n                <li style=\"display: none; width: 100%;\" class=\"slide-1160 ms-image \" aria-roledescription=\"slide\" data-date=\"2024-11-22 14:09:10\" data-filename=\"IMG_1345-rotated-480x205.jpg\" data-slide-type=\"image\"><img loading=\"lazy\" decoding=\"async\" src=\"https:\/\/maatilasiuntiossa.fi\/wp-content\/uploads\/2024\/11\/IMG_1345-rotated-480x205.jpg\" height=\"300\" width=\"700\" alt=\"Kivivilla eristysty\u00f6t, Kivivillan asennusty\u00f6t, sis\u00e4katon koolaus, Siuntio, Inkoo, Kirkkonummi, Lohja, Espoo\" class=\"slider-1154 slide-1160 msDefaultImage\" title=\"Eristysty\u00f6t\" \/><div class=\"caption-wrap\"><div class=\"caption\">Eristysty\u00f6t, h\u00f6yryn- ja ilmansulut, rimoitukset ja paneloinnit<\/div><\/div><\/li>\n                <li style=\"display: none; width: 100%;\" class=\"slide-1161 ms-image \" aria-roledescription=\"slide\" data-date=\"2024-11-22 14:09:59\" data-filename=\"IMG_1067-rotated-480x205.jpg\" data-slide-type=\"image\"><img loading=\"lazy\" decoding=\"async\" src=\"https:\/\/maatilasiuntiossa.fi\/wp-content\/uploads\/2024\/11\/IMG_1067-rotated-480x205.jpg\" height=\"300\" width=\"700\" alt=\"FF-Pir, Finnfoam asennus, eristeiden asentaminen, Siuntio, Kirkkonummi, Lohja, Espoo, Inkoo\" class=\"slider-1154 slide-1161 msDefaultImage\" title=\"Vinttilan eristys Finnfoam FF-pir\" \/><div class=\"caption-wrap\"><div class=\"caption\">Vinttitilan eristys Finnfoam FF-pir eristeell\u00e4<\/div><\/div><\/li>\n                <li style=\"display: none; width: 100%;\" class=\"slide-1162 ms-image \" aria-roledescription=\"slide\" data-date=\"2024-11-22 14:10:31\" data-filename=\"FAF91B6F-DAFB-465C-B24C-BFE98D01388F-rotated-360x154.jpg\" data-slide-type=\"image\"><img loading=\"lazy\" decoding=\"async\" src=\"https:\/\/maatilasiuntiossa.fi\/wp-content\/uploads\/2024\/11\/FAF91B6F-DAFB-465C-B24C-BFE98D01388F-rotated-360x154.jpg\" height=\"300\" width=\"700\" alt=\"Laatoitusty\u00f6, Laatoituksen asentamisty\u00f6, Siuntio, Lohja, Kirkkomummi, Espoo, Inkoo\" class=\"slider-1154 slide-1162 msDefaultImage\" title=\"Laatoitusty\u00f6t\" \/><div class=\"caption-wrap\"><div class=\"caption\"><div>Pienet ja isommat kylpyhuone ja vessa remontit<\/div><\/div><\/div><\/li>\n                <li style=\"display: none; width: 100%;\" class=\"slide-1163 ms-image \" aria-roledescription=\"slide\" data-date=\"2024-11-22 14:12:37\" data-filename=\"IMG_2125-rotated-480x205.jpg\" data-slide-type=\"image\"><img loading=\"lazy\" decoding=\"async\" src=\"https:\/\/maatilasiuntiossa.fi\/wp-content\/uploads\/2024\/11\/IMG_2125-rotated-480x205.jpg\" height=\"300\" width=\"700\" alt=\"T\u00e4ryl\u00e4tk\u00e4, Dynapac 70kg, pohjaty\u00f6t, rakennuspalvelut, maapohjan tasaus, katkosepeli\" class=\"slider-1154 slide-1163 msDefaultImage\" title=\"Pohjaty\u00f6t\" \/><div class=\"caption-wrap\"><div class=\"caption\">Pohja- ja t\u00e4ytt\u00f6ty\u00f6t uudis- ja korjauskohteissa.<\/div><\/div><\/li>\n                <li style=\"display: none; width: 100%;\" class=\"slide-1164 ms-image \" aria-roledescription=\"slide\" data-date=\"2024-11-22 14:13:24\" data-filename=\"IMG_9202-rotated-480x205.jpg\" data-slide-type=\"image\"><img loading=\"lazy\" decoding=\"async\" src=\"https:\/\/maatilasiuntiossa.fi\/wp-content\/uploads\/2024\/11\/IMG_9202-rotated-480x205.jpg\" height=\"300\" width=\"700\" alt=\"Umpis\u00e4ili\u00f6n asennus, maanrakennus, j\u00e4tevesikaivon asennus, maankaivuu, Siuntio, Kirkkonummi, Espoo, Lohja, Inkoo\" class=\"slider-1154 slide-1164 msDefaultImage\" title=\"Umpis\u00e4ili\u00f6\" \/><div class=\"caption-wrap\"><div class=\"caption\">Umpis\u00e4ili\u00f6 ja pienpuhdistamo asennukset<\/div><\/div><\/li>\n                <li style=\"display: none; width: 100%;\" class=\"slide-1165 ms-image \" aria-roledescription=\"slide\" data-date=\"2024-11-22 14:14:07\" data-filename=\"IMG_5937-480x205.jpg\" data-slide-type=\"image\"><img loading=\"lazy\" decoding=\"async\" src=\"https:\/\/maatilasiuntiossa.fi\/wp-content\/uploads\/2024\/11\/IMG_5937-480x205.jpg\" height=\"300\" width=\"700\" alt=\"Yhteis\u00f6jen ja taloyhti\u00f6iden palvelut, esteett\u00f6myys, py\u00f6r\u00e4tuolirampit, liikuntaesteiden poistaminen, liikuntaesteiden huomioiminen, rakennuspalvelut, sote, Siuntio, Lohja, Kirkkonummi, Espoo\" class=\"slider-1154 slide-1165 msDefaultImage\" title=\"Raput\" \/><div class=\"caption-wrap\"><div class=\"caption\">Kulkusillat ja rampit liikuntarajoitteisille asiakkaille ja julkisiin kohteisiin<\/div><\/div><\/li>\n                <li style=\"display: none; width: 100%;\" class=\"slide-1166 ms-image \" aria-roledescription=\"slide\" data-date=\"2024-11-22 14:15:02\" data-filename=\"IMG_0836-rotated-480x205.jpg\" data-slide-type=\"image\"><img loading=\"lazy\" decoding=\"async\" src=\"https:\/\/maatilasiuntiossa.fi\/wp-content\/uploads\/2024\/11\/IMG_0836-rotated-480x205.jpg\" height=\"300\" width=\"700\" alt=\"Sokkelin lis\u00e4eristys, maankaivuu, Siuntio, Inkoo, Kirkkonummi, Lohja, Espoo\" class=\"slider-1154 slide-1166 msDefaultImage\" title=\"Salaojaurakat\" \/><div class=\"caption-wrap\"><div class=\"caption\"><div>Salaojaurakat ja sokkeleiden lis\u00e4eristykset yhteisty\u00f6ss\u00e4 paikallisten kaivinkoneenkuljettajien kanssa<\/div><\/div><\/div><\/li>\n                <li style=\"display: none; width: 100%;\" class=\"slide-1167 ms-image \" aria-roledescription=\"slide\" data-date=\"2024-11-22 14:17:01\" data-filename=\"IMG_5188-rotated-480x205.jpg\" data-slide-type=\"image\"><img loading=\"lazy\" decoding=\"async\" src=\"https:\/\/maatilasiuntiossa.fi\/wp-content\/uploads\/2024\/11\/IMG_5188-rotated-480x205.jpg\" height=\"300\" width=\"700\" alt=\"Rakennuselementtity\u00f6t, pienrakennuselementit, sein\u00e4elementit, Siuntio, Lohja, Kirkkonummi, Espoo, Inkoo\" class=\"slider-1154 slide-1167 msDefaultImage\" title=\"Elementit\" \/><div class=\"caption-wrap\"><div class=\"caption\"><div>Olemme olleet mukana monessa pienemm\u00e4ss\u00e4 ja isommassa rakennusprojektissa. Omassa hallissamme valmistuu my\u00f6s erilaiset sein\u00e4elementit l\u00e4pi vuoden.<\/div><\/div><\/div><\/li>\n            <\/ul>\n        <\/div>\n        \n    <\/div>\n<\/div><\/div>\n\n\n\n<h3 class=\"wp-block-heading has-text-align-center\">K\u00e4ytett\u00e4viss\u00e4 1-8 henkil\u00f6ty\u00f6vuotta, sesongista riippuen.<\/h3>\n\n\n\n<p class=\"has-text-align-center\">Ty\u00f6ntekij\u00f6ill\u00e4 on laaja kokemus my\u00f6s saunojen rakentamisesta ja erilaisten valmiiden piharakennuspakettien pystytt\u00e4misest\u00e4 kevyt-perustuksiin. Olemme keskittyneet pienempiin rakennusprojekteihin mihin yleisesti ottaen asiakkailla on ollut vaikea l\u00f6yt\u00e4\u00e4 tekij\u00f6it\u00e4. Monet verkostomme ty\u00f6ntekij\u00e4t ehtiv\u00e4t tehd\u00e4 lis\u00e4t\u00f6in\u00e4 juuri n\u00e4it\u00e4 pienempi\u00e4 remontteja ja yrityksemme toimii pienremontissa varsinaisena pienurakoitsijana asiakkaan suuntaan.<\/p>\n\n\n\n<blockquote class=\"wp-block-quote is-layout-flow wp-block-quote-is-layout-flow\">\n<p class=\"has-text-align-center\"><strong>Kaikista tekemist\u00e4mme t\u00f6ist\u00e4 saat yksityishenkil\u00f6n\u00e4 60%:tin* kotitalousv\u00e4hennyksen<\/strong><\/p>\n<\/blockquote>\n\n\n\n<h3 class=\"wp-block-heading has-text-align-center\">Ty\u00f6maap\u00e4\u00e4llik\u00f6ll\u00e4 on aina rakennusalan tutkinto ja tarvittavat ty\u00f6turvallisuus, tulity\u00f6,- ja s\u00e4hk\u00f6turvallisuuskortit voimassa.<\/h3>\n\n\n\n<p class=\"has-text-align-center\">Rakennus- tai toimenpidelupaa vaativissa projekteissa ja muissa asiantuntijateht\u00e4viss\u00e4 meid\u00e4n kautta l\u00f6ytyy tarvittaessa yhteystietoja rakennuspiirt\u00e4j\u00e4lle, arkkitehdille, lvi-ja s\u00e4hk\u00f6suunnittelijalle ja vastaaville ty\u00f6njohtajille ja t\u00e4yt\u00e4mme lupapisteeseen hakemuksesi.<\/p>\n\n\n\n<h3 class=\"wp-block-heading has-text-align-center\">K\u00e4ytett\u00e4viss\u00e4 maatilan oma laaja <a href=\"https:\/\/maatilasiuntiossa.fi\/?page_id=203\" data-type=\"page\" data-id=\"203\">rakentamisen kalusto<\/a>, jota my\u00f6s vuokraamme<\/h3>\n\n\n\n<p class=\"has-text-align-center\">Toimimme 90-prosenttisesti omilla ty\u00f6koneilla. Harvoin tarvittavan erikoiskaluston, mekin kyll\u00e4 vuokraamme. Rakennusmateriaalit voit hankkia itse tai hankimme ne puolestasi.<\/p>\n\n\n\n<h3 class=\"wp-block-heading has-text-align-center\">Saat t\u00e4sm\u00e4lleen haluamasi tulokset<\/h3>\n\n\n\n<p class=\"has-text-align-center\">Vastaamme siit\u00e4, ett\u00e4 toiveitasi ja tavoitteitasi kuunnellaan herk\u00e4ll\u00e4 korvalla.<\/p>\n\n\n\n<h3 class=\"wp-block-heading has-text-align-center\">Keskeiset vahvuutemme on yhdistelm\u00e4 seuraavista:<\/h3>\n\n\n\n<p class=\"has-text-align-center\">Pitk\u00e4\u00e4n yhdess\u00e4 toiminut tiimi rakentamisen yksinyritt\u00e4ji\u00e4, Testatut yhteisty\u00f6kumppanit, rajattu m\u00e4\u00e4r\u00e4 valikoituja projekteja vuodessa ja oma laaja kalusto, tilaajavastuulain mukaiset velvoitteet ja vastuuvakuutus, yksinkertainen hinnoittelu ja sopimus, rajattu toimialue, hyv\u00e4 vastuunkantokyky, 140t\u20ac osakep\u00e4\u00e4oma.<\/p>\n\n\n\n<h3 class=\"wp-block-heading has-text-align-center\">Hinnoittelupolitiikka:<\/h3>\n\n\n\n<p class=\"has-text-align-center\">Yksinkertainen ja selke\u00e4 hinnoittelu. Annamme sinulle tuntihinnan urakan vaativuudesta ja tarvittavista resursseista riippuen<strong> tai urakkahinnan.<\/strong> Kaikki ty\u00f6mme yksityisille asiakkaille on <strong>kotitalousv\u00e4hennyskelpoista, jolla voi olla suuri positiivinen vaikutus sinulle.<\/strong><\/p>\n\n\n\n<h3 class=\"wp-block-heading has-text-align-center\">Tyytyv\u00e4isyystakuu<\/h3>\n\n\n\n<p class=\"has-text-align-center\">Kun lupaudumme yhdess\u00e4 suunniteltuun projektiin tai ty\u00f6teht\u00e4v\u00e4\u00e4n, niin toteutamme sen sovitussa aikataulussa. N\u00e4yt\u00e4mme mielell\u00e4\u00e4n kuvia referenssikohteista, joissa olemme olleet mukana vuosien varrella. <strong>Toimialue: Lohja, Kirkkonummi, Siuntio, Espoo<\/strong><\/p>\n\n\n\n<div class=\"wp-block-buttons is-content-justification-center is-layout-flex wp-container-core-buttons-is-layout-16018d1d wp-block-buttons-is-layout-flex\">\n<div class=\"wp-block-button\"><a class=\"wp-block-button__link has-text-align-center wp-element-button\" href=\"https:\/\/maatilasiuntiossa.fi\/?page_id=23\">Tilaa rakennuspalveluita<\/a><\/div>\n<\/div>\n\n\n\n<h3 class=\"wp-block-heading has-text-align-center\">Lue lis\u00e4\u00e4<\/h3>\n\n\n\n<p class=\"has-text-align-center\"><a href=\"https:\/\/maatilasiuntiossa.fi\/?p=561\" data-type=\"post\" data-id=\"561\">Rakennuspalvelut<\/a><\/p>\n\n\n\n<p class=\"has-text-align-center\"><a href=\"https:\/\/maatilasiuntiossa.fi\/?p=1215\" data-type=\"post\" data-id=\"1215\">Asbestipurku<\/a><\/p>\n\n\n\n<p class=\"has-text-align-center\"><a href=\"https:\/\/maatilasiuntiossa.fi\/?p=566\" data-type=\"URL\" data-id=\"https:\/\/maatilasiuntiossa.fi\/?p=566\">Terassin rakentaminen<\/a><\/p>\n\n\n\n<p class=\"has-text-align-center\"><a href=\"https:\/\/maatilasiuntiossa.fi\/?p=603\" data-type=\"URL\" data-id=\"https:\/\/maatilasiuntiossa.fi\/?p=603\">Kest\u00e4v\u00e4n aidan rakentaminen<\/a><\/p>\n\n\n\n<p class=\"has-text-align-center\"><a href=\"https:\/\/maatilasiuntiossa.fi\/?page_id=743\" data-type=\"page\" data-id=\"743\">Purkuty\u00f6t ja purku-urakointi<\/a><\/p>\n\n\n<pre class=\"ti-widget\"><template id=\"trustindex-google-widget-html\"><div class=\" ti-widget  ti-goog ti-review-text-mode-readmore ti-text-align-left\" data-no-translation=\"true\" data-time-locale=\"%d %s sitten|t\u00e4n\u00e4\u00e4n|p\u00e4iv\u00e4|p\u00e4iv\u00e4\u00e4|viikko|viikkoa|kuukausi|kuukautta|vuosi|vuotta\" data-plugin-version=\"13.2.9\" data-layout-id=\"97\" data-layout-category=\"badge, top-rated-badge\" data-set-id=\"light-background\" data-pid=\"\" data-language=\"fi\" data-close-locale=\"Kiinni\" data-css-version=\"2\" data-size=\"1\"> <div class=\"ti-widget-container\"> <div class=\"ti-header source-Google\"> <div class=\"ti-profile-details\"> <div class=\"ti-large-logo\"> <div class=\"ti-v-center\"> <trustindex-image class=\"ti-logo-fb\" data-imgurl=\"https:\/\/cdn.trustindex.io\/assets\/platform\/Google\/logo.svg\" width=\"150\" height=\"25\" loading=\"lazy\" alt=\"Google\"><\/trustindex-image> <\/div> <\/div> <div class=\"ti-stars\"><trustindex-image class=\"ti-star\" data-imgurl=\"https:\/\/cdn.trustindex.io\/assets\/platform\/Google\/star\/f.svg\" alt=\"Google star 1\" width=\"17\" height=\"17\" loading=\"lazy\"><\/trustindex-image><trustindex-image class=\"ti-star\" data-imgurl=\"https:\/\/cdn.trustindex.io\/assets\/platform\/Google\/star\/f.svg\" alt=\"Google star 2\" width=\"17\" height=\"17\" loading=\"lazy\"><\/trustindex-image><trustindex-image class=\"ti-star\" data-imgurl=\"https:\/\/cdn.trustindex.io\/assets\/platform\/Google\/star\/f.svg\" alt=\"Google star 3\" width=\"17\" height=\"17\" loading=\"lazy\"><\/trustindex-image><trustindex-image class=\"ti-star\" data-imgurl=\"https:\/\/cdn.trustindex.io\/assets\/platform\/Google\/star\/f.svg\" alt=\"Google star 4\" width=\"17\" height=\"17\" loading=\"lazy\"><\/trustindex-image><trustindex-image class=\"ti-star\" data-imgurl=\"https:\/\/cdn.trustindex.io\/assets\/platform\/Google\/star\/f.svg\" alt=\"Google star 5\" width=\"17\" height=\"17\" loading=\"lazy\"><\/trustindex-image><\/div> <span class=\"ti-rating\">5.0<\/span> <\/div> <div class=\"ti-top-rated-title\">Parhaiksi arvioitu  palveluntarjoaja 2026<\/div> <div class=\"ti-verified-by\">Trustindexin vahvistama <span class=\"ti-info-icon\"><\/span><\/div> <div class=\"ti-disclaimer\">Trustindex vahvistaa, ett\u00e4 yrityksen arvostelupisteet ovat yli 4.5. T\u00e4m\u00e4 perustuu Google-alustalle viimeisten 12 kuukauden aikana ker\u00e4ttyihin arvosteluihin, mik\u00e4 oikeuttaa sen saamaan <a href=\"https:\/\/www.trustindex.io\/?a=sys&amp;c=wp-top-rated-badge&amp;url=\/the-trustindex-verified-badge\/\" target=\"_blank\">Parhaiten arvioidut sertifikaatin<\/a>.<\/div> <\/div> <\/div> <\/div> <\/template><\/pre><div data-src=\"https:\/\/cdn.trustindex.io\/loader.js?wp-widget\" data-template-id=\"trustindex-google-widget-html\" data-css-url=\"https:\/\/maatilasiuntiossa.fi\/wp-content\/uploads\/trustindex-google-widget.css?1773971028\"><\/div>\n\n\n\n<p><\/p>\n","protected":false},"excerpt":{"rendered":"<p>Rakennusalan osaajia rakentamisen ja saneeraamisen teht\u00e4viin. Olemme oheistoimintana tehneet laajasti toimialaan liittyvi\u00e4 t\u00f6it\u00e4 yli 20 vuoden kokemuksella ja tulevien vuosien aikana pyrimme kasvattamaan rakennus-ja saneerauspuolta kohtuudella. Toimintafilosofiamme on, ett\u00e4 kokoamme tarvittavan rakennusryhm\u00e4n verkostostamme projektillesi ja vastaamme projektin valmistumisesta. Valmiudet on ottaa vuodessa vain rajattu m\u00e4\u00e4r\u00e4 lis\u00e4\u00e4 asiakkaita. Korjataan ja rakennetaan tuntihinnalla, kasataan ja pystytet\u00e4\u00e4n pienrakennukset. Tehd\u00e4\u00e4n terassit ja patiot suunnitelmien mukaan. Rakennetaan ja korjataan aidat. Puretaan vanhat. Asennetaan laminaatit ja maalataan sein\u00e4t. Tehd\u00e4\u00e4n kylpyhuoneremontti. Puretaan ja korjataan vanhaa. K\u00e4ytett\u00e4viss\u00e4 1-8 henkil\u00f6ty\u00f6vuotta, sesongista riippuen. Ty\u00f6ntekij\u00f6ill\u00e4 on laaja kokemus my\u00f6s saunojen rakentamisesta ja erilaisten valmiiden piharakennuspakettien pystytt\u00e4misest\u00e4 kevyt-perustuksiin. Olemme keskittyneet pienempiin rakennusprojekteihin mihin yleisesti ottaen asiakkailla on ollut vaikea l\u00f6yt\u00e4\u00e4 tekij\u00f6it\u00e4. Monet verkostomme ty\u00f6ntekij\u00e4t ehtiv\u00e4t tehd\u00e4 lis\u00e4t\u00f6in\u00e4 juuri n\u00e4it\u00e4 pienempi\u00e4 remontteja ja yrityksemme toimii pienremontissa varsinaisena pienurakoitsijana asiakkaan suuntaan. Kaikista tekemist\u00e4mme t\u00f6ist\u00e4 saat yksityishenkil\u00f6n\u00e4 60%:tin* kotitalousv\u00e4hennyksen Ty\u00f6maap\u00e4\u00e4llik\u00f6ll\u00e4 on aina rakennusalan tutkinto ja tarvittavat ty\u00f6turvallisuus, tulity\u00f6,- ja s\u00e4hk\u00f6turvallisuuskortit voimassa. Rakennus- tai toimenpidelupaa vaativissa&hellip;<\/p>\n<p> <a class=\"more-link\" href=\"https:\/\/maatilasiuntiossa.fi\/?page_id=475\">Read more<\/a><\/p>\n","protected":false},"author":1,"featured_media":0,"parent":0,"menu_order":0,"comment_status":"closed","ping_status":"closed","template":"","meta":{"footnotes":""},"class_list":["post-475","page","type-page","status-publish"],"_links":{"self":[{"href":"https:\/\/maatilasiuntiossa.fi\/index.php?rest_route=\/wp\/v2\/pages\/475","targetHints":{"allow":["GET"]}}],"collection":[{"href":"https:\/\/maatilasiuntiossa.fi\/index.php?rest_route=\/wp\/v2\/pages"}],"about":[{"href":"https:\/\/maatilasiuntiossa.fi\/index.php?rest_route=\/wp\/v2\/types\/page"}],"author":[{"embeddable":true,"href":"https:\/\/maatilasiuntiossa.fi\/index.php?rest_route=\/wp\/v2\/users\/1"}],"replies":[{"embeddable":true,"href":"https:\/\/maatilasiuntiossa.fi\/index.php?rest_route=%2Fwp%2Fv2%2Fcomments&post=475"}],"version-history":[{"count":20,"href":"https:\/\/maatilasiuntiossa.fi\/index.php?rest_route=\/wp\/v2\/pages\/475\/revisions"}],"predecessor-version":[{"id":1314,"href":"https:\/\/maatilasiuntiossa.fi\/index.php?rest_route=\/wp\/v2\/pages\/475\/revisions\/1314"}],"wp:attachment":[{"href":"https:\/\/maatilasiuntiossa.fi\/index.php?rest_route=%2Fwp%2Fv2%2Fmedia&parent=475"}],"curies":[{"name":"wp","href":"https:\/\/api.w.org\/{rel}","templated":true}]}}