{"id":47,"date":"2022-01-23T09:15:48","date_gmt":"2022-01-23T09:15:48","guid":{"rendered":"https:\/\/maatilasiuntiossa.fi\/?page_id=47"},"modified":"2025-09-29T18:47:45","modified_gmt":"2025-09-29T18:47:45","slug":"ajankohtaista","status":"publish","type":"page","link":"https:\/\/maatilasiuntiossa.fi\/","title":{"rendered":"Ajankohtaista"},"content":{"rendered":"\n<h4 class=\"wp-block-heading has-text-align-center\"><a href=\"https:\/\/maatilasiuntiossa.fi\/?page_id=475\" data-type=\"page\" data-id=\"475\"><strong>Nyt varataan ajat kes\u00e4n 2026 katto, rakennus ja maalaust\u00f6ill<\/strong>e!<\/a><\/h4>\n\n\n\n<h4 class=\"wp-block-heading has-text-align-center\"><a href=\"https:\/\/maatilasiuntiossa.fi\/?p=1257\">Hunajamarjan satokausi on p\u00e4\u00e4ttynyt kes\u00e4n 2025 osalta<\/a><\/h4>\n\n\n\n<p><\/p>\n\n\n\n<h3 class=\"wp-block-heading has-text-align-center\">Monipuolista urakointia ja yhteisty\u00f6verkostoja korjaus-, uudis-, maan-, ja viherrakentamisen saralla ja metsureita mets\u00e4nhoitoteht\u00e4viin.<\/h3>\n\n\n\n<p class=\"has-text-align-center\">Laadukas ja vastuullinen perheyritys Siuntiosta laajalla osaamisella ja paikallisia toimijoita yhdist\u00e4v\u00e4ll\u00e4 asenteella. Pieni perheyritys, laajalla verkostolla, joka urakoinnin lis\u00e4ksi harjoittaa ammattimaista puutarhaviljely\u00e4 ja marjataloutta muun toiminnan ohessa.<\/p>\n\n\n\n<p class=\"has-text-align-center\"><\/p>\n\n\n\n<div class=\"wp-block-columns is-layout-flex wp-container-core-columns-is-layout-9d6595d7 wp-block-columns-is-layout-flex\">\n<div class=\"wp-block-column is-layout-flow wp-block-column-is-layout-flow\">\n<div class=\"alignnormal\"><div id=\"metaslider-id-928\" style=\"width: 100%;\" class=\"ml-slider-3-108-0 metaslider metaslider-flex metaslider-928 ml-slider has-dots-nav ms-theme-nexus\" role=\"region\" aria-label=\"Palveluesite\" data-height=\"300\" data-width=\"700\">\n    <div id=\"metaslider_container_928\">\n        <div id=\"metaslider_928\">\n            <ul class='slides'>\n                <li style=\"display: block; width: 100%;\" class=\"slide-930 ms-image \" aria-roledescription=\"slide\" data-date=\"2024-11-22 07:59:52\" data-filename=\"IMG_5361-rotated-700x300.jpg\" data-slide-type=\"image\"><img loading=\"lazy\" decoding=\"async\" src=\"https:\/\/maatilasiuntiossa.fi\/wp-content\/uploads\/2024\/11\/IMG_5361-rotated-700x300.jpg\" height=\"300\" width=\"700\" alt=\"Valmis karjasilta, karjasillan rakentaminen, valuty\u00f6, aita, Siuntio, Kirkkonummi, Lohja, Espoo, inkoo\" class=\"slider-928 slide-930 msDefaultImage\" title=\"Karjasilta\" \/><div class=\"caption-wrap\"><div class=\"caption\"><div>Maatilarakentaminen<\/div><\/div><\/div><\/li>\n                <li style=\"display: none; width: 100%;\" class=\"slide-929 ms-image \" aria-roledescription=\"slide\" data-date=\"2024-11-22 07:54:58\" data-filename=\"IMG_5006-rotated-700x300.jpg\" data-slide-type=\"image\"><img loading=\"lazy\" decoding=\"async\" src=\"https:\/\/maatilasiuntiossa.fi\/wp-content\/uploads\/2024\/11\/IMG_5006-rotated-700x300.jpg\" height=\"300\" width=\"700\" alt=\"Karjasillan valukehikko\" class=\"slider-928 slide-929 msDefaultImage\" title=\"valumuotti\" \/><div class=\"caption-wrap\"><div class=\"caption\"><div>Muottity\u00f6t<\/div><\/div><\/div><\/li>\n                <li style=\"display: none; width: 100%;\" class=\"slide-1033 ms-image \" aria-roledescription=\"slide\" data-date=\"2024-11-22 12:11:06\" data-filename=\"IMG_4980-480x205.jpg\" data-slide-type=\"image\"><img loading=\"lazy\" decoding=\"async\" src=\"https:\/\/maatilasiuntiossa.fi\/wp-content\/uploads\/2024\/11\/IMG_4980-480x205.jpg\" height=\"300\" width=\"700\" alt=\"High Tensile kulmatolppa, kansiruuvit, Siuntio, Inkoo, Kirkkonummi, Espoo, Lohja, Aidan rakentaminen\" class=\"slider-928 slide-1033 msDefaultImage\" title=\"High Tensile aitaty\u00f6t\" \/><div class=\"caption-wrap\"><div class=\"caption\"><div>High Tensile laidunaidat ja riista-aidat<\/div><\/div><\/div><\/li>\n                <li style=\"display: none; width: 100%;\" class=\"slide-1060 ms-image \" aria-roledescription=\"slide\" data-date=\"2024-11-22 12:22:08\" data-filename=\"IMG_6832-rotated-480x205.jpg\" data-slide-type=\"image\"><img loading=\"lazy\" decoding=\"async\" src=\"https:\/\/maatilasiuntiossa.fi\/wp-content\/uploads\/2024\/11\/IMG_6832-rotated-480x205.jpg\" height=\"300\" width=\"700\" alt=\"Maanrakennus, kaapeliojan kaivuu, kaapeliojan kaivaminen, maaty\u00f6t, t\u00e4ytt\u00f6ty\u00f6t\" class=\"slider-928 slide-1060 msDefaultImage\" title=\"Kaapelikanaali\" \/><div class=\"caption-wrap\"><div class=\"caption\"><div>Maanrakennus- ja kaivinkonety\u00f6t<\/div><\/div><\/div><\/li>\n                <li style=\"display: none; width: 100%;\" class=\"slide-1061 ms-image \" aria-roledescription=\"slide\" data-date=\"2024-11-22 12:26:06\" data-filename=\"IMG_5393-640x274.jpg\" data-slide-type=\"image\"><img loading=\"lazy\" decoding=\"async\" src=\"https:\/\/maatilasiuntiossa.fi\/wp-content\/uploads\/2024\/11\/IMG_5393-640x274.jpg\" height=\"300\" width=\"700\" alt=\"Luonnonkivity\u00f6t, kivien asettelu, kiviluiska, luonnon kiviluiska\" class=\"slider-928 slide-1061 msDefaultImage\" title=\"Viherrakentaminen\" \/><div class=\"caption-wrap\"><div class=\"caption\"><div>Viherrakentaminen<\/div><\/div><\/div><\/li>\n                <li style=\"display: none; width: 100%;\" class=\"slide-1079 ms-image \" aria-roledescription=\"slide\" data-date=\"2024-11-22 12:36:21\" data-filename=\"IMG_0042-rotated-480x205.jpg\" data-slide-type=\"image\"><img loading=\"lazy\" decoding=\"async\" src=\"https:\/\/maatilasiuntiossa.fi\/wp-content\/uploads\/2024\/11\/IMG_0042-rotated-480x205.jpg\" height=\"300\" width=\"700\" alt=\"Sis\u00e4portaiden uudelleenpinnoitus, korjausrakentaminen, rakentaminen\" class=\"slider-928 slide-1079 msDefaultImage\" title=\"Korjausrakentaminen\" \/><div class=\"caption-wrap\"><div class=\"caption\"><div>Korjausrakentaminen<\/div><\/div><\/div><\/li>\n                <li style=\"display: none; width: 100%;\" class=\"slide-1112 ms-image \" aria-roledescription=\"slide\" data-date=\"2024-11-22 12:51:40\" data-filename=\"IMG_6537-rotated-480x205.jpg\" data-slide-type=\"image\"><img loading=\"lazy\" decoding=\"async\" src=\"https:\/\/maatilasiuntiossa.fi\/wp-content\/uploads\/2024\/11\/IMG_6537-rotated-480x205.jpg\" height=\"300\" width=\"700\" alt=\"Uudisrakentamisty\u00f6t Siuntio\" class=\"slider-928 slide-1112 msDefaultImage\" title=\"Talonrakennusty\u00f6t\" \/><div class=\"caption-wrap\"><div class=\"caption\"><div>Talonrakennusty\u00f6t<\/div><\/div><\/div><\/li>\n                <li style=\"display: none; width: 100%;\" class=\"slide-931 ms-image \" aria-roledescription=\"slide\" data-date=\"2024-11-22 08:00:38\" data-filename=\"IMG_5778-rotated-700x300.jpg\" data-slide-type=\"image\"><img loading=\"lazy\" decoding=\"async\" src=\"https:\/\/maatilasiuntiossa.fi\/wp-content\/uploads\/2024\/11\/IMG_5778-rotated-700x300.jpg\" height=\"300\" width=\"700\" alt=\"Betonin purku, Betonin piikkaus\" class=\"slider-928 slide-931 msDefaultImage\" title=\"Purkuty\u00f6t\" \/><div class=\"caption-wrap\"><div class=\"caption\"><div>Purkuty\u00f6t<\/div><\/div><\/div><\/li>\n                <li style=\"display: none; width: 100%;\" class=\"slide-933 ms-image \" aria-roledescription=\"slide\" data-date=\"2024-11-22 08:01:25\" data-filename=\"IMG_6769-rotated-700x300.jpg\" data-slide-type=\"image\"><img loading=\"lazy\" decoding=\"async\" src=\"https:\/\/maatilasiuntiossa.fi\/wp-content\/uploads\/2024\/11\/IMG_6769-rotated-700x300.jpg\" height=\"300\" width=\"700\" alt=\"Palokatkoty\u00f6, palokatko asennus, palokatko, palokatkon rakentaminen, Siuntio, Kirkkonummi, Lohja, Espoo, Inkoo\" class=\"slider-928 slide-933 msDefaultImage\" title=\"Palokatko\" \/><div class=\"caption-wrap\"><div class=\"caption\"><div>Palokatkoty\u00f6t<\/div><\/div><\/div><\/li>\n                <li style=\"display: none; width: 100%;\" class=\"slide-985 ms-image \" aria-roledescription=\"slide\" data-date=\"2024-11-22 10:28:40\" data-filename=\"IMG_1097-640x274.jpg\" data-slide-type=\"image\"><img loading=\"lazy\" decoding=\"async\" src=\"https:\/\/maatilasiuntiossa.fi\/wp-content\/uploads\/2024\/11\/IMG_1097-640x274.jpg\" height=\"300\" width=\"700\" alt=\"Mets\u00e4nhoitoty\u00f6t, Siuntio\" class=\"slider-928 slide-985 msDefaultImage\" title=\"Raivaussahat\" \/><div class=\"caption-wrap\"><div class=\"caption\"><div>Mets\u00e4nhoitoty\u00f6t<\/div><\/div><\/div><\/li>\n                <li style=\"display: none; width: 100%;\" class=\"slide-1113 ms-image \" aria-roledescription=\"slide\" data-date=\"2024-11-22 12:57:53\" data-filename=\"FAF91B6F-DAFB-465C-B24C-BFE98D01388F-rotated-360x154.jpg\" data-slide-type=\"image\"><img loading=\"lazy\" decoding=\"async\" src=\"https:\/\/maatilasiuntiossa.fi\/wp-content\/uploads\/2024\/11\/FAF91B6F-DAFB-465C-B24C-BFE98D01388F-rotated-360x154.jpg\" height=\"300\" width=\"700\" alt=\"Laatoitusty\u00f6, Laatoituksen asentamisty\u00f6, Siuntio, Lohja, Kirkkomummi, Espoo, Inkoo\" class=\"slider-928 slide-1113 msDefaultImage\" title=\"Laatoitusty\u00f6t\" \/><div class=\"caption-wrap\"><div class=\"caption\"><div>Olemme ty\u00f6skennelleet rakentamisen kaikissa vaiheissa<\/div><\/div><\/div><\/li>\n            <\/ul>\n        <\/div>\n        \n    <\/div>\n<\/div><\/div>\n<\/div>\n\n\n\n<div class=\"wp-block-column is-layout-flow wp-block-column-is-layout-flow\">\n<h4 class=\"wp-block-heading has-text-align-center\">Tervetuloa verkkosivuillemme<\/h4>\n\n\n\n<p class=\"has-text-align-center\">Tervetuloa pienen L\u00e4nsi-Uusimaalaisen maataloutta ja maaseudun oheispalveluita harjoittavan perheyrityksemme kotisivuille. Toimialaamme kuuluu maaseutualan oheispalvelujen urakointi ja marjanviljely. Nyky\u00e4\u00e4n aika vier\u00e4ht\u00e4\u00e4 paljonkin rakentamisen parissa. <\/p>\n<\/div>\n<\/div>\n\n\n\n<div class=\"wp-block-columns is-layout-flex wp-container-core-columns-is-layout-9d6595d7 wp-block-columns-is-layout-flex\">\n<div class=\"wp-block-column is-layout-flow wp-block-column-is-layout-flow\">\n<p class=\"has-text-align-center\"><mark style=\"background-color:rgba(0, 0, 0, 0)\" class=\"has-inline-color has-black-color\"><strong>Perheyrityksemme<\/strong><\/mark> tarina sai alkunsa intohimosta uudistaa asiakaspalvelupohjaista liiketoimintaa yhdist\u00e4m\u00e4ll\u00e4 siihen perinteinen maatalous toimintamme ydinl\u00e4ht\u00f6kohtana. <em>Maatalous, tarkemmin marjatalous on toimintamme pysyv\u00e4 kivijalka, mutta se ty\u00f6llist\u00e4\u00e4 meit\u00e4 eniten vain osan vuodesta. P\u00e4\u00e4s\u00e4\u00e4nt\u00f6isesti ty\u00f6llist\u00e4vin vaikutus on touko- ja elokuussa. Muina aikoina kasvatamme oheispalveluitamme, jotka ovat juuri niit\u00e4 t\u00f6it\u00e4 mit\u00e4 olemme tottuneet tekem\u00e4\u00e4n muutenkin vuosittain maatilallamme ja josta meille on kertynyt vankka kokemus maatilan, ty\u00f6historian ja opintojen kautta<\/em>. <\/p>\n\n\n\n<blockquote class=\"wp-block-quote has-text-align-center is-layout-flow wp-block-quote-is-layout-flow\">\n<p><em>Ajattelemme, ett\u00e4 maaseudun kautta toimivalla asiakasl\u00e4ht\u00f6isell\u00e4, yksityishenkil\u00f6it\u00e4 ja yhteis\u00f6j\u00e4 yhdist\u00e4v\u00e4ll\u00e4 yritystoiminnalla on selkeit\u00e4 etuja. N\u00e4ist\u00e4 keskeisimm\u00e4t ovat meid\u00e4n mielest\u00e4mme toimintamallin ja palvelujen korostunut luotettavuus ja vastuunkanto.&nbsp;<\/em><\/p>\n<cite>Susan I., Perustaja<\/cite><\/blockquote>\n<\/div>\n<\/div>\n\n\n\n<div class=\"wp-block-columns is-layout-flex wp-container-core-columns-is-layout-9d6595d7 wp-block-columns-is-layout-flex\">\n<div class=\"wp-block-column is-vertically-aligned-top is-layout-flow wp-block-column-is-layout-flow\">\n<p class=\"has-text-align-center\"><em>Visionamme on olla alueellisesti (<strong>Siuntio, Lohja, Kirkkonummi, Espoo<\/strong>) tunnettu toimija ja ty\u00f6llist\u00e4j\u00e4, jossa ty\u00f6skentelee hiljalleen kasvava joukko ulko-ilmasta nauttivia, ahkeria ty\u00f6ntekij\u00f6it\u00e4. Olemme toimija, jonka kautta l\u00f6yd\u00e4t yhden katon alta kiinteist\u00f6nhuoltoon, mets\u00e4talouteen, ja pienrakentamiseen auttavat k\u00e4det. Samalla tuotamme ja tuomme asiakkaillamme tilan omat marjatuotteet, niin halutessasi. Kaikki t\u00e4m\u00e4 yksinkertaisella ja selke\u00e4ll\u00e4 hinnoittelulla. Asiakasm\u00e4\u00e4rien kasvaessa pystymme ty\u00f6llist\u00e4m\u00e4\u00e4n lis\u00e4\u00e4 hyv\u00e4ksi todettuja paikallisia osaajia, mutta my\u00f6s muita ahkeria tekij\u00f6it\u00e4, jotka kaipaavat lis\u00e4t\u00f6it\u00e4. &nbsp;<\/em><\/p>\n\n\n\n<p class=\"has-text-align-center\"><em>Yrityksemme tukikohtana toimii maatilamme, joka mahdollistaa toiminnalle upeat ja vakaat puitteet ty\u00f6ntekoon, mutta my\u00f6s virkistymiseen ja majoittumiseen. Kaluston s\u00e4ilytt\u00e4miseen ja huoltoon omat tilat tuovat kustannuss\u00e4\u00e4st\u00f6\u00e4, joka n\u00e4kyy hinnoissamme.<\/em><\/p>\n<\/div>\n<\/div>\n\n\n\n<h2 class=\"wp-block-heading\">Viimeisimm\u00e4t artikkelimme<\/h2>\n\n\n\n<div class=\"wp-block-columns is-layout-flex wp-container-core-columns-is-layout-9d6595d7 wp-block-columns-is-layout-flex\">\n<div class=\"wp-block-column is-layout-flow wp-block-column-is-layout-flow\"><ul class=\"wp-block-latest-posts__list wp-block-latest-posts\"><li><a class=\"wp-block-latest-posts__post-title\" href=\"https:\/\/maatilasiuntiossa.fi\/?p=1282\">Tiilikaton kattoturvatuotteet \u2013 turvallisuutta ja mielenrauhaa katollesi<\/a><\/li>\n<li><a class=\"wp-block-latest-posts__post-title\" href=\"https:\/\/maatilasiuntiossa.fi\/?p=1280\">Lumenpudotukset Siuntion ja Lohjan alueella \u2013 turvallisuutta katolle ja pihalle<\/a><\/li>\n<li><a class=\"wp-block-latest-posts__post-title\" href=\"https:\/\/maatilasiuntiossa.fi\/?p=1278\">M\u00f6kkitalkkarointi \u2013 huolehdi m\u00f6kist\u00e4si vaivattomasti<\/a><\/li>\n<li><a class=\"wp-block-latest-posts__post-title\" href=\"https:\/\/maatilasiuntiossa.fi\/?p=1276\">Tiilikaton maalaus \u2013 suojaa ja kaunista kattosi<\/a><\/li>\n<li><a class=\"wp-block-latest-posts__post-title\" href=\"https:\/\/maatilasiuntiossa.fi\/?p=1266\">Kattohuolto ja sammaleenpoisto Biocombilla \u2013 tehokas ratkaisu katon pitk\u00e4ik\u00e4isyyteen<\/a><\/li>\n<\/ul><\/div>\n\n\n\n<div class=\"wp-block-column is-layout-flow wp-block-column-is-layout-flow\">\n<figure class=\"wp-block-image size-full\"><img loading=\"lazy\" decoding=\"async\" width=\"385\" height=\"180\" src=\"https:\/\/maatilasiuntiossa.fi\/wp-content\/uploads\/2025\/02\/luotettava-kumppani-logo.webp\" alt=\"\" class=\"wp-image-1229\" srcset=\"https:\/\/maatilasiuntiossa.fi\/wp-content\/uploads\/2025\/02\/luotettava-kumppani-logo.webp 385w, https:\/\/maatilasiuntiossa.fi\/wp-content\/uploads\/2025\/02\/luotettava-kumppani-logo-300x140.webp 300w\" sizes=\"auto, (max-width: 385px) 100vw, 385px\" \/><\/figure>\n<\/div>\n<\/div>\n\n\n<pre class=\"ti-widget\"><template id=\"trustindex-google-widget-html\"><div class=\" ti-widget  ti-goog ti-review-text-mode-readmore ti-text-align-left\" data-no-translation=\"true\" data-time-locale=\"%d %s sitten|t\u00e4n\u00e4\u00e4n|p\u00e4iv\u00e4|p\u00e4iv\u00e4\u00e4|viikko|viikkoa|kuukausi|kuukautta|vuosi|vuotta\" data-plugin-version=\"13.2.9\" data-layout-id=\"97\" data-layout-category=\"badge, top-rated-badge\" data-set-id=\"light-background\" data-pid=\"\" data-language=\"fi\" data-close-locale=\"Kiinni\" data-css-version=\"2\" data-size=\"1\"> <div class=\"ti-widget-container\"> <div class=\"ti-header source-Google\"> <div class=\"ti-profile-details\"> <div class=\"ti-large-logo\"> <div class=\"ti-v-center\"> <trustindex-image class=\"ti-logo-fb\" data-imgurl=\"https:\/\/cdn.trustindex.io\/assets\/platform\/Google\/logo.svg\" width=\"150\" height=\"25\" loading=\"lazy\" alt=\"Google\"><\/trustindex-image> <\/div> <\/div> <div class=\"ti-stars\"><trustindex-image class=\"ti-star\" data-imgurl=\"https:\/\/cdn.trustindex.io\/assets\/platform\/Google\/star\/f.svg\" alt=\"Google star 1\" width=\"17\" height=\"17\" loading=\"lazy\"><\/trustindex-image><trustindex-image class=\"ti-star\" data-imgurl=\"https:\/\/cdn.trustindex.io\/assets\/platform\/Google\/star\/f.svg\" alt=\"Google star 2\" width=\"17\" height=\"17\" loading=\"lazy\"><\/trustindex-image><trustindex-image class=\"ti-star\" data-imgurl=\"https:\/\/cdn.trustindex.io\/assets\/platform\/Google\/star\/f.svg\" alt=\"Google star 3\" width=\"17\" height=\"17\" loading=\"lazy\"><\/trustindex-image><trustindex-image class=\"ti-star\" data-imgurl=\"https:\/\/cdn.trustindex.io\/assets\/platform\/Google\/star\/f.svg\" alt=\"Google star 4\" width=\"17\" height=\"17\" loading=\"lazy\"><\/trustindex-image><trustindex-image class=\"ti-star\" data-imgurl=\"https:\/\/cdn.trustindex.io\/assets\/platform\/Google\/star\/f.svg\" alt=\"Google star 5\" width=\"17\" height=\"17\" loading=\"lazy\"><\/trustindex-image><\/div> <span class=\"ti-rating\">5.0<\/span> <\/div> <div class=\"ti-top-rated-title\">Parhaiksi arvioitu  palveluntarjoaja 2026<\/div> <div class=\"ti-verified-by\">Trustindexin vahvistama <span class=\"ti-info-icon\"><\/span><\/div> <div class=\"ti-disclaimer\">Trustindex vahvistaa, ett\u00e4 yrityksen arvostelupisteet ovat yli 4.5. T\u00e4m\u00e4 perustuu Google-alustalle viimeisten 12 kuukauden aikana ker\u00e4ttyihin arvosteluihin, mik\u00e4 oikeuttaa sen saamaan <a href=\"https:\/\/www.trustindex.io\/?a=sys&amp;c=wp-top-rated-badge&amp;url=\/the-trustindex-verified-badge\/\" target=\"_blank\">Parhaiten arvioidut sertifikaatin<\/a>.<\/div> <\/div> <\/div> <\/div> <\/template><\/pre><div data-src=\"https:\/\/cdn.trustindex.io\/loader.js?wp-widget\" data-template-id=\"trustindex-google-widget-html\" data-css-url=\"https:\/\/maatilasiuntiossa.fi\/wp-content\/uploads\/trustindex-google-widget.css?1773971028\"><\/div>\n","protected":false},"excerpt":{"rendered":"<p>Nyt varataan ajat kes\u00e4n 2026 katto, rakennus ja maalaust\u00f6ille! Hunajamarjan satokausi on p\u00e4\u00e4ttynyt kes\u00e4n 2025 osalta Monipuolista urakointia ja yhteisty\u00f6verkostoja korjaus-, uudis-, maan-, ja viherrakentamisen saralla ja metsureita mets\u00e4nhoitoteht\u00e4viin. Laadukas ja vastuullinen perheyritys Siuntiosta laajalla osaamisella ja paikallisia toimijoita yhdist\u00e4v\u00e4ll\u00e4 asenteella. Pieni perheyritys, laajalla verkostolla, joka urakoinnin lis\u00e4ksi harjoittaa ammattimaista puutarhaviljely\u00e4 ja marjataloutta muun toiminnan ohessa. Tervetuloa verkkosivuillemme Tervetuloa pienen L\u00e4nsi-Uusimaalaisen maataloutta ja maaseudun oheispalveluita harjoittavan perheyrityksemme kotisivuille. Toimialaamme kuuluu maaseutualan oheispalvelujen urakointi ja marjanviljely. Nyky\u00e4\u00e4n aika vier\u00e4ht\u00e4\u00e4 paljonkin rakentamisen parissa. Perheyrityksemme tarina sai alkunsa intohimosta uudistaa asiakaspalvelupohjaista liiketoimintaa yhdist\u00e4m\u00e4ll\u00e4 siihen perinteinen maatalous toimintamme ydinl\u00e4ht\u00f6kohtana. Maatalous, tarkemmin marjatalous on toimintamme pysyv\u00e4 kivijalka, mutta se ty\u00f6llist\u00e4\u00e4 meit\u00e4 eniten vain osan vuodesta. P\u00e4\u00e4s\u00e4\u00e4nt\u00f6isesti ty\u00f6llist\u00e4vin vaikutus on touko- ja elokuussa. Muina aikoina kasvatamme oheispalveluitamme, jotka ovat juuri niit\u00e4 t\u00f6it\u00e4 mit\u00e4 olemme tottuneet tekem\u00e4\u00e4n muutenkin vuosittain maatilallamme ja josta meille on kertynyt vankka kokemus maatilan, ty\u00f6historian ja opintojen kautta. Ajattelemme, ett\u00e4 maaseudun kautta toimivalla&hellip;<\/p>\n<p> <a class=\"more-link\" href=\"https:\/\/maatilasiuntiossa.fi\/\">Read more<\/a><\/p>\n","protected":false},"author":1,"featured_media":0,"parent":0,"menu_order":0,"comment_status":"closed","ping_status":"closed","template":"","meta":{"footnotes":""},"class_list":["post-47","page","type-page","status-publish"],"_links":{"self":[{"href":"https:\/\/maatilasiuntiossa.fi\/index.php?rest_route=\/wp\/v2\/pages\/47","targetHints":{"allow":["GET"]}}],"collection":[{"href":"https:\/\/maatilasiuntiossa.fi\/index.php?rest_route=\/wp\/v2\/pages"}],"about":[{"href":"https:\/\/maatilasiuntiossa.fi\/index.php?rest_route=\/wp\/v2\/types\/page"}],"author":[{"embeddable":true,"href":"https:\/\/maatilasiuntiossa.fi\/index.php?rest_route=\/wp\/v2\/users\/1"}],"replies":[{"embeddable":true,"href":"https:\/\/maatilasiuntiossa.fi\/index.php?rest_route=%2Fwp%2Fv2%2Fcomments&post=47"}],"version-history":[{"count":81,"href":"https:\/\/maatilasiuntiossa.fi\/index.php?rest_route=\/wp\/v2\/pages\/47\/revisions"}],"predecessor-version":[{"id":1297,"href":"https:\/\/maatilasiuntiossa.fi\/index.php?rest_route=\/wp\/v2\/pages\/47\/revisions\/1297"}],"wp:attachment":[{"href":"https:\/\/maatilasiuntiossa.fi\/index.php?rest_route=%2Fwp%2Fv2%2Fmedia&parent=47"}],"curies":[{"name":"wp","href":"https:\/\/api.w.org\/{rel}","templated":true}]}}