{"id":38,"date":"2022-01-23T08:57:49","date_gmt":"2022-01-23T08:57:49","guid":{"rendered":"https:\/\/maatilasiuntiossa.fi\/?page_id=38"},"modified":"2023-04-04T12:21:30","modified_gmt":"2023-04-04T12:21:30","slug":"palvelut","status":"publish","type":"page","link":"https:\/\/maatilasiuntiossa.fi\/?page_id=38","title":{"rendered":"Palvelut"},"content":{"rendered":"\n<div class=\"wp-block-group\"><div class=\"wp-block-group__inner-container is-layout-flow wp-block-group-is-layout-flow\">\n<h2 class=\"has-text-align-center wp-block-heading\">Palvelut<\/h2>\n<\/div><\/div>\n\n\n\n<p class=\"has-text-align-center\"><em>Yrityksemme ja oheispalveluidemme tarina on vasta alussa, mutta kaikki alkaa aina jostain. Yritysideamme l\u00e4hti liikkeelle tarpeesta ratkaista 4 keskeist\u00e4 haastetta. Maaseudun pirstaloitunut palvelutarjonta ja l\u00f6ydett\u00e4vyys, maaseudulla vajaak\u00e4yt\u00f6ll\u00e4 olevat kiinteist\u00f6t, maaseudun elinvoimaisuus ja mielek\u00e4s ymp\u00e4rivuotinen ty\u00f6 johon voit itse vaikuttaa. Ratkaisut n\u00e4ihin haasteisiin l\u00f6ysimme uudenlaisesta liiketoimintakonseptistamme, joka mahdollistaa maalla asumisen ja maatilalla tekemiemme t\u00f6iden tarjonnan my\u00f6s maatilamme ulkopuolelle. Ajattelemme, ett\u00e4 maaseudun kautta toimivalla asiakasl\u00e4ht\u00f6isell\u00e4, yksityishenkil\u00f6it\u00e4 ja yhteis\u00f6j\u00e4 yhdist\u00e4v\u00e4ll\u00e4 yritystoiminnalla on selkeit\u00e4 etuja. N\u00e4ist\u00e4 keskeisimm\u00e4t ovat meid\u00e4n mielest\u00e4mme toimintamallin ja palvelujen korostunut luotettavuus ja vastuunkanto. &nbsp;&nbsp;&nbsp;<\/em><\/p>\n\n\n\n<div class=\"wp-block-media-text alignfull has-media-on-the-right is-stacked-on-mobile is-vertically-aligned-center\"><figure class=\"wp-block-media-text__media\"><img loading=\"lazy\" decoding=\"async\" width=\"640\" height=\"480\" src=\"https:\/\/maatilasiuntiossa.fi\/wp-content\/uploads\/2023\/04\/tyohanskat.jpg\" alt=\"\" class=\"wp-image-547 size-full\" srcset=\"https:\/\/maatilasiuntiossa.fi\/wp-content\/uploads\/2023\/04\/tyohanskat.jpg 640w, https:\/\/maatilasiuntiossa.fi\/wp-content\/uploads\/2023\/04\/tyohanskat-300x225.jpg 300w\" sizes=\"auto, (max-width: 640px) 100vw, 640px\" \/><\/figure><div class=\"wp-block-media-text__content\">\n<h3 class=\"has-text-align-center has-text-color wp-block-heading\" id=\"palvelumme\" style=\"color:#000000\"><strong>Yrityksen toiminta-ajatus<\/strong><\/h3>\n\n\n\n<p class=\"has-text-align-center has-extra-small-font-size\">Yrityksemme toiminta-ajatus on yhdist\u00e4\u00e4 Maatalouteen olennaisesti liittyv\u00e4t oheispalvelut ja varsinainen maatalous kiinte\u00e4n\u00e4 osana toisiinsa. Maatalous on p\u00e4\u00e4omavaltaista ja laajaa osaamista vaativaa, mutta meille vain osa-aikaista, joten p\u00e4\u00e4timme tarjota osaamisemme ja kalustomme my\u00f6s muiden k\u00e4ytt\u00f6\u00f6n ja yhdist\u00e4\u00e4 alueen tekij\u00e4t ja vajaak\u00e4yt\u00f6ll\u00e4 oleva kalusto yhteen.<\/p>\n<\/div><\/div>\n\n\n\n<p><\/p>\n\n\n\n<div class=\"wp-block-buttons is-content-justification-center is-layout-flex wp-container-core-buttons-is-layout-16018d1d wp-block-buttons-is-layout-flex\">\n<div class=\"wp-block-button\"><a class=\"wp-block-button__link\" href=\"https:\/\/maatilasiuntiossa.fi\/?page_id=394\">Mets\u00e4nhoitopalvelut<\/a><\/div>\n<\/div>\n\n\n\n<p><\/p>\n\n\n\n<div class=\"wp-block-buttons is-content-justification-center is-layout-flex wp-container-core-buttons-is-layout-16018d1d wp-block-buttons-is-layout-flex\">\n<div class=\"wp-block-button\"><a class=\"wp-block-button__link\" href=\"https:\/\/maatilasiuntiossa.fi\/?page_id=462\">Piha- ja Huoltopalvelut<\/a><\/div>\n<\/div>\n\n\n\n<p><\/p>\n\n\n\n<div class=\"wp-block-buttons is-content-justification-center is-layout-flex wp-container-core-buttons-is-layout-16018d1d wp-block-buttons-is-layout-flex\">\n<div class=\"wp-block-button\"><a class=\"wp-block-button__link\" href=\"https:\/\/maatilasiuntiossa.fi\/?page_id=475\">Rakennus- ja saneerauspalvelut<\/a><\/div>\n<\/div>\n","protected":false},"excerpt":{"rendered":"<p>Palvelut Yrityksemme ja oheispalveluidemme tarina on vasta alussa, mutta kaikki alkaa aina jostain. Yritysideamme l\u00e4hti liikkeelle tarpeesta ratkaista 4 keskeist\u00e4 haastetta. Maaseudun pirstaloitunut palvelutarjonta ja l\u00f6ydett\u00e4vyys, maaseudulla vajaak\u00e4yt\u00f6ll\u00e4 olevat kiinteist\u00f6t, maaseudun elinvoimaisuus ja mielek\u00e4s ymp\u00e4rivuotinen ty\u00f6 johon voit itse vaikuttaa. Ratkaisut n\u00e4ihin haasteisiin l\u00f6ysimme uudenlaisesta liiketoimintakonseptistamme, joka mahdollistaa maalla asumisen ja maatilalla tekemiemme t\u00f6iden tarjonnan my\u00f6s maatilamme ulkopuolelle. Ajattelemme, ett\u00e4 maaseudun kautta toimivalla asiakasl\u00e4ht\u00f6isell\u00e4, yksityishenkil\u00f6it\u00e4 ja yhteis\u00f6j\u00e4 yhdist\u00e4v\u00e4ll\u00e4 yritystoiminnalla on selkeit\u00e4 etuja. N\u00e4ist\u00e4 keskeisimm\u00e4t ovat meid\u00e4n mielest\u00e4mme toimintamallin ja palvelujen korostunut luotettavuus ja vastuunkanto. &nbsp;&nbsp;&nbsp; Yrityksen toiminta-ajatus Yrityksemme toiminta-ajatus on yhdist\u00e4\u00e4 Maatalouteen olennaisesti liittyv\u00e4t oheispalvelut ja varsinainen maatalous kiinte\u00e4n\u00e4 osana toisiinsa. Maatalous on p\u00e4\u00e4omavaltaista ja laajaa osaamista vaativaa, mutta meille vain osa-aikaista, joten p\u00e4\u00e4timme tarjota osaamisemme ja kalustomme my\u00f6s muiden k\u00e4ytt\u00f6\u00f6n ja yhdist\u00e4\u00e4 alueen tekij\u00e4t ja vajaak\u00e4yt\u00f6ll\u00e4 oleva kalusto yhteen.<\/p>\n","protected":false},"author":1,"featured_media":0,"parent":0,"menu_order":0,"comment_status":"closed","ping_status":"closed","template":"","meta":{"footnotes":""},"class_list":["post-38","page","type-page","status-publish"],"_links":{"self":[{"href":"https:\/\/maatilasiuntiossa.fi\/index.php?rest_route=\/wp\/v2\/pages\/38","targetHints":{"allow":["GET"]}}],"collection":[{"href":"https:\/\/maatilasiuntiossa.fi\/index.php?rest_route=\/wp\/v2\/pages"}],"about":[{"href":"https:\/\/maatilasiuntiossa.fi\/index.php?rest_route=\/wp\/v2\/types\/page"}],"author":[{"embeddable":true,"href":"https:\/\/maatilasiuntiossa.fi\/index.php?rest_route=\/wp\/v2\/users\/1"}],"replies":[{"embeddable":true,"href":"https:\/\/maatilasiuntiossa.fi\/index.php?rest_route=%2Fwp%2Fv2%2Fcomments&post=38"}],"version-history":[{"count":10,"href":"https:\/\/maatilasiuntiossa.fi\/index.php?rest_route=\/wp\/v2\/pages\/38\/revisions"}],"predecessor-version":[{"id":649,"href":"https:\/\/maatilasiuntiossa.fi\/index.php?rest_route=\/wp\/v2\/pages\/38\/revisions\/649"}],"wp:attachment":[{"href":"https:\/\/maatilasiuntiossa.fi\/index.php?rest_route=%2Fwp%2Fv2%2Fmedia&parent=38"}],"curies":[{"name":"wp","href":"https:\/\/api.w.org\/{rel}","templated":true}]}}