{"id":312,"date":"2022-06-22T15:23:31","date_gmt":"2022-06-22T15:23:31","guid":{"rendered":"https:\/\/maatilasiuntiossa.fi\/?page_id=312"},"modified":"2023-04-04T12:32:06","modified_gmt":"2023-04-04T12:32:06","slug":"markkinointiyhteistyo","status":"publish","type":"page","link":"https:\/\/maatilasiuntiossa.fi\/?page_id=312","title":{"rendered":"Markkinointiyhteisty\u00f6"},"content":{"rendered":"\n<h3 class=\"has-text-align-center wp-block-heading\">Onko sinulla omia vajaak\u00e4yt\u00f6ll\u00e4 olevia erikoislaitteita? Voimme hoitaa vuokrauksen puolestasi.<\/h3>\n\n\n\n<p class=\"has-text-align-center\">Yhteisty\u00f6sopimuksessa sovimme vuokrahinnan ja prosentuaalisen tuottojaon. Samalla sovimme onko kone noudettavissa yhti\u00f6mme tiloista vai suoraan sinun luota. Me hoidamme koneen vuokrauksen markkinoinnin ja vuokratilitykset sinulle 3kk v\u00e4lein tai muun sovitun mukaisesti. Koneesi on vuokrauksien ajan vakuutettuna yhti\u00f6mme vakuutuksen alla. Olemme kiinnostuneita l\u00e4hialueen, eli Siuntion, Lohjan ja Kirkkonummen vajaak\u00e4yt\u00f6ll\u00e4 olevasta kalustosta.<\/p>\n\n\n\n<p class=\"has-text-align-center\">Jos olet kiinnostunut miettim\u00e4\u00e4n yhteisty\u00f6t\u00e4, niin ota rohkeasti yhteytt\u00e4:<strong> <\/strong><\/p>\n\n\n\n<p class=\"has-text-align-center\"><strong>puh. 050-1309 <\/strong><\/p>\n\n\n\n<p class=\"has-text-align-center\"><strong>email: info@is-farmi.com <\/strong><\/p>\n","protected":false},"excerpt":{"rendered":"<p>Onko sinulla omia vajaak\u00e4yt\u00f6ll\u00e4 olevia erikoislaitteita? Voimme hoitaa vuokrauksen puolestasi. Yhteisty\u00f6sopimuksessa sovimme vuokrahinnan ja prosentuaalisen tuottojaon. Samalla sovimme onko kone noudettavissa yhti\u00f6mme tiloista vai suoraan sinun luota. Me hoidamme koneen vuokrauksen markkinoinnin ja vuokratilitykset sinulle 3kk v\u00e4lein tai muun sovitun mukaisesti. Koneesi on vuokrauksien ajan vakuutettuna yhti\u00f6mme vakuutuksen alla. Olemme kiinnostuneita l\u00e4hialueen, eli Siuntion, Lohjan ja Kirkkonummen vajaak\u00e4yt\u00f6ll\u00e4 olevasta kalustosta. Jos olet kiinnostunut miettim\u00e4\u00e4n yhteisty\u00f6t\u00e4, niin ota rohkeasti yhteytt\u00e4: puh. 050-1309 email: info@is-farmi.com<\/p>\n","protected":false},"author":1,"featured_media":0,"parent":0,"menu_order":0,"comment_status":"closed","ping_status":"closed","template":"","meta":{"footnotes":""},"class_list":["post-312","page","type-page","status-publish"],"_links":{"self":[{"href":"https:\/\/maatilasiuntiossa.fi\/index.php?rest_route=\/wp\/v2\/pages\/312","targetHints":{"allow":["GET"]}}],"collection":[{"href":"https:\/\/maatilasiuntiossa.fi\/index.php?rest_route=\/wp\/v2\/pages"}],"about":[{"href":"https:\/\/maatilasiuntiossa.fi\/index.php?rest_route=\/wp\/v2\/types\/page"}],"author":[{"embeddable":true,"href":"https:\/\/maatilasiuntiossa.fi\/index.php?rest_route=\/wp\/v2\/users\/1"}],"replies":[{"embeddable":true,"href":"https:\/\/maatilasiuntiossa.fi\/index.php?rest_route=%2Fwp%2Fv2%2Fcomments&post=312"}],"version-history":[{"count":2,"href":"https:\/\/maatilasiuntiossa.fi\/index.php?rest_route=\/wp\/v2\/pages\/312\/revisions"}],"predecessor-version":[{"id":652,"href":"https:\/\/maatilasiuntiossa.fi\/index.php?rest_route=\/wp\/v2\/pages\/312\/revisions\/652"}],"wp:attachment":[{"href":"https:\/\/maatilasiuntiossa.fi\/index.php?rest_route=%2Fwp%2Fv2%2Fmedia&parent=312"}],"curies":[{"name":"wp","href":"https:\/\/api.w.org\/{rel}","templated":true}]}}