{"id":238,"date":"2022-06-22T08:33:37","date_gmt":"2022-06-22T08:33:37","guid":{"rendered":"https:\/\/maatilasiuntiossa.fi\/?page_id=238"},"modified":"2023-04-06T12:41:51","modified_gmt":"2023-04-06T12:41:51","slug":"sekalainen-kalusto","status":"publish","type":"page","link":"https:\/\/maatilasiuntiossa.fi\/?page_id=238","title":{"rendered":"Sekalainen kalusto"},"content":{"rendered":"\n<div class=\"wp-block-columns is-layout-flex wp-container-core-columns-is-layout-9d6595d7 wp-block-columns-is-layout-flex\">\n<div class=\"wp-block-column is-layout-flow wp-block-column-is-layout-flow\" style=\"flex-basis:33.33%\">\n<figure class=\"wp-block-image size-full\"><img loading=\"lazy\" decoding=\"async\" width=\"460\" height=\"460\" src=\"https:\/\/maatilasiuntiossa.fi\/wp-content\/uploads\/2023\/04\/maapora.jpeg\" alt=\"\" class=\"wp-image-703\" srcset=\"https:\/\/maatilasiuntiossa.fi\/wp-content\/uploads\/2023\/04\/maapora.jpeg 460w, https:\/\/maatilasiuntiossa.fi\/wp-content\/uploads\/2023\/04\/maapora-300x300.jpeg 300w, https:\/\/maatilasiuntiossa.fi\/wp-content\/uploads\/2023\/04\/maapora-150x150.jpeg 150w\" sizes=\"auto, (max-width: 460px) 100vw, 460px\" \/><\/figure>\n<\/div>\n\n\n\n<div class=\"wp-block-column is-layout-flow wp-block-column-is-layout-flow\" style=\"flex-basis:66.66%\">\n<h2 class=\"wp-block-heading\">Maapora<\/h2>\n\n\n\n<p><strong>25\u20ac\/pv sis. alv<\/strong><\/p>\n\n\n\n<p><strong>100\u20ac\/vk sis.alv<\/strong><\/p>\n\n\n\n<p>Tehokas maapora 150mm, 90mm ja 60mm terill\u00e4.<\/p>\n\n\n\n<p><\/p>\n<\/div>\n<\/div>\n\n\n\n<p>Lis\u00e4ksi l\u00f6ytyy Vannehtimiskone ja kiinnitin vannekone, turvavaljaita k\u00f6ysineen 10\u20ac\/pv, 50\u20acvk.<\/p>\n","protected":false},"excerpt":{"rendered":"<p>Maapora 25\u20ac\/pv sis. alv 100\u20ac\/vk sis.alv Tehokas maapora 150mm, 90mm ja 60mm terill\u00e4. Lis\u00e4ksi l\u00f6ytyy Vannehtimiskone ja kiinnitin vannekone, turvavaljaita k\u00f6ysineen 10\u20ac\/pv, 50\u20acvk.<\/p>\n","protected":false},"author":1,"featured_media":0,"parent":0,"menu_order":0,"comment_status":"closed","ping_status":"closed","template":"","meta":{"footnotes":""},"class_list":["post-238","page","type-page","status-publish"],"_links":{"self":[{"href":"https:\/\/maatilasiuntiossa.fi\/index.php?rest_route=\/wp\/v2\/pages\/238","targetHints":{"allow":["GET"]}}],"collection":[{"href":"https:\/\/maatilasiuntiossa.fi\/index.php?rest_route=\/wp\/v2\/pages"}],"about":[{"href":"https:\/\/maatilasiuntiossa.fi\/index.php?rest_route=\/wp\/v2\/types\/page"}],"author":[{"embeddable":true,"href":"https:\/\/maatilasiuntiossa.fi\/index.php?rest_route=\/wp\/v2\/users\/1"}],"replies":[{"embeddable":true,"href":"https:\/\/maatilasiuntiossa.fi\/index.php?rest_route=%2Fwp%2Fv2%2Fcomments&post=238"}],"version-history":[{"count":3,"href":"https:\/\/maatilasiuntiossa.fi\/index.php?rest_route=\/wp\/v2\/pages\/238\/revisions"}],"predecessor-version":[{"id":722,"href":"https:\/\/maatilasiuntiossa.fi\/index.php?rest_route=\/wp\/v2\/pages\/238\/revisions\/722"}],"wp:attachment":[{"href":"https:\/\/maatilasiuntiossa.fi\/index.php?rest_route=%2Fwp%2Fv2%2Fmedia&parent=238"}],"curies":[{"name":"wp","href":"https:\/\/api.w.org\/{rel}","templated":true}]}}