{"id":236,"date":"2022-06-22T08:32:37","date_gmt":"2022-06-22T08:32:37","guid":{"rendered":"https:\/\/maatilasiuntiossa.fi\/?page_id=236"},"modified":"2023-04-04T13:52:14","modified_gmt":"2023-04-04T13:52:14","slug":"puutarhanhoitokalusto","status":"publish","type":"page","link":"https:\/\/maatilasiuntiossa.fi\/?page_id=236","title":{"rendered":"Puutarhanhoitokalusto"},"content":{"rendered":"\n<div class=\"wp-block-columns is-layout-flex wp-container-core-columns-is-layout-9d6595d7 wp-block-columns-is-layout-flex\">\n<div class=\"wp-block-column is-layout-flow wp-block-column-is-layout-flow\" style=\"flex-basis:33.33%\">\n<figure class=\"wp-block-image size-full\"><img loading=\"lazy\" decoding=\"async\" width=\"520\" height=\"520\" src=\"https:\/\/maatilasiuntiossa.fi\/wp-content\/uploads\/2023\/04\/Bronco-haketin-2.jpeg\" alt=\"\" class=\"wp-image-698\" srcset=\"https:\/\/maatilasiuntiossa.fi\/wp-content\/uploads\/2023\/04\/Bronco-haketin-2.jpeg 520w, https:\/\/maatilasiuntiossa.fi\/wp-content\/uploads\/2023\/04\/Bronco-haketin-2-300x300.jpeg 300w, https:\/\/maatilasiuntiossa.fi\/wp-content\/uploads\/2023\/04\/Bronco-haketin-2-150x150.jpeg 150w\" sizes=\"auto, (max-width: 520px) 100vw, 520px\" \/><\/figure>\n<\/div>\n\n\n\n<div class=\"wp-block-column is-layout-flow wp-block-column-is-layout-flow\" style=\"flex-basis:66.66%\">\n<h2 class=\"wp-block-heading\">Bronco 15hp haketin<\/h2>\n\n\n\n<p>30\u20ac\/pv tai 50\u20ac\/vkl<\/p>\n\n\n\n<p>Kevyt siirt\u00e4\u00e4 my\u00f6s k\u00e4sin, m\u00f6nkij\u00e4ll\u00e4 tai p\u00e4\u00e4lt\u00e4 ajettavalla ruohonleikkurilla paikasta toiseen. <\/p>\n<\/div>\n<\/div>\n\n\n\n<div class=\"wp-block-columns is-layout-flex wp-container-core-columns-is-layout-9d6595d7 wp-block-columns-is-layout-flex\">\n<div class=\"wp-block-column is-layout-flow wp-block-column-is-layout-flow\" style=\"flex-basis:33.33%\">\n<figure class=\"wp-block-image size-large\"><img loading=\"lazy\" decoding=\"async\" width=\"1024\" height=\"576\" src=\"https:\/\/maatilasiuntiossa.fi\/wp-content\/uploads\/2023\/04\/john-2-1024x576.webp\" alt=\"\" class=\"wp-image-699\" srcset=\"https:\/\/maatilasiuntiossa.fi\/wp-content\/uploads\/2023\/04\/john-2-1024x576.webp 1024w, https:\/\/maatilasiuntiossa.fi\/wp-content\/uploads\/2023\/04\/john-2-300x169.webp 300w, https:\/\/maatilasiuntiossa.fi\/wp-content\/uploads\/2023\/04\/john-2-768x432.webp 768w, https:\/\/maatilasiuntiossa.fi\/wp-content\/uploads\/2023\/04\/john-2.webp 1366w\" sizes=\"auto, (max-width: 1024px) 100vw, 1024px\" \/><\/figure>\n<\/div>\n\n\n\n<div class=\"wp-block-column is-layout-flow wp-block-column-is-layout-flow\" style=\"flex-basis:66.66%\">\n<h2 class=\"wp-block-heading\">John Deere, ruohonleikkuri<\/h2>\n\n\n\n<p>30\u20ac\/pv tai 50\u20ac\/vkl<\/p>\n\n\n\n<p>Nopeaan nurmikonhoitoon p\u00e4\u00e4lt\u00e4 ajettava ruohonleikkuri<\/p>\n<\/div>\n<\/div>\n\n\n\n<div class=\"wp-block-columns is-layout-flex wp-container-core-columns-is-layout-9d6595d7 wp-block-columns-is-layout-flex\">\n<div class=\"wp-block-column is-layout-flow wp-block-column-is-layout-flow\" style=\"flex-basis:33.33%\">\n<figure class=\"wp-block-image size-full\"><img loading=\"lazy\" decoding=\"async\" width=\"460\" height=\"690\" src=\"https:\/\/maatilasiuntiossa.fi\/wp-content\/uploads\/2023\/04\/stihl-490.jpeg\" alt=\"\" class=\"wp-image-700\" srcset=\"https:\/\/maatilasiuntiossa.fi\/wp-content\/uploads\/2023\/04\/stihl-490.jpeg 460w, https:\/\/maatilasiuntiossa.fi\/wp-content\/uploads\/2023\/04\/stihl-490-200x300.jpeg 200w\" sizes=\"auto, (max-width: 460px) 100vw, 460px\" \/><\/figure>\n<\/div>\n\n\n\n<div class=\"wp-block-column is-layout-flow wp-block-column-is-layout-flow\" style=\"flex-basis:66.66%\">\n<h2 class=\"wp-block-heading\">Raivaussaha, ammattik\u00e4ytt\u00f6\u00f6n <\/h2>\n\n\n\n<p>20\u20ac\/pv tai 50\u20ac\/vkl<\/p>\n\n\n\n<p>Stihl 490-C mallin vaativaan k\u00e4ytt\u00f6\u00f6n. <\/p>\n<\/div>\n<\/div>\n\n\n\n<p>Lis\u00e4ksi l\u00f6ytyy vuokrausk\u00e4ytt\u00f6\u00f6n, Ty\u00f6nnett\u00e4v\u00e4 Makitan ruohonleikkuri ja Stihlin moottorisahoja 10\u20ac\/pv tai 50\u20ac\/vk. <\/p>\n","protected":false},"excerpt":{"rendered":"<p>Bronco 15hp haketin 30\u20ac\/pv tai 50\u20ac\/vkl Kevyt siirt\u00e4\u00e4 my\u00f6s k\u00e4sin, m\u00f6nkij\u00e4ll\u00e4 tai p\u00e4\u00e4lt\u00e4 ajettavalla ruohonleikkurilla paikasta toiseen. John Deere, ruohonleikkuri 30\u20ac\/pv tai 50\u20ac\/vkl Nopeaan nurmikonhoitoon p\u00e4\u00e4lt\u00e4 ajettava ruohonleikkuri Raivaussaha, ammattik\u00e4ytt\u00f6\u00f6n 20\u20ac\/pv tai 50\u20ac\/vkl Stihl 490-C mallin vaativaan k\u00e4ytt\u00f6\u00f6n. Lis\u00e4ksi l\u00f6ytyy vuokrausk\u00e4ytt\u00f6\u00f6n, Ty\u00f6nnett\u00e4v\u00e4 Makitan ruohonleikkuri ja Stihlin moottorisahoja 10\u20ac\/pv tai 50\u20ac\/vk.<\/p>\n","protected":false},"author":1,"featured_media":0,"parent":0,"menu_order":0,"comment_status":"closed","ping_status":"closed","template":"","meta":{"footnotes":""},"class_list":["post-236","page","type-page","status-publish"],"_links":{"self":[{"href":"https:\/\/maatilasiuntiossa.fi\/index.php?rest_route=\/wp\/v2\/pages\/236","targetHints":{"allow":["GET"]}}],"collection":[{"href":"https:\/\/maatilasiuntiossa.fi\/index.php?rest_route=\/wp\/v2\/pages"}],"about":[{"href":"https:\/\/maatilasiuntiossa.fi\/index.php?rest_route=\/wp\/v2\/types\/page"}],"author":[{"embeddable":true,"href":"https:\/\/maatilasiuntiossa.fi\/index.php?rest_route=\/wp\/v2\/users\/1"}],"replies":[{"embeddable":true,"href":"https:\/\/maatilasiuntiossa.fi\/index.php?rest_route=%2Fwp%2Fv2%2Fcomments&post=236"}],"version-history":[{"count":3,"href":"https:\/\/maatilasiuntiossa.fi\/index.php?rest_route=\/wp\/v2\/pages\/236\/revisions"}],"predecessor-version":[{"id":701,"href":"https:\/\/maatilasiuntiossa.fi\/index.php?rest_route=\/wp\/v2\/pages\/236\/revisions\/701"}],"wp:attachment":[{"href":"https:\/\/maatilasiuntiossa.fi\/index.php?rest_route=%2Fwp%2Fv2%2Fmedia&parent=236"}],"curies":[{"name":"wp","href":"https:\/\/api.w.org\/{rel}","templated":true}]}}