{"id":232,"date":"2022-06-22T08:31:39","date_gmt":"2022-06-22T08:31:39","guid":{"rendered":"https:\/\/maatilasiuntiossa.fi\/?page_id=232"},"modified":"2023-04-06T13:34:39","modified_gmt":"2023-04-06T13:34:39","slug":"piikkaus-ja-porakoneet","status":"publish","type":"page","link":"https:\/\/maatilasiuntiossa.fi\/?page_id=232","title":{"rendered":"Piikkaus- ja porakoneet"},"content":{"rendered":"\n<p> <\/p>\n\n\n\n<div class=\"wp-block-columns is-layout-flex wp-container-core-columns-is-layout-9d6595d7 wp-block-columns-is-layout-flex\">\n<div class=\"wp-block-column is-layout-flow wp-block-column-is-layout-flow\" style=\"flex-basis:33.33%\">\n<figure class=\"wp-block-image size-full\"><img loading=\"lazy\" decoding=\"async\" width=\"640\" height=\"248\" src=\"https:\/\/maatilasiuntiossa.fi\/wp-content\/uploads\/2023\/04\/Maakiilavasara.jpeg\" alt=\"\" class=\"wp-image-694\" srcset=\"https:\/\/maatilasiuntiossa.fi\/wp-content\/uploads\/2023\/04\/Maakiilavasara.jpeg 640w, https:\/\/maatilasiuntiossa.fi\/wp-content\/uploads\/2023\/04\/Maakiilavasara-300x116.jpeg 300w\" sizes=\"auto, (max-width: 640px) 100vw, 640px\" \/><\/figure>\n<\/div>\n\n\n\n<div class=\"wp-block-column is-layout-flow wp-block-column-is-layout-flow\" style=\"flex-basis:66.66%\">\n<h3 class=\"wp-block-heading\">Hitachi maakiilavasara\/murtovasara<\/h3>\n\n\n\n<p>10\u20ac\/pv, 50\u20ac\/vk sis. alv<\/p>\n\n\n\n<p>Mukana 1kpl ter\u00e4v\u00e4k\u00e4rkist\u00e4 ter\u00e4\u00e4.<\/p>\n\n\n\n<p>J\u00e4re\u00e4\u00e4 ty\u00f6tehoa 1340w ja painoa n. 16kg<\/p>\n<\/div>\n<\/div>\n\n\n\n<p>Lis\u00e4ksi l\u00f6ytyy Makitan poravasaraa, porakonetta, pylv\u00e4sporakonetta, ruuvinv\u00e4\u00e4nnint\u00e4, piikit- ja taltat laitteisiin 10\u20ac\/pv vuokralla. <\/p>\n","protected":false},"excerpt":{"rendered":"<p>Hitachi maakiilavasara\/murtovasara 10\u20ac\/pv, 50\u20ac\/vk sis. alv Mukana 1kpl ter\u00e4v\u00e4k\u00e4rkist\u00e4 ter\u00e4\u00e4. J\u00e4re\u00e4\u00e4 ty\u00f6tehoa 1340w ja painoa n. 16kg Lis\u00e4ksi l\u00f6ytyy Makitan poravasaraa, porakonetta, pylv\u00e4sporakonetta, ruuvinv\u00e4\u00e4nnint\u00e4, piikit- ja taltat laitteisiin 10\u20ac\/pv vuokralla.<\/p>\n","protected":false},"author":1,"featured_media":0,"parent":0,"menu_order":0,"comment_status":"closed","ping_status":"closed","template":"","meta":{"footnotes":""},"class_list":["post-232","page","type-page","status-publish"],"_links":{"self":[{"href":"https:\/\/maatilasiuntiossa.fi\/index.php?rest_route=\/wp\/v2\/pages\/232","targetHints":{"allow":["GET"]}}],"collection":[{"href":"https:\/\/maatilasiuntiossa.fi\/index.php?rest_route=\/wp\/v2\/pages"}],"about":[{"href":"https:\/\/maatilasiuntiossa.fi\/index.php?rest_route=\/wp\/v2\/types\/page"}],"author":[{"embeddable":true,"href":"https:\/\/maatilasiuntiossa.fi\/index.php?rest_route=\/wp\/v2\/users\/1"}],"replies":[{"embeddable":true,"href":"https:\/\/maatilasiuntiossa.fi\/index.php?rest_route=%2Fwp%2Fv2%2Fcomments&post=232"}],"version-history":[{"count":5,"href":"https:\/\/maatilasiuntiossa.fi\/index.php?rest_route=\/wp\/v2\/pages\/232\/revisions"}],"predecessor-version":[{"id":732,"href":"https:\/\/maatilasiuntiossa.fi\/index.php?rest_route=\/wp\/v2\/pages\/232\/revisions\/732"}],"wp:attachment":[{"href":"https:\/\/maatilasiuntiossa.fi\/index.php?rest_route=%2Fwp%2Fv2%2Fmedia&parent=232"}],"curies":[{"name":"wp","href":"https:\/\/api.w.org\/{rel}","templated":true}]}}