{"id":230,"date":"2022-06-22T08:31:16","date_gmt":"2022-06-22T08:31:16","guid":{"rendered":"https:\/\/maatilasiuntiossa.fi\/?page_id=230"},"modified":"2023-04-06T13:18:11","modified_gmt":"2023-04-06T13:18:11","slug":"nosto-ja-siirtokalusto","status":"publish","type":"page","link":"https:\/\/maatilasiuntiossa.fi\/?page_id=230","title":{"rendered":"Nosto-ja siirtokalusto"},"content":{"rendered":"\n<div class=\"wp-block-columns is-layout-flex wp-container-core-columns-is-layout-9d6595d7 wp-block-columns-is-layout-flex\">\n<div class=\"wp-block-column is-layout-flow wp-block-column-is-layout-flow\" style=\"flex-basis:33.33%\">\n<figure class=\"wp-block-image size-full\"><img loading=\"lazy\" decoding=\"async\" width=\"1000\" height=\"1000\" src=\"https:\/\/maatilasiuntiossa.fi\/wp-content\/uploads\/2023\/04\/Levyhissi.jpeg\" alt=\"\" class=\"wp-image-689\" srcset=\"https:\/\/maatilasiuntiossa.fi\/wp-content\/uploads\/2023\/04\/Levyhissi.jpeg 1000w, https:\/\/maatilasiuntiossa.fi\/wp-content\/uploads\/2023\/04\/Levyhissi-300x300.jpeg 300w, https:\/\/maatilasiuntiossa.fi\/wp-content\/uploads\/2023\/04\/Levyhissi-150x150.jpeg 150w, https:\/\/maatilasiuntiossa.fi\/wp-content\/uploads\/2023\/04\/Levyhissi-768x768.jpeg 768w\" sizes=\"auto, (max-width: 1000px) 100vw, 1000px\" \/><\/figure>\n<\/div>\n\n\n\n<div class=\"wp-block-column is-layout-flow wp-block-column-is-layout-flow\" style=\"flex-basis:66.66%\">\n<h3 class=\"wp-block-heading\">Levyhissi 3m<\/h3>\n\n\n\n<p>10\u20ac\/pv<\/p>\n\n\n\n<p>50\u20ac\/vk<\/p>\n\n\n\n<p>L\u00e4hes pakollinen ty\u00f6kalu kattojen levytt\u00e4misess\u00e4. <\/p>\n<\/div>\n<\/div>\n\n\n\n<div class=\"wp-block-columns is-layout-flex wp-container-core-columns-is-layout-9d6595d7 wp-block-columns-is-layout-flex\">\n<div class=\"wp-block-column is-layout-flow wp-block-column-is-layout-flow\" style=\"flex-basis:33.33%\">\n<figure class=\"wp-block-image size-large\"><img loading=\"lazy\" decoding=\"async\" width=\"1024\" height=\"683\" src=\"https:\/\/maatilasiuntiossa.fi\/wp-content\/uploads\/2023\/04\/Koneen-kuljetuska\u0308rry-1024x683.jpg\" alt=\"\" class=\"wp-image-727\" srcset=\"https:\/\/maatilasiuntiossa.fi\/wp-content\/uploads\/2023\/04\/Koneen-kuljetuska\u0308rry-1024x683.jpg 1024w, https:\/\/maatilasiuntiossa.fi\/wp-content\/uploads\/2023\/04\/Koneen-kuljetuska\u0308rry-300x200.jpg 300w, https:\/\/maatilasiuntiossa.fi\/wp-content\/uploads\/2023\/04\/Koneen-kuljetuska\u0308rry-768x513.jpg 768w, https:\/\/maatilasiuntiossa.fi\/wp-content\/uploads\/2023\/04\/Koneen-kuljetuska\u0308rry.jpg 1242w\" sizes=\"auto, (max-width: 1024px) 100vw, 1024px\" \/><\/figure>\n<\/div>\n\n\n\n<div class=\"wp-block-column is-layout-flow wp-block-column-is-layout-flow\" style=\"flex-basis:66.66%\">\n<h2 class=\"wp-block-heading\">Koneen kuljetusk\u00e4rry 2600kg<\/h2>\n\n\n\n<p><strong>80\u20ac\/pv tai 300\u20ac\/vk sis. alv<\/strong><\/p>\n\n\n\n<p>Vuokrataan koneen kuljetusk\u00e4rry p\u00e4iv\u00e4-, tai viikkovuokralla. K\u00e4rry on erinomainen apu raskaamman kaluston ja koneiden kuljetukseen, esimerkiksi pientraktorien, pienkaivinkoneiden ja muiden vastaavien laitteiden siirtelyyn.<\/p>\n\n\n\n<p>K\u00e4rry on j\u00e4re\u00e4 ja kest\u00e4v\u00e4. Se on varustettu jarruilla ja kaksiakselisella rakenteella, joka takaa turvallisen kuljetuksen. K\u00e4rryn omapaino on <strong>535kg<\/strong> ja siihen p\u00e4\u00e4lle se kest\u00e4\u00e4 maksimissaan <strong>2065kg<\/strong> painon. Lavan pituus on <strong>3,0 metri\u00e4<\/strong> ja Lavan leveys on <strong>1,55m<\/strong>.<\/p>\n\n\n\n<p>Varmistathan, ett\u00e4 sinulla on riitt\u00e4v\u00e4n vetokyvyn mukainen auto kuljetuksellesi. (Voidaan tarvittaessa vuokrata autokin mukaan)<\/p>\n\n\n\n<p>Vuokraaja vastaa kuljetusk\u00e4rryn noudosta ja palautuksesta, jos ei ole muuta sovittu. Kuljetusk\u00e4rry on noudettavissa Siuntion kirkonkyl\u00e4lt\u00e4 ja sen voi palauttaa samaan paikkaan.<\/p>\n<\/div>\n<\/div>\n\n\n\n<p>Lis\u00e4ksi l\u00f6ytyy Nokkak\u00e4rry\u00e4, porrask\u00e4rry\u00e4 ja pumppuk\u00e4rry\u00e4 <strong>10\u20ac\/pv<\/strong> vuokralla<\/p>\n","protected":false},"excerpt":{"rendered":"<p>Levyhissi 3m 10\u20ac\/pv 50\u20ac\/vk L\u00e4hes pakollinen ty\u00f6kalu kattojen levytt\u00e4misess\u00e4. Koneen kuljetusk\u00e4rry 2600kg 80\u20ac\/pv tai 300\u20ac\/vk sis. alv Vuokrataan koneen kuljetusk\u00e4rry p\u00e4iv\u00e4-, tai viikkovuokralla. K\u00e4rry on erinomainen apu raskaamman kaluston ja koneiden kuljetukseen, esimerkiksi pientraktorien, pienkaivinkoneiden ja muiden vastaavien laitteiden siirtelyyn. K\u00e4rry on j\u00e4re\u00e4 ja kest\u00e4v\u00e4. Se on varustettu jarruilla ja kaksiakselisella rakenteella, joka takaa turvallisen kuljetuksen. K\u00e4rryn omapaino on 535kg ja siihen p\u00e4\u00e4lle se kest\u00e4\u00e4 maksimissaan 2065kg painon. Lavan pituus on 3,0 metri\u00e4 ja Lavan leveys on 1,55m. Varmistathan, ett\u00e4 sinulla on riitt\u00e4v\u00e4n vetokyvyn mukainen auto kuljetuksellesi. (Voidaan tarvittaessa vuokrata autokin mukaan) Vuokraaja vastaa kuljetusk\u00e4rryn noudosta ja palautuksesta, jos ei ole muuta sovittu. Kuljetusk\u00e4rry on noudettavissa Siuntion kirkonkyl\u00e4lt\u00e4 ja sen voi palauttaa samaan paikkaan. Lis\u00e4ksi l\u00f6ytyy Nokkak\u00e4rry\u00e4, porrask\u00e4rry\u00e4 ja pumppuk\u00e4rry\u00e4 10\u20ac\/pv vuokralla<\/p>\n","protected":false},"author":1,"featured_media":0,"parent":0,"menu_order":0,"comment_status":"closed","ping_status":"closed","template":"","meta":{"footnotes":""},"class_list":["post-230","page","type-page","status-publish"],"_links":{"self":[{"href":"https:\/\/maatilasiuntiossa.fi\/index.php?rest_route=\/wp\/v2\/pages\/230","targetHints":{"allow":["GET"]}}],"collection":[{"href":"https:\/\/maatilasiuntiossa.fi\/index.php?rest_route=\/wp\/v2\/pages"}],"about":[{"href":"https:\/\/maatilasiuntiossa.fi\/index.php?rest_route=\/wp\/v2\/types\/page"}],"author":[{"embeddable":true,"href":"https:\/\/maatilasiuntiossa.fi\/index.php?rest_route=\/wp\/v2\/users\/1"}],"replies":[{"embeddable":true,"href":"https:\/\/maatilasiuntiossa.fi\/index.php?rest_route=%2Fwp%2Fv2%2Fcomments&post=230"}],"version-history":[{"count":6,"href":"https:\/\/maatilasiuntiossa.fi\/index.php?rest_route=\/wp\/v2\/pages\/230\/revisions"}],"predecessor-version":[{"id":730,"href":"https:\/\/maatilasiuntiossa.fi\/index.php?rest_route=\/wp\/v2\/pages\/230\/revisions\/730"}],"wp:attachment":[{"href":"https:\/\/maatilasiuntiossa.fi\/index.php?rest_route=%2Fwp%2Fv2%2Fmedia&parent=230"}],"curies":[{"name":"wp","href":"https:\/\/api.w.org\/{rel}","templated":true}]}}