{"id":228,"date":"2022-06-22T08:30:46","date_gmt":"2022-06-22T08:30:46","guid":{"rendered":"https:\/\/maatilasiuntiossa.fi\/?page_id=228"},"modified":"2023-04-04T13:28:11","modified_gmt":"2023-04-04T13:28:11","slug":"naulaimet","status":"publish","type":"page","link":"https:\/\/maatilasiuntiossa.fi\/?page_id=228","title":{"rendered":"Naulaimet"},"content":{"rendered":"\n<div class=\"wp-block-columns is-layout-flex wp-container-core-columns-is-layout-9d6595d7 wp-block-columns-is-layout-flex\">\n<div class=\"wp-block-column is-layout-flow wp-block-column-is-layout-flow\" style=\"flex-basis:33.33%\">\n<figure class=\"wp-block-image size-full\"><img loading=\"lazy\" decoding=\"async\" width=\"334\" height=\"315\" src=\"https:\/\/maatilasiuntiossa.fi\/wp-content\/uploads\/2023\/04\/Palsode-IM350.jpeg\" alt=\"\" class=\"wp-image-687\" srcset=\"https:\/\/maatilasiuntiossa.fi\/wp-content\/uploads\/2023\/04\/Palsode-IM350.jpeg 334w, https:\/\/maatilasiuntiossa.fi\/wp-content\/uploads\/2023\/04\/Palsode-IM350-300x283.jpeg 300w\" sizes=\"auto, (max-width: 334px) 100vw, 334px\" \/><\/figure>\n<\/div>\n\n\n\n<div class=\"wp-block-column is-layout-flow wp-block-column-is-layout-flow\" style=\"flex-basis:66.66%\">\n<h3 class=\"wp-block-heading\">Passlode Impulssi runkonaulain<\/h3>\n\n\n\n<p><strong>20\u20ac\/pv<\/strong><\/p>\n\n\n\n<p><strong>100\u20ac\/vk<\/strong><\/p>\n\n\n\n<p>Eritt\u00e4in tehokas ja nopea ty\u00f6v\u00e4line ulkoverhoust\u00f6iss\u00e4 ja monessa muussa. <\/p>\n<\/div>\n<\/div>\n\n\n\n<p>Lis\u00e4ksi l\u00f6ytyy paineilmak\u00e4ytt\u00f6ist\u00e4 runkonaulainta, viimeistelynaulaimia sek\u00e4 paine, ett\u00e4 s\u00e4hk\u00f6johdollisia, hakasnaulaimia, Hiltin panosnaulain panoksilla. <strong>10-20\u20ac\/pv vuokralla<\/strong><\/p>\n","protected":false},"excerpt":{"rendered":"<p>Passlode Impulssi runkonaulain 20\u20ac\/pv 100\u20ac\/vk Eritt\u00e4in tehokas ja nopea ty\u00f6v\u00e4line ulkoverhoust\u00f6iss\u00e4 ja monessa muussa. Lis\u00e4ksi l\u00f6ytyy paineilmak\u00e4ytt\u00f6ist\u00e4 runkonaulainta, viimeistelynaulaimia sek\u00e4 paine, ett\u00e4 s\u00e4hk\u00f6johdollisia, hakasnaulaimia, Hiltin panosnaulain panoksilla. 10-20\u20ac\/pv vuokralla<\/p>\n","protected":false},"author":1,"featured_media":0,"parent":0,"menu_order":0,"comment_status":"closed","ping_status":"closed","template":"","meta":{"footnotes":""},"class_list":["post-228","page","type-page","status-publish"],"_links":{"self":[{"href":"https:\/\/maatilasiuntiossa.fi\/index.php?rest_route=\/wp\/v2\/pages\/228","targetHints":{"allow":["GET"]}}],"collection":[{"href":"https:\/\/maatilasiuntiossa.fi\/index.php?rest_route=\/wp\/v2\/pages"}],"about":[{"href":"https:\/\/maatilasiuntiossa.fi\/index.php?rest_route=\/wp\/v2\/types\/page"}],"author":[{"embeddable":true,"href":"https:\/\/maatilasiuntiossa.fi\/index.php?rest_route=\/wp\/v2\/users\/1"}],"replies":[{"embeddable":true,"href":"https:\/\/maatilasiuntiossa.fi\/index.php?rest_route=%2Fwp%2Fv2%2Fcomments&post=228"}],"version-history":[{"count":2,"href":"https:\/\/maatilasiuntiossa.fi\/index.php?rest_route=\/wp\/v2\/pages\/228\/revisions"}],"predecessor-version":[{"id":688,"href":"https:\/\/maatilasiuntiossa.fi\/index.php?rest_route=\/wp\/v2\/pages\/228\/revisions\/688"}],"wp:attachment":[{"href":"https:\/\/maatilasiuntiossa.fi\/index.php?rest_route=%2Fwp%2Fv2%2Fmedia&parent=228"}],"curies":[{"name":"wp","href":"https:\/\/api.w.org\/{rel}","templated":true}]}}