{"id":224,"date":"2022-06-22T08:30:05","date_gmt":"2022-06-22T08:30:05","guid":{"rendered":"https:\/\/maatilasiuntiossa.fi\/?page_id=224"},"modified":"2023-04-06T12:25:09","modified_gmt":"2023-04-06T12:25:09","slug":"maantiivistajat","status":"publish","type":"page","link":"https:\/\/maatilasiuntiossa.fi\/?page_id=224","title":{"rendered":"Maantiivist\u00e4j\u00e4t"},"content":{"rendered":"\n<div class=\"wp-block-columns is-layout-flex wp-container-core-columns-is-layout-9d6595d7 wp-block-columns-is-layout-flex\">\n<div class=\"wp-block-column is-layout-flow wp-block-column-is-layout-flow\" style=\"flex-basis:33.33%\">\n<figure class=\"wp-block-image size-full\"><img loading=\"lazy\" decoding=\"async\" width=\"500\" height=\"500\" src=\"https:\/\/maatilasiuntiossa.fi\/wp-content\/uploads\/2023\/04\/Maantiivistaja-dynapac.jpeg\" alt=\"\" class=\"wp-image-678\" srcset=\"https:\/\/maatilasiuntiossa.fi\/wp-content\/uploads\/2023\/04\/Maantiivistaja-dynapac.jpeg 500w, https:\/\/maatilasiuntiossa.fi\/wp-content\/uploads\/2023\/04\/Maantiivistaja-dynapac-300x300.jpeg 300w, https:\/\/maatilasiuntiossa.fi\/wp-content\/uploads\/2023\/04\/Maantiivistaja-dynapac-150x150.jpeg 150w\" sizes=\"auto, (max-width: 500px) 100vw, 500px\" \/><\/figure>\n<\/div>\n\n\n\n<div class=\"wp-block-column is-layout-flow wp-block-column-is-layout-flow\" style=\"flex-basis:66.66%\">\n<h3 class=\"wp-block-heading\">Maantiivist\u00e4j\u00e4 Dynapac 70kg<\/h3>\n\n\n\n<p><strong>30\u20ac\/pv sis. alv.<\/strong><\/p>\n\n\n\n<p><strong>100\u20ac\/vk sis. alv<\/strong><\/p>\n\n\n\n<p>Vuokrataan 70kg t\u00e4ryl\u00e4tk\u00e4 p\u00e4iv\u00e4- tai viikkovuokralla. T\u00e4ryl\u00e4tk\u00e4\/maantiivist\u00e4j\u00e4 on erinomainen ty\u00f6kalu piharakentamiseen, maan tasaukseen ja tiivist\u00e4miseen perustust\u00f6iss\u00e4.<\/p>\n\n\n\n<p>T\u00e4ryl\u00e4tk\u00e4 on k\u00e4ytt\u00f6valmis ja se on varustettu vahvalla moottorilla, joka takaa tehokkaan toiminnan. T\u00e4ryl\u00e4tk\u00e4 painaa 70kg ja sit\u00e4 saa yksin siirretty\u00e4. Se on helppo kuljettaa paikasta toiseen ja voidaan my\u00f6s toimittaa ty\u00f6maalle maksua vastaan.<\/p>\n\n\n\n<p>Vuokraaja vastaa t\u00e4ryl\u00e4tk\u00e4n noudosta ja palautuksesta, jos ei ole muuta sovittu. T\u00e4ryl\u00e4tk\u00e4 on noudettavissa Siuntion kirkonkyl\u00e4lt\u00e4 ja sen voi palauttaa samaan paikkaan.<\/p>\n\n\n\n<p><\/p>\n\n\n\n<p>Jos kiinnostuit, ole hyv\u00e4 ja ota yhteytt\u00e4 puh. 050-1309<\/p>\n<\/div>\n<\/div>\n","protected":false},"excerpt":{"rendered":"<p>Maantiivist\u00e4j\u00e4 Dynapac 70kg 30\u20ac\/pv sis. alv. 100\u20ac\/vk sis. alv Vuokrataan 70kg t\u00e4ryl\u00e4tk\u00e4 p\u00e4iv\u00e4- tai viikkovuokralla. T\u00e4ryl\u00e4tk\u00e4\/maantiivist\u00e4j\u00e4 on erinomainen ty\u00f6kalu piharakentamiseen, maan tasaukseen ja tiivist\u00e4miseen perustust\u00f6iss\u00e4. T\u00e4ryl\u00e4tk\u00e4 on k\u00e4ytt\u00f6valmis ja se on varustettu vahvalla moottorilla, joka takaa tehokkaan toiminnan. T\u00e4ryl\u00e4tk\u00e4 painaa 70kg ja sit\u00e4 saa yksin siirretty\u00e4. Se on helppo kuljettaa paikasta toiseen ja voidaan my\u00f6s toimittaa ty\u00f6maalle maksua vastaan. Vuokraaja vastaa t\u00e4ryl\u00e4tk\u00e4n noudosta ja palautuksesta, jos ei ole muuta sovittu. T\u00e4ryl\u00e4tk\u00e4 on noudettavissa Siuntion kirkonkyl\u00e4lt\u00e4 ja sen voi palauttaa samaan paikkaan. Jos kiinnostuit, ole hyv\u00e4 ja ota yhteytt\u00e4 puh. 050-1309<\/p>\n","protected":false},"author":1,"featured_media":0,"parent":0,"menu_order":0,"comment_status":"closed","ping_status":"closed","template":"","meta":{"footnotes":""},"class_list":["post-224","page","type-page","status-publish"],"_links":{"self":[{"href":"https:\/\/maatilasiuntiossa.fi\/index.php?rest_route=\/wp\/v2\/pages\/224","targetHints":{"allow":["GET"]}}],"collection":[{"href":"https:\/\/maatilasiuntiossa.fi\/index.php?rest_route=\/wp\/v2\/pages"}],"about":[{"href":"https:\/\/maatilasiuntiossa.fi\/index.php?rest_route=\/wp\/v2\/types\/page"}],"author":[{"embeddable":true,"href":"https:\/\/maatilasiuntiossa.fi\/index.php?rest_route=\/wp\/v2\/users\/1"}],"replies":[{"embeddable":true,"href":"https:\/\/maatilasiuntiossa.fi\/index.php?rest_route=%2Fwp%2Fv2%2Fcomments&post=224"}],"version-history":[{"count":4,"href":"https:\/\/maatilasiuntiossa.fi\/index.php?rest_route=\/wp\/v2\/pages\/224\/revisions"}],"predecessor-version":[{"id":718,"href":"https:\/\/maatilasiuntiossa.fi\/index.php?rest_route=\/wp\/v2\/pages\/224\/revisions\/718"}],"wp:attachment":[{"href":"https:\/\/maatilasiuntiossa.fi\/index.php?rest_route=%2Fwp%2Fv2%2Fmedia&parent=224"}],"curies":[{"name":"wp","href":"https:\/\/api.w.org\/{rel}","templated":true}]}}