{"id":213,"date":"2022-06-22T08:27:56","date_gmt":"2022-06-22T08:27:56","guid":{"rendered":"https:\/\/maatilasiuntiossa.fi\/?page_id=213"},"modified":"2023-04-04T13:16:04","modified_gmt":"2023-04-04T13:16:04","slug":"hiomakoneet-ja-jyrsimet","status":"publish","type":"page","link":"https:\/\/maatilasiuntiossa.fi\/?page_id=213","title":{"rendered":"Hiomakoneet ja jyrsimet"},"content":{"rendered":"\n<div class=\"wp-block-columns is-layout-flex wp-container-core-columns-is-layout-9d6595d7 wp-block-columns-is-layout-flex\">\n<div class=\"wp-block-column is-layout-flow wp-block-column-is-layout-flow\" style=\"flex-basis:66.66%\">\n<div class=\"wp-block-columns is-layout-flex wp-container-core-columns-is-layout-9d6595d7 wp-block-columns-is-layout-flex\">\n<div class=\"wp-block-column is-layout-flow wp-block-column-is-layout-flow\" style=\"flex-basis:33.33%\">\n<figure class=\"wp-block-image size-full\"><img loading=\"lazy\" decoding=\"async\" width=\"225\" height=\"225\" src=\"https:\/\/maatilasiuntiossa.fi\/wp-content\/uploads\/2022\/06\/urajyrsin.jpeg\" alt=\"\" class=\"wp-image-379\" srcset=\"https:\/\/maatilasiuntiossa.fi\/wp-content\/uploads\/2022\/06\/urajyrsin.jpeg 225w, https:\/\/maatilasiuntiossa.fi\/wp-content\/uploads\/2022\/06\/urajyrsin-150x150.jpeg 150w\" sizes=\"auto, (max-width: 225px) 100vw, 225px\" \/><\/figure>\n<\/div>\n\n\n\n<div class=\"wp-block-column is-layout-flow wp-block-column-is-layout-flow\" style=\"flex-basis:66.66%\">\n<ul class=\"wp-block-list\"><li>Urajyrsin, s\u00e4hk\u00f6johdollinen<\/li><li>P\u00e4iv\u00e4vuokra <strong>10\u20ac alv 0<\/strong><\/li><li>Viikkovuokra <strong>30\u20ac alv 0<\/strong><\/li><\/ul>\n<\/div>\n<\/div>\n\n\n\n<div class=\"wp-block-columns is-layout-flex wp-container-core-columns-is-layout-9d6595d7 wp-block-columns-is-layout-flex\">\n<div class=\"wp-block-column is-layout-flow wp-block-column-is-layout-flow\" style=\"flex-basis:33.33%\">\n<figure class=\"wp-block-image size-full\"><img loading=\"lazy\" decoding=\"async\" width=\"224\" height=\"224\" src=\"https:\/\/maatilasiuntiossa.fi\/wp-content\/uploads\/2022\/06\/yla\u0308jyrsin-makita-johdollinen.jpeg\" alt=\"\" class=\"wp-image-380\" srcset=\"https:\/\/maatilasiuntiossa.fi\/wp-content\/uploads\/2022\/06\/yla\u0308jyrsin-makita-johdollinen.jpeg 224w, https:\/\/maatilasiuntiossa.fi\/wp-content\/uploads\/2022\/06\/yla\u0308jyrsin-makita-johdollinen-150x150.jpeg 150w\" sizes=\"auto, (max-width: 224px) 100vw, 224px\" \/><\/figure>\n<\/div>\n\n\n\n<div class=\"wp-block-column is-layout-flow wp-block-column-is-layout-flow\" style=\"flex-basis:66.66%\">\n<ul class=\"wp-block-list\"><li>Yl\u00e4jyrsin Makita, s\u00e4hk\u00f6johdollinen<\/li><li>P\u00e4iv\u00e4vuokra <strong>10\u20ac alv 0<\/strong><\/li><li>Viikkovuokra <strong>30\u20ac alv 0<\/strong><\/li><li>Jyrsinter\u00e4paketti mukana<\/li><\/ul>\n<\/div>\n<\/div>\n\n\n\n<div class=\"wp-block-columns is-layout-flex wp-container-core-columns-is-layout-9d6595d7 wp-block-columns-is-layout-flex\">\n<div class=\"wp-block-column is-layout-flow wp-block-column-is-layout-flow\" style=\"flex-basis:33.33%\">\n<figure class=\"wp-block-image size-full\"><img loading=\"lazy\" decoding=\"async\" width=\"310\" height=\"162\" src=\"https:\/\/maatilasiuntiossa.fi\/wp-content\/uploads\/2022\/06\/Iso-makita-kulmahiomakone.jpeg\" alt=\"\" class=\"wp-image-374\" srcset=\"https:\/\/maatilasiuntiossa.fi\/wp-content\/uploads\/2022\/06\/Iso-makita-kulmahiomakone.jpeg 310w, https:\/\/maatilasiuntiossa.fi\/wp-content\/uploads\/2022\/06\/Iso-makita-kulmahiomakone-300x157.jpeg 300w\" sizes=\"auto, (max-width: 310px) 100vw, 310px\" \/><\/figure>\n<\/div>\n\n\n\n<div class=\"wp-block-column is-layout-flow wp-block-column-is-layout-flow\" style=\"flex-basis:66.66%\">\n<ul class=\"wp-block-list\"><li>Kulmahiomakone, iso Makita, 2 akkua+ laturi<\/li><li>P\u00e4iv\u00e4vuokra <strong>10\u20ac alv 0<\/strong><\/li><li>Viikkovuokra <strong>30\u20ac alv 0<\/strong><\/li><li>Laikat edullisesti mukaan<\/li><\/ul>\n<\/div>\n<\/div>\n\n\n\n<div class=\"wp-block-columns is-layout-flex wp-container-core-columns-is-layout-9d6595d7 wp-block-columns-is-layout-flex\">\n<div class=\"wp-block-column is-layout-flow wp-block-column-is-layout-flow\" style=\"flex-basis:33.33%\">\n<figure class=\"wp-block-image size-full\"><img loading=\"lazy\" decoding=\"async\" width=\"295\" height=\"171\" src=\"https:\/\/maatilasiuntiossa.fi\/wp-content\/uploads\/2022\/06\/kulmahiomakone-makita-125.jpeg\" alt=\"\" class=\"wp-image-375\"\/><\/figure>\n<\/div>\n\n\n\n<div class=\"wp-block-column is-layout-flow wp-block-column-is-layout-flow\" style=\"flex-basis:66.66%\">\n<ul class=\"wp-block-list\"><li>Kulmahiomakone Makita 18v 125mm<\/li><li>P\u00e4iv\u00e4vuokra <strong>10\u20ac alv 0<\/strong><\/li><li>Viikkovuokra <strong>30\u20ac alv 0<\/strong><\/li><li>Laikat edullisesti mukaan<\/li><li>Akku+laturi mukana<\/li><\/ul>\n<\/div>\n<\/div>\n\n\n\n<div class=\"wp-block-columns is-layout-flex wp-container-core-columns-is-layout-9d6595d7 wp-block-columns-is-layout-flex\">\n<div class=\"wp-block-column is-layout-flow wp-block-column-is-layout-flow\" style=\"flex-basis:33.33%\">\n<figure class=\"wp-block-image size-full\"><img loading=\"lazy\" decoding=\"async\" width=\"225\" height=\"225\" src=\"https:\/\/maatilasiuntiossa.fi\/wp-content\/uploads\/2022\/06\/monitoimikone-makita.jpeg\" alt=\"\" class=\"wp-image-377\" srcset=\"https:\/\/maatilasiuntiossa.fi\/wp-content\/uploads\/2022\/06\/monitoimikone-makita.jpeg 225w, https:\/\/maatilasiuntiossa.fi\/wp-content\/uploads\/2022\/06\/monitoimikone-makita-150x150.jpeg 150w\" sizes=\"auto, (max-width: 225px) 100vw, 225px\" \/><\/figure>\n<\/div>\n\n\n\n<div class=\"wp-block-column is-layout-flow wp-block-column-is-layout-flow\" style=\"flex-basis:66.66%\">\n<ul class=\"wp-block-list\"><li>Monitoimikone Makita 18v<\/li><li>P\u00e4iv\u00e4vuokra <strong>10\u20ac alv 0<\/strong><\/li><li>Viikkovuokra <strong>30\u20ac alv 0<\/strong><\/li><li>Teri\u00e4 edullisesti mukaan<\/li><li>Akku+laturi mukana<\/li><\/ul>\n<\/div>\n<\/div>\n\n\n\n<div class=\"wp-block-columns is-layout-flex wp-container-core-columns-is-layout-9d6595d7 wp-block-columns-is-layout-flex\">\n<div class=\"wp-block-column is-layout-flow wp-block-column-is-layout-flow\" style=\"flex-basis:33.33%\">\n<figure class=\"wp-block-image size-full\"><img loading=\"lazy\" decoding=\"async\" width=\"224\" height=\"224\" src=\"https:\/\/maatilasiuntiossa.fi\/wp-content\/uploads\/2022\/06\/tasohiomakone-makita.jpeg\" alt=\"\" class=\"wp-image-378\" srcset=\"https:\/\/maatilasiuntiossa.fi\/wp-content\/uploads\/2022\/06\/tasohiomakone-makita.jpeg 224w, https:\/\/maatilasiuntiossa.fi\/wp-content\/uploads\/2022\/06\/tasohiomakone-makita-150x150.jpeg 150w\" sizes=\"auto, (max-width: 224px) 100vw, 224px\" \/><\/figure>\n<\/div>\n\n\n\n<div class=\"wp-block-column is-layout-flow wp-block-column-is-layout-flow\" style=\"flex-basis:66.66%\">\n<ul class=\"wp-block-list\"><li>Tasohiomakone Makita 18v<\/li><li>P\u00e4iv\u00e4vuokra <strong>10\u20ac alv 0<\/strong><\/li><li>Viikkovuokra <strong>30\u20ac alv 0<\/strong><\/li><li>Hiontatarvikkeita edullisesti mukaan<\/li><li>akku+laturi mukana<\/li><\/ul>\n<\/div>\n<\/div>\n\n\n\n<div class=\"wp-block-columns is-layout-flex wp-container-core-columns-is-layout-9d6595d7 wp-block-columns-is-layout-flex\">\n<div class=\"wp-block-column is-layout-flow wp-block-column-is-layout-flow\" style=\"flex-basis:33.33%\">\n<figure class=\"wp-block-image size-full\"><img loading=\"lazy\" decoding=\"async\" width=\"259\" height=\"195\" src=\"https:\/\/maatilasiuntiossa.fi\/wp-content\/uploads\/2022\/06\/lamellijyrsin-Makita.jpeg\" alt=\"\" class=\"wp-image-376\"\/><\/figure>\n<\/div>\n\n\n\n<div class=\"wp-block-column is-layout-flow wp-block-column-is-layout-flow\" style=\"flex-basis:66.66%\">\n<ul class=\"wp-block-list\"><li>Lamellijyrsin Makita 18v<\/li><li>P\u00e4iv\u00e4vuokra <strong>10\u20ac alv 0<\/strong><\/li><li>Viikkovuokra <strong>30\u20ac alv 0<\/strong><\/li><li>akku+laturi mukana<\/li><\/ul>\n<\/div>\n<\/div>\n\n\n\n<div class=\"wp-block-columns is-layout-flex wp-container-core-columns-is-layout-9d6595d7 wp-block-columns-is-layout-flex\">\n<div class=\"wp-block-column is-layout-flow wp-block-column-is-layout-flow\" style=\"flex-basis:33.33%\"><\/div>\n\n\n\n<div class=\"wp-block-column is-layout-flow wp-block-column-is-layout-flow\" style=\"flex-basis:66.66%\"><\/div>\n<\/div>\n<\/div>\n<\/div>\n","protected":false},"excerpt":{"rendered":"<p>Urajyrsin, s\u00e4hk\u00f6johdollinen P\u00e4iv\u00e4vuokra 10\u20ac alv 0 Viikkovuokra 30\u20ac alv 0 Yl\u00e4jyrsin Makita, s\u00e4hk\u00f6johdollinen P\u00e4iv\u00e4vuokra 10\u20ac alv 0 Viikkovuokra 30\u20ac alv 0 Jyrsinter\u00e4paketti mukana Kulmahiomakone, iso Makita, 2 akkua+ laturi P\u00e4iv\u00e4vuokra 10\u20ac alv 0 Viikkovuokra 30\u20ac alv 0 Laikat edullisesti mukaan Kulmahiomakone Makita 18v 125mm P\u00e4iv\u00e4vuokra 10\u20ac alv 0 Viikkovuokra 30\u20ac alv 0 Laikat edullisesti mukaan Akku+laturi mukana Monitoimikone Makita 18v P\u00e4iv\u00e4vuokra 10\u20ac alv 0 Viikkovuokra 30\u20ac alv 0 Teri\u00e4 edullisesti mukaan Akku+laturi mukana Tasohiomakone Makita 18v P\u00e4iv\u00e4vuokra 10\u20ac alv 0 Viikkovuokra 30\u20ac alv 0 Hiontatarvikkeita edullisesti mukaan akku+laturi mukana Lamellijyrsin Makita 18v P\u00e4iv\u00e4vuokra 10\u20ac alv 0 Viikkovuokra 30\u20ac alv 0 akku+laturi mukana<\/p>\n","protected":false},"author":1,"featured_media":0,"parent":0,"menu_order":0,"comment_status":"closed","ping_status":"closed","template":"","meta":{"footnotes":""},"class_list":["post-213","page","type-page","status-publish"],"_links":{"self":[{"href":"https:\/\/maatilasiuntiossa.fi\/index.php?rest_route=\/wp\/v2\/pages\/213","targetHints":{"allow":["GET"]}}],"collection":[{"href":"https:\/\/maatilasiuntiossa.fi\/index.php?rest_route=\/wp\/v2\/pages"}],"about":[{"href":"https:\/\/maatilasiuntiossa.fi\/index.php?rest_route=\/wp\/v2\/types\/page"}],"author":[{"embeddable":true,"href":"https:\/\/maatilasiuntiossa.fi\/index.php?rest_route=\/wp\/v2\/users\/1"}],"replies":[{"embeddable":true,"href":"https:\/\/maatilasiuntiossa.fi\/index.php?rest_route=%2Fwp%2Fv2%2Fcomments&post=213"}],"version-history":[{"count":4,"href":"https:\/\/maatilasiuntiossa.fi\/index.php?rest_route=\/wp\/v2\/pages\/213\/revisions"}],"predecessor-version":[{"id":685,"href":"https:\/\/maatilasiuntiossa.fi\/index.php?rest_route=\/wp\/v2\/pages\/213\/revisions\/685"}],"wp:attachment":[{"href":"https:\/\/maatilasiuntiossa.fi\/index.php?rest_route=%2Fwp%2Fv2%2Fmedia&parent=213"}],"curies":[{"name":"wp","href":"https:\/\/api.w.org\/{rel}","templated":true}]}}