{"id":207,"date":"2022-06-22T08:26:56","date_gmt":"2022-06-22T08:26:56","guid":{"rendered":"https:\/\/maatilasiuntiossa.fi\/?page_id=207"},"modified":"2026-03-29T17:25:48","modified_gmt":"2026-03-29T17:25:48","slug":"ajoneuvot-traktorit","status":"publish","type":"page","link":"https:\/\/maatilasiuntiossa.fi\/?page_id=207","title":{"rendered":"Ajoneuvot, traktorit, pienkaivinkone"},"content":{"rendered":"\n<div class=\"wp-block-columns is-layout-flex wp-container-core-columns-is-layout-9d6595d7 wp-block-columns-is-layout-flex\">\n<div class=\"wp-block-column is-layout-flow wp-block-column-is-layout-flow\" style=\"flex-basis:66.66%\">\n<div class=\"wp-block-columns is-layout-flex wp-container-core-columns-is-layout-9d6595d7 wp-block-columns-is-layout-flex\">\n<div class=\"wp-block-column is-layout-flow wp-block-column-is-layout-flow\" style=\"flex-basis:33.33%\">\n<figure class=\"wp-block-image size-full\"><img loading=\"lazy\" decoding=\"async\" width=\"640\" height=\"480\" src=\"https:\/\/maatilasiuntiossa.fi\/wp-content\/uploads\/2023\/04\/Solis-26HST.jpg\" alt=\"\" class=\"wp-image-639\" srcset=\"https:\/\/maatilasiuntiossa.fi\/wp-content\/uploads\/2023\/04\/Solis-26HST.jpg 640w, https:\/\/maatilasiuntiossa.fi\/wp-content\/uploads\/2023\/04\/Solis-26HST-300x225.jpg 300w\" sizes=\"auto, (max-width: 640px) 100vw, 640px\" \/><\/figure>\n<\/div>\n\n\n\n<div class=\"wp-block-column is-layout-flow wp-block-column-is-layout-flow\" style=\"flex-basis:66.66%\">\n<h3 class=\"wp-block-heading\"><strong>Solis HST26, 2022<\/strong><\/h3>\n\n\n\n<p>Trukkipiikit + sorakauha+ niittyleikkuri+lumiaura+lis\u00e4paino<\/p>\n\n\n\n<p>Vuokra: <strong>128\u20ac\/pv<\/strong> sis. alv tai <strong>309\u20ac\/vkl<\/strong><\/p>\n\n\n\n<p>Kuljettaja <strong>50\u20ac\/h alv 0<\/strong><\/p>\n<\/div>\n<\/div>\n\n\n\n<p>Pientraktori on erinomainen apu pihat\u00f6iss\u00e4, maan tasauksessa, lumit\u00f6iss\u00e4, nosto-ja siirtoteht\u00e4viss\u00e4, soran, murskeen, hiekan levityksess\u00e4, pihakivien siirt\u00e4misess\u00e4 ja monessa muussa asiassa. Tehd\u00e4\u00e4n my\u00f6s halutut ty\u00f6t koneella. <\/p>\n\n\n\n<div class=\"wp-block-columns is-layout-flex wp-container-core-columns-is-layout-9d6595d7 wp-block-columns-is-layout-flex\">\n<div class=\"wp-block-column is-layout-flow wp-block-column-is-layout-flow\" style=\"flex-basis:33.33%\">\n<figure class=\"wp-block-image size-large\"><img loading=\"lazy\" decoding=\"async\" width=\"1024\" height=\"683\" src=\"https:\/\/maatilasiuntiossa.fi\/wp-content\/uploads\/2023\/04\/Koneen-kuljetuska\u0308rry-1024x683.jpg\" alt=\"\" class=\"wp-image-727\" srcset=\"https:\/\/maatilasiuntiossa.fi\/wp-content\/uploads\/2023\/04\/Koneen-kuljetuska\u0308rry-1024x683.jpg 1024w, https:\/\/maatilasiuntiossa.fi\/wp-content\/uploads\/2023\/04\/Koneen-kuljetuska\u0308rry-300x200.jpg 300w, https:\/\/maatilasiuntiossa.fi\/wp-content\/uploads\/2023\/04\/Koneen-kuljetuska\u0308rry-768x513.jpg 768w, https:\/\/maatilasiuntiossa.fi\/wp-content\/uploads\/2023\/04\/Koneen-kuljetuska\u0308rry.jpg 1242w\" sizes=\"auto, (max-width: 1024px) 100vw, 1024px\" \/><\/figure>\n<\/div>\n\n\n\n<div class=\"wp-block-column is-layout-flow wp-block-column-is-layout-flow\" style=\"flex-basis:66.66%\">\n<h2 class=\"wp-block-heading\">Koneen kuljetusk\u00e4rry 2600kg<\/h2>\n\n\n\n<p><strong>80\u20ac\/pv tai 300\u20ac\/vk sis. alv<\/strong><\/p>\n\n\n\n<p>Vuokrataan koneen kuljetusk\u00e4rry p\u00e4iv\u00e4-, tai viikkovuokralla. K\u00e4rry on erinomainen apu raskaamman kaluston ja koneiden kuljetukseen, esimerkiksi pientraktorien, pienkaivinkoneiden ja muiden vastaavien laitteiden siirtelyyn.<\/p>\n\n\n\n<p>K\u00e4rry on j\u00e4re\u00e4 ja kest\u00e4v\u00e4. Se on varustettu jarruilla ja kaksiakselisella rakenteella, joka takaa turvallisen kuljetuksen. K\u00e4rryn omapaino on <strong>535kg<\/strong> ja siihen p\u00e4\u00e4lle se kest\u00e4\u00e4 maksimissaan <strong>2065kg<\/strong> painon. Lavan pituus on <strong>3,0 metri\u00e4<\/strong> ja Lavan leveys on <strong>1,55m<\/strong>.<\/p>\n\n\n\n<p>Varmistathan, ett\u00e4 sinulla on riitt\u00e4v\u00e4n vetokyvyn mukainen auto kuljetuksellesi. (Voidaan tarvittaessa vuokrata autokin mukaan)<\/p>\n\n\n\n<p>Vuokraaja vastaa kuljetusk\u00e4rryn noudosta ja palautuksesta, jos ei ole muuta sovittu. Kuljetusk\u00e4rry on noudettavissa Siuntion kirkonkyl\u00e4lt\u00e4 ja sen voi palauttaa samaan paikkaan.<\/p>\n<\/div>\n<\/div>\n<\/div>\n<\/div>\n\n\n\n<div class=\"wp-block-columns is-layout-flex wp-container-core-columns-is-layout-9d6595d7 wp-block-columns-is-layout-flex\">\n<div class=\"wp-block-column is-layout-flow wp-block-column-is-layout-flow\" style=\"flex-basis:33.33%\">\n<h2 class=\"wp-block-heading\">Kaivinkone <\/h2>\n\n\n\n<p>1500kg Pienkaivinkone, tasaus- ja kaivuukauhalla. <strong>24tunnin vuokraus  150\u20ac sis. Alv. <\/strong>Kaivinkone valmiiksi kuljetus valmiina.<\/p>\n<\/div>\n\n\n\n<div class=\"wp-block-column is-layout-flow wp-block-column-is-layout-flow\" style=\"flex-basis:66.66%\">\n<figure class=\"wp-block-image size-full is-resized\"><img loading=\"lazy\" decoding=\"async\" width=\"640\" height=\"480\" src=\"https:\/\/maatilasiuntiossa.fi\/wp-content\/uploads\/2024\/11\/IMG_6614.jpg\" alt=\"\" class=\"wp-image-1056\" style=\"width:303px;height:auto\" srcset=\"https:\/\/maatilasiuntiossa.fi\/wp-content\/uploads\/2024\/11\/IMG_6614.jpg 640w, https:\/\/maatilasiuntiossa.fi\/wp-content\/uploads\/2024\/11\/IMG_6614-300x225.jpg 300w\" sizes=\"auto, (max-width: 640px) 100vw, 640px\" \/><figcaption class=\"wp-element-caption\">Pienkaivinkone kuljetusvalmiina vuokraukseen<\/figcaption><\/figure>\n<\/div>\n<\/div>\n","protected":false},"excerpt":{"rendered":"<p>Solis HST26, 2022 Trukkipiikit + sorakauha+ niittyleikkuri+lumiaura+lis\u00e4paino Vuokra: 128\u20ac\/pv sis. alv tai 309\u20ac\/vkl Kuljettaja 50\u20ac\/h alv 0 Pientraktori on erinomainen apu pihat\u00f6iss\u00e4, maan tasauksessa, lumit\u00f6iss\u00e4, nosto-ja siirtoteht\u00e4viss\u00e4, soran, murskeen, hiekan levityksess\u00e4, pihakivien siirt\u00e4misess\u00e4 ja monessa muussa asiassa. Tehd\u00e4\u00e4n my\u00f6s halutut ty\u00f6t koneella. Koneen kuljetusk\u00e4rry 2600kg 80\u20ac\/pv tai 300\u20ac\/vk sis. alv Vuokrataan koneen kuljetusk\u00e4rry p\u00e4iv\u00e4-, tai viikkovuokralla. K\u00e4rry on erinomainen apu raskaamman kaluston ja koneiden kuljetukseen, esimerkiksi pientraktorien, pienkaivinkoneiden ja muiden vastaavien laitteiden siirtelyyn. K\u00e4rry on j\u00e4re\u00e4 ja kest\u00e4v\u00e4. Se on varustettu jarruilla ja kaksiakselisella rakenteella, joka takaa turvallisen kuljetuksen. K\u00e4rryn omapaino on 535kg ja siihen p\u00e4\u00e4lle se kest\u00e4\u00e4 maksimissaan 2065kg painon. Lavan pituus on 3,0 metri\u00e4 ja Lavan leveys on 1,55m. Varmistathan, ett\u00e4 sinulla on riitt\u00e4v\u00e4n vetokyvyn mukainen auto kuljetuksellesi. (Voidaan tarvittaessa vuokrata autokin mukaan) Vuokraaja vastaa kuljetusk\u00e4rryn noudosta ja palautuksesta, jos ei ole muuta sovittu. Kuljetusk\u00e4rry on noudettavissa Siuntion kirkonkyl\u00e4lt\u00e4 ja sen voi palauttaa samaan paikkaan. Kaivinkone 1500kg Pienkaivinkone,&hellip;<\/p>\n<p> <a class=\"more-link\" href=\"https:\/\/maatilasiuntiossa.fi\/?page_id=207\">Read more<\/a><\/p>\n","protected":false},"author":1,"featured_media":0,"parent":0,"menu_order":0,"comment_status":"closed","ping_status":"closed","template":"","meta":{"footnotes":""},"class_list":["post-207","page","type-page","status-publish"],"_links":{"self":[{"href":"https:\/\/maatilasiuntiossa.fi\/index.php?rest_route=\/wp\/v2\/pages\/207","targetHints":{"allow":["GET"]}}],"collection":[{"href":"https:\/\/maatilasiuntiossa.fi\/index.php?rest_route=\/wp\/v2\/pages"}],"about":[{"href":"https:\/\/maatilasiuntiossa.fi\/index.php?rest_route=\/wp\/v2\/types\/page"}],"author":[{"embeddable":true,"href":"https:\/\/maatilasiuntiossa.fi\/index.php?rest_route=\/wp\/v2\/users\/1"}],"replies":[{"embeddable":true,"href":"https:\/\/maatilasiuntiossa.fi\/index.php?rest_route=%2Fwp%2Fv2%2Fcomments&post=207"}],"version-history":[{"count":13,"href":"https:\/\/maatilasiuntiossa.fi\/index.php?rest_route=\/wp\/v2\/pages\/207\/revisions"}],"predecessor-version":[{"id":1303,"href":"https:\/\/maatilasiuntiossa.fi\/index.php?rest_route=\/wp\/v2\/pages\/207\/revisions\/1303"}],"wp:attachment":[{"href":"https:\/\/maatilasiuntiossa.fi\/index.php?rest_route=%2Fwp%2Fv2%2Fmedia&parent=207"}],"curies":[{"name":"wp","href":"https:\/\/api.w.org\/{rel}","templated":true}]}}