{"id":203,"date":"2022-06-22T07:06:58","date_gmt":"2022-06-22T07:06:58","guid":{"rendered":"https:\/\/maatilasiuntiossa.fi\/?page_id=203"},"modified":"2023-04-06T09:00:29","modified_gmt":"2023-04-06T09:00:29","slug":"k","status":"publish","type":"page","link":"https:\/\/maatilasiuntiossa.fi\/?page_id=203","title":{"rendered":"Maatilan Konevuokraus"},"content":{"rendered":"\n<div class=\"wp-block-group\"><div class=\"wp-block-group__inner-container is-layout-flow wp-block-group-is-layout-flow\">\n<div class=\"wp-block-columns is-layout-flex wp-container-core-columns-is-layout-9d6595d7 wp-block-columns-is-layout-flex\">\n<div class=\"wp-block-column is-layout-flow wp-block-column-is-layout-flow\" style=\"flex-basis:33.33%\">\n<p><a href=\"https:\/\/maatilasiuntiossa.fi\/?page_id=205\" data-type=\"page\" data-id=\"205\">Aidat, telineet ja tikkaat<\/a><\/p>\n\n\n\n<p><a href=\"https:\/\/maatilasiuntiossa.fi\/?page_id=207\" data-type=\"page\" data-id=\"207\">Ajoneuvot, traktorit<\/a><\/p>\n\n\n\n<p><a href=\"https:\/\/maatilasiuntiossa.fi\/?page_id=209\" data-type=\"page\" data-id=\"209\">Betonointikalusto<\/a><\/p>\n\n\n\n<p><a href=\"https:\/\/maatilasiuntiossa.fi\/?page_id=211\" data-type=\"page\" data-id=\"211\">Generaattorit<\/a><\/p>\n\n\n\n<p><a href=\"https:\/\/maatilasiuntiossa.fi\/?page_id=213\" data-type=\"page\" data-id=\"213\">Hiomakoneet ja jyrsimet<\/a><\/p>\n\n\n\n<p><a href=\"https:\/\/maatilasiuntiossa.fi\/?page_id=216\" data-type=\"page\" data-id=\"216\">Kompressorit ja paineilmakalusto<\/a><\/p>\n\n\n\n<p><a href=\"https:\/\/maatilasiuntiossa.fi\/?page_id=224\" data-type=\"page\" data-id=\"224\">Maantiivist\u00e4j\u00e4t<\/a><\/p>\n\n\n\n<p><a href=\"https:\/\/maatilasiuntiossa.fi\/?page_id=228\" data-type=\"page\" data-id=\"228\">Naulaimet<\/a><\/p>\n\n\n\n<p><a href=\"https:\/\/maatilasiuntiossa.fi\/?page_id=230\" data-type=\"page\" data-id=\"230\">Nosto- ja siirtokalusto<\/a><\/p>\n\n\n\n<p><a href=\"https:\/\/maatilasiuntiossa.fi\/?page_id=232\" data-type=\"page\" data-id=\"232\">Piikkaus- ja porakoneet<\/a><\/p>\n\n\n\n<p><a href=\"https:\/\/maatilasiuntiossa.fi\/?page_id=236\" data-type=\"page\" data-id=\"236\">Puutarhanhoitokalusto<\/a><\/p>\n\n\n\n<p><a href=\"https:\/\/maatilasiuntiossa.fi\/?page_id=238\" data-type=\"page\" data-id=\"238\">Sekalainen kalusto<\/a><\/p>\n\n\n\n<p><a href=\"https:\/\/maatilasiuntiossa.fi\/?page_id=242\" data-type=\"page\" data-id=\"242\">Sirkkelit, sahat ja leikkurit<\/a><\/p>\n<\/div>\n\n\n\n<div class=\"wp-block-column is-layout-flow wp-block-column-is-layout-flow\"><\/div>\n\n\n\n<div class=\"wp-block-column is-layout-flow wp-block-column-is-layout-flow\" style=\"flex-basis:66.66%\">\n<div class=\"wp-block-image\"><figure class=\"aligncenter size-full is-resized\"><img loading=\"lazy\" decoding=\"async\" src=\"https:\/\/maatilasiuntiossa.fi\/wp-content\/uploads\/2022\/01\/IS-Farmi-UUSI-ilman-tekstia.jpg\" alt=\"\" class=\"wp-image-32\" width=\"303\" height=\"210\" srcset=\"https:\/\/maatilasiuntiossa.fi\/wp-content\/uploads\/2022\/01\/IS-Farmi-UUSI-ilman-tekstia.jpg 884w, https:\/\/maatilasiuntiossa.fi\/wp-content\/uploads\/2022\/01\/IS-Farmi-UUSI-ilman-tekstia-300x208.jpg 300w, https:\/\/maatilasiuntiossa.fi\/wp-content\/uploads\/2022\/01\/IS-Farmi-UUSI-ilman-tekstia-768x533.jpg 768w\" sizes=\"auto, (max-width: 303px) 100vw, 303px\" \/><\/figure><\/div>\n\n\n\n<div class=\"wp-block-buttons is-content-justification-center is-layout-flex wp-container-core-buttons-is-layout-16018d1d wp-block-buttons-is-layout-flex\">\n<div class=\"wp-block-button\"><a class=\"wp-block-button__link\">Vuokraukset, kyselyt ja varaukset Puhelimitse: 050-1309 tai s\u00e4hk\u00f6postitse: info@is-farmi.com<\/a><\/div>\n<\/div>\n\n\n\n<p class=\"has-text-align-center\"><a href=\"https:\/\/maatilasiuntiossa.fi\/wp-content\/uploads\/2022\/06\/kaluston-tyokoneen-tai-ajoneuvon-vuokraussopimus-ilman-kuljettajaa.pdf\">Kone-ja Laite Vuokrasopimus<\/a><\/p>\n\n\n\n<p class=\"has-text-align-center\"><a href=\"https:\/\/maatilasiuntiossa.fi\/wp-content\/uploads\/2022\/06\/Vuokrauksen-ehdot-IS-Farmi-Oy.pdf\">Vuokrauksen ehdot<\/a><\/p>\n\n\n\n<p class=\"has-text-align-center\"><a href=\"https:\/\/maatilasiuntiossa.fi\/wp-content\/uploads\/2022\/06\/teknisen-kaupan-konevuokraamojen-yleiset-vuokrauksen-ja-palveluiden-toimitusehdot.pdf\">Teknisen kaupan yleiset ehdot<\/a><\/p>\n\n\n\n<p class=\"has-text-align-center\"><a href=\"https:\/\/maatilasiuntiossa.fi\/wp-content\/uploads\/2022\/06\/technical-traders-general-terms-and-conditions-for-machine-rental-and-related-services.pdf\">General terms and conditions<\/a><\/p>\n\n\n\n<p class=\"has-text-align-center\">                            <strong>Koneiden ja laitteiden kuljetus:                                                       alle 10km 40\u20ac alv 0, 11-70km 60\u20ac alv 0<\/strong><\/p>\n\n\n\n<blockquote class=\"wp-block-quote is-layout-flow wp-block-quote-is-layout-flow\"><p>Maatilan pit\u00e4minen on kalustoa ja p\u00e4\u00e4omia vaativaa. Monia pihan, puutarhan ja rakentamisen ty\u00f6kaluja tarvitaan kuitenkin vain satunnaisesti. T\u00e4st\u00e4 syyst\u00e4 kehitimme pienimuotoisen Maatilan konevuokrauksen, laitetaan hyv\u00e4 kiert\u00e4m\u00e4\u00e4n. Edullisesti, tehokkaasti ja aikaa s\u00e4\u00e4st\u00e4en.<\/p><cite>Terveisin IS-Farmi Oy<\/cite><\/blockquote>\n\n\n\n<hr class=\"wp-block-separator\"\/>\n\n\n\n<p class=\"has-text-align-center\"><em>Onko sinulla omia vajaak\u00e4yt\u00f6ll\u00e4 olevia erikoislaitteita? Voimme hoitaa vuokrauksen puolestasi, tutustu <a href=\"https:\/\/maatilasiuntiossa.fi\/?page_id=312\">markkinointiyhteisty\u00f6h\u00f6n<\/a> miten voit ansaita rahaa ty\u00f6koneellasi.<\/em><\/p>\n<\/div>\n<\/div>\n<\/div><\/div>\n","protected":false},"excerpt":{"rendered":"<p>Aidat, telineet ja tikkaat Ajoneuvot, traktorit Betonointikalusto Generaattorit Hiomakoneet ja jyrsimet Kompressorit ja paineilmakalusto Maantiivist\u00e4j\u00e4t Naulaimet Nosto- ja siirtokalusto Piikkaus- ja porakoneet Puutarhanhoitokalusto Sekalainen kalusto Sirkkelit, sahat ja leikkurit Kone-ja Laite Vuokrasopimus Vuokrauksen ehdot Teknisen kaupan yleiset ehdot General terms and conditions Koneiden ja laitteiden kuljetus: alle 10km 40\u20ac alv 0, 11-70km 60\u20ac alv 0 Maatilan pit\u00e4minen on kalustoa ja p\u00e4\u00e4omia vaativaa. Monia pihan, puutarhan ja rakentamisen ty\u00f6kaluja tarvitaan kuitenkin vain satunnaisesti. T\u00e4st\u00e4 syyst\u00e4 kehitimme pienimuotoisen Maatilan konevuokrauksen, laitetaan hyv\u00e4 kiert\u00e4m\u00e4\u00e4n. Edullisesti, tehokkaasti ja aikaa s\u00e4\u00e4st\u00e4en. Terveisin IS-Farmi Oy Onko sinulla omia vajaak\u00e4yt\u00f6ll\u00e4 olevia erikoislaitteita? Voimme hoitaa vuokrauksen puolestasi, tutustu markkinointiyhteisty\u00f6h\u00f6n miten voit ansaita rahaa ty\u00f6koneellasi.<\/p>\n","protected":false},"author":1,"featured_media":0,"parent":0,"menu_order":0,"comment_status":"closed","ping_status":"closed","template":"","meta":{"footnotes":""},"class_list":["post-203","page","type-page","status-publish"],"_links":{"self":[{"href":"https:\/\/maatilasiuntiossa.fi\/index.php?rest_route=\/wp\/v2\/pages\/203","targetHints":{"allow":["GET"]}}],"collection":[{"href":"https:\/\/maatilasiuntiossa.fi\/index.php?rest_route=\/wp\/v2\/pages"}],"about":[{"href":"https:\/\/maatilasiuntiossa.fi\/index.php?rest_route=\/wp\/v2\/types\/page"}],"author":[{"embeddable":true,"href":"https:\/\/maatilasiuntiossa.fi\/index.php?rest_route=\/wp\/v2\/users\/1"}],"replies":[{"embeddable":true,"href":"https:\/\/maatilasiuntiossa.fi\/index.php?rest_route=%2Fwp%2Fv2%2Fcomments&post=203"}],"version-history":[{"count":26,"href":"https:\/\/maatilasiuntiossa.fi\/index.php?rest_route=\/wp\/v2\/pages\/203\/revisions"}],"predecessor-version":[{"id":716,"href":"https:\/\/maatilasiuntiossa.fi\/index.php?rest_route=\/wp\/v2\/pages\/203\/revisions\/716"}],"wp:attachment":[{"href":"https:\/\/maatilasiuntiossa.fi\/index.php?rest_route=%2Fwp%2Fv2%2Fmedia&parent=203"}],"curies":[{"name":"wp","href":"https:\/\/api.w.org\/{rel}","templated":true}]}}