{"id":2,"date":"2021-08-12T10:24:41","date_gmt":"2021-08-12T10:24:41","guid":{"rendered":"https:\/\/maatilasiuntiossa.fi\/?page_id=2"},"modified":"2024-11-21T12:20:05","modified_gmt":"2024-11-21T12:20:05","slug":"sample-page","status":"publish","type":"page","link":"https:\/\/maatilasiuntiossa.fi\/?page_id=2","title":{"rendered":"Maatila ja maatalous"},"content":{"rendered":"\n<h2 class=\"wp-block-heading\" id=\"tervetuloa-siuntiolaiselle-pientilalle\"><strong>Tervetuloa siuntiolaiselle pientilalle<\/strong>, yrityksemme tukikohtaan.<\/h2>\n\n\n\n<p><em>Maatalous on yrityksemme toiminnan kivijalka.<\/em> <em>Olemme nuorekas, kehittyv\u00e4 marjatila kauniista ja luonnonl\u00e4heisest\u00e4 Siuntiosta. Maaseudun perheyritt\u00e4jyytt\u00e4 parhaimmillaan. Sijaitsemme Suitian linnan naapurissa, historiallisessa maisemassa kauniiden kallioiden ymp\u00e4r\u00f6im\u00e4n\u00e4. Viljelemme vuonna 2019 istutettua tyrni\u00e4 sek\u00e4 vuosina 2022-2024 istutettua hunajamarjaa. Vuokraamme my\u00f6s pienvarastointi- ja s\u00e4ilytystilaa maatilaltamme. Visionamme on kehitt\u00e4\u00e4 uutta elinvoimaista liiketoimintaa maaseudulle ja maatilalle.<\/em><\/p>\n\n\n\n<div class=\"wp-block-columns alignfull has-text-color has-background is-layout-flex wp-container-core-columns-is-layout-9d6595d7 wp-block-columns-is-layout-flex\" style=\"color:#000000;background-color:#ffffff\">\n<div class=\"wp-block-column is-layout-flow wp-block-column-is-layout-flow\">\n<div class=\"wp-block-buttons is-layout-flex wp-block-buttons-is-layout-flex\">\n<div class=\"wp-block-button\"><a class=\"wp-block-button__link wp-element-button\" href=\"https:\/\/maatilasiuntiossa.fi\/?page_id=90\">Varaa kes\u00e4n 2025 satoa<\/a><\/div>\n<\/div>\n<\/div>\n\n\n\n<div class=\"wp-block-column is-layout-flow wp-block-column-is-layout-flow\">\n<div class=\"wp-block-buttons is-layout-flex wp-block-buttons-is-layout-flex\"><\/div>\n<\/div>\n<\/div>\n\n\n\n<p>Tyrni on varsinainen terveyspommi. Sen C-vitamiinipitoisuus on korkea ja se sis\u00e4lt\u00e4\u00e4 paljon muita elimist\u00f6lle t\u00e4rkeit\u00e4 ravinteita. Pienikin m\u00e4\u00e4r\u00e4 tyrni\u00e4 p\u00e4ivitt\u00e4in parantaa kehon luontaista vastustuskyky\u00e4. Tyrni kasvaa pensaissa ja perinteiset lajikkeet ovat hyvinkin piikikk\u00e4it\u00e4. Tilallamme kasvatetaan mm. Pertsik-nimist\u00e4 lajiketta, jonka taimet on noudettu l\u00e4helt\u00e4 it\u00e4rajaamme. Ensimm\u00e4isten 2 vuoden aikana pensaat eiv\u00e4t tuota marjoja. Tuulip\u00f6lytteisen\u00e4 sek\u00e4 poika-, ett\u00e4 tytt\u00f6tyrnej\u00e4 on istutettu sekaisin siten, ett\u00e4 marjoja muodostavia tytt\u00f6taimia on noin 80%:ttia kaikista taimista. <\/p>\n\n\n\n<p>Olemme kiinnostuneet ilmoittamaan sinulle koska tuoremarjoja voi tulla ostamaan suoraan maatilalta ja tai poimimaan itse aurinkoiseen perheen yhteiseen hetkeen. Saatammehan yll\u00e4tt\u00e4\u00e4 teid\u00e4t vaikka kahvi- ja pullatarjoilulla. <strong>Liityth\u00e4n siis s\u00e4hk\u00f6postilistallemme.<\/strong> Emme aio l\u00e4hett\u00e4\u00e4 kuin muutamia s\u00e4hk\u00f6posteja vuodessa, jotta emme turhaan h\u00e4iritsisi. Mukava kuitenkin pysy\u00e4 ajantasalla eik\u00f6 totta?<\/p>\n\n\n\n\t<section id=\"yikes-mailchimp-container-1\" class=\"yikes-mailchimp-container yikes-mailchimp-container-1 \">\n\t\t\t\t<form id=\"liity-marjalistallemme-1\" class=\"yikes-easy-mc-form yikes-easy-mc-form-1  \" method=\"POST\" data-attr-form-id=\"1\">\n\n\t\t\t\t\t\t\t\t\t\t\t\t\t<label for=\"yikes-easy-mc-form-1-EMAIL\"  class=\"EMAIL-label yikes-mailchimp-field-required \">\n\n\t\t\t\t\t\t\t\t\t\t<!-- dictate label visibility -->\n\t\t\t\t\t\t\t\t\t\t\t\t\t\t\t\t\t\t\t\t\t<span class=\"EMAIL-label\">\n\t\t\t\t\t\t\t\t\t\t\t\tS\u00e4hk\u00f6postiosoite\t\t\t\t\t\t\t\t\t\t\t<\/span>\n\t\t\t\t\t\t\t\t\t\t\n\t\t\t\t\t\t\t\t\t\t<!-- Description Above -->\n\t\t\t\t\t\t\t\t\t\t\n\t\t\t\t\t\t\t\t\t\t<input id=\"yikes-easy-mc-form-1-EMAIL\"  name=\"EMAIL\"  placeholder=\"\"  class=\"yikes-easy-mc-email \"  required=\"required\" type=\"email\"  value=\"\">\n\n\t\t\t\t\t\t\t\t\t\t<!-- Description Below -->\n\t\t\t\t\t\t\t\t\t\t\n\t\t\t\t\t\t\t\t\t<\/label>\n\t\t\t\t\t\t\t\t\t\n\t\t\t\t<!-- Honeypot Trap -->\n\t\t\t\t<input type=\"hidden\" name=\"yikes-mailchimp-honeypot\" id=\"yikes-mailchimp-honeypot-1\" value=\"\">\n\n\t\t\t\t<!-- List ID -->\n\t\t\t\t<input type=\"hidden\" name=\"yikes-mailchimp-associated-list-id\" id=\"yikes-mailchimp-associated-list-id-1\" value=\"89ba7d83a3\">\n\n\t\t\t\t<!-- The form that is being submitted! Used to display error\/success messages above the correct form -->\n\t\t\t\t<input type=\"hidden\" name=\"yikes-mailchimp-submitted-form\" id=\"yikes-mailchimp-submitted-form-1\" value=\"1\">\n\n\t\t\t\t<!-- Submit Button -->\n\t\t\t\t<button type=\"submit\" class=\"yikes-easy-mc-submit-button yikes-easy-mc-submit-button-1 btn btn-primary \"> <span class=\"yikes-mailchimp-submit-button-span-text\">L\u00e4het\u00e4<\/span><\/button>\t\t\t\t<!-- Nonce Security Check -->\n\t\t\t\t<input type=\"hidden\" id=\"yikes_easy_mc_new_subscriber_1\" name=\"yikes_easy_mc_new_subscriber\" value=\"aa38fc637a\">\n\t\t\t\t<input type=\"hidden\" name=\"_wp_http_referer\" value=\"\/index.php?rest_route=%2Fwp%2Fv2%2Fpages%2F2\" \/>\n\t\t\t<\/form>\n\t\t\t<!-- Mailchimp Form generated by Easy Forms for Mailchimp v6.9.0 (https:\/\/wordpress.org\/plugins\/yikes-inc-easy-mailchimp-extender\/) -->\n\n\t\t\t<\/section>\n\t\n\n\n\n<h2 class=\"wp-block-heading\" id=\"maaseudun-perheyrittajyytta\">Maaseudun perheyritt\u00e4jyytt\u00e4<\/h2>\n\n\n\n<p>Maaseudun perheyritt\u00e4jyys tarkoittaa meille monia asioita. Kokonaisuudesta ja tilan hallinnasta meille on tiivistynyt arvoiksi muutama sana: L\u00e4hell\u00e4, auttava, aktiivinen ja ratkaisukeskeinen. N\u00e4m\u00e4 tarkoittavat meille, ett\u00e4 pyrimme olemaan helposti l\u00e4hetytt\u00e4viss\u00e4 ja autamme Siuntiota kehitt\u00e4m\u00e4\u00e4n Suitian kyl\u00e4yhteis\u00f6llisyytt\u00e4. Aktiivisuus tarkoittaa meille sit\u00e4, ett\u00e4 olemme avoimia uusille ideoille ja mietimme jatkuvasti miten voisimme parantaa toimintaamme resurssit huomioiden. Ratkaisukeskeisyys tarkoittaa meille, ett\u00e4 kaikkeen on aina olemassa ratkaisu ja emme kiirehdi p\u00e4\u00e4t\u00f6ksiss\u00e4mme. Pitk\u00e4j\u00e4nteinen suunnittelu ja valmistelu on aina kaiken perusta. <\/p>\n\n\n\n<h2 class=\"wp-block-heading\" id=\"meilla-on-tavoitteita-eteenpain\">Meill\u00e4 on tavoitteita eteenp\u00e4in<\/h2>\n\n\n\n<p>Suhtaudumme varsin intohimoisesti maatilan kehitt\u00e4miseen ja uusiin mahdollisuuksiin. Vaikka asiat menev\u00e4t v\u00e4list\u00e4 hitaastikin eteenp\u00e4in, niin pienikin edistys on edistyst\u00e4. Haluamme j\u00e4tt\u00e4\u00e4 maatilan ja maat seuraaville sukupolvillemme viel\u00e4 entist\u00e4kin paremmassa kunnossa. Varmistamme tavoitteisiin p\u00e4\u00e4syn pitk\u00e4j\u00e4nteisell\u00e4 ty\u00f6ll\u00e4. Nautimme kauniista luonnosta ja sen tuomista virkistysmahdollisuuksista.  <\/p>\n\n\n\n<div class=\"wp-block-columns alignfull has-text-color has-background is-layout-flex wp-container-core-columns-is-layout-9d6595d7 wp-block-columns-is-layout-flex\" style=\"color:#000000;background-color:#ffffff\">\n<div class=\"wp-block-column is-layout-flow wp-block-column-is-layout-flow\">\n<h3 class=\"wp-block-heading\" id=\"missio\" style=\"font-size:24px;line-height:1.3\">Missio<\/h3>\n\n\n\n<p>Kest\u00e4v\u00e4n kehityksen periaatteilla, luonnonvaroja ja resursseja s\u00e4\u00e4st\u00e4en. palveluidentuottaja, ihmisl\u00e4ht\u00f6isesti, auttava naapuri.<\/p>\n<\/div>\n\n\n\n<div class=\"wp-block-column is-layout-flow wp-block-column-is-layout-flow\">\n<h3 class=\"wp-block-heading\" id=\"visio\" style=\"font-size:24px;line-height:1.3\"><strong>Visio<\/strong><\/h3>\n\n\n\n<p>Kannustava ja toimiva yhteisty\u00f6kumppaneiden verkosto osana elinvoimaista liiketoimintaa ja taloudellista tulosta.<\/p>\n<\/div>\n\n\n\n<div class=\"wp-block-column is-layout-flow wp-block-column-is-layout-flow\">\n<h3 class=\"wp-block-heading\" id=\"tavoite\" style=\"font-size:24px;line-height:1.3\">Tavoite<\/h3>\n\n\n\n<p>Hyvinvoiva ymp\u00e4rist\u00f6 ja kehittyv\u00e4 maaseutu l\u00e4hell\u00e4 luontoa peruspalveluineen, joka pystyy investoimaan kehitykseen.<\/p>\n<\/div>\n<\/div>\n\n\n\n<figure class=\"wp-block-gallery has-nested-images columns-default is-cropped wp-block-gallery-1 is-layout-flex wp-block-gallery-is-layout-flex\">\n<figure class=\"wp-block-image size-large is-style-rounded\"><img loading=\"lazy\" decoding=\"async\" width=\"1024\" height=\"683\" data-id=\"126\" src=\"https:\/\/maatilasiuntiossa.fi\/wp-content\/uploads\/2022\/01\/tyrnikuva-1024x683.jpg\" alt=\"\" class=\"wp-image-126\" srcset=\"https:\/\/maatilasiuntiossa.fi\/wp-content\/uploads\/2022\/01\/tyrnikuva-1024x683.jpg 1024w, https:\/\/maatilasiuntiossa.fi\/wp-content\/uploads\/2022\/01\/tyrnikuva-300x200.jpg 300w, https:\/\/maatilasiuntiossa.fi\/wp-content\/uploads\/2022\/01\/tyrnikuva-768x512.jpg 768w, https:\/\/maatilasiuntiossa.fi\/wp-content\/uploads\/2022\/01\/tyrnikuva-1536x1024.jpg 1536w, https:\/\/maatilasiuntiossa.fi\/wp-content\/uploads\/2022\/01\/tyrnikuva-2048x1365.jpg 2048w\" sizes=\"auto, (max-width: 1024px) 100vw, 1024px\" \/><\/figure>\n\n\n\n<figure class=\"wp-block-image size-large is-style-rounded\"><img loading=\"lazy\" decoding=\"async\" width=\"1024\" height=\"625\" data-id=\"127\" src=\"https:\/\/maatilasiuntiossa.fi\/wp-content\/uploads\/2022\/01\/sumuinen-tie-1024x625.jpg\" alt=\"\" class=\"wp-image-127\" srcset=\"https:\/\/maatilasiuntiossa.fi\/wp-content\/uploads\/2022\/01\/sumuinen-tie-1024x625.jpg 1024w, https:\/\/maatilasiuntiossa.fi\/wp-content\/uploads\/2022\/01\/sumuinen-tie-300x183.jpg 300w, https:\/\/maatilasiuntiossa.fi\/wp-content\/uploads\/2022\/01\/sumuinen-tie-768x469.jpg 768w, https:\/\/maatilasiuntiossa.fi\/wp-content\/uploads\/2022\/01\/sumuinen-tie-1536x937.jpg 1536w, https:\/\/maatilasiuntiossa.fi\/wp-content\/uploads\/2022\/01\/sumuinen-tie-2048x1250.jpg 2048w\" sizes=\"auto, (max-width: 1024px) 100vw, 1024px\" \/><\/figure>\n\n\n\n<figure class=\"wp-block-image size-large is-style-rounded\"><img loading=\"lazy\" decoding=\"async\" width=\"1024\" height=\"683\" data-id=\"128\" src=\"https:\/\/maatilasiuntiossa.fi\/wp-content\/uploads\/2022\/01\/peltomaisema-1024x683.jpg\" alt=\"\" class=\"wp-image-128\" srcset=\"https:\/\/maatilasiuntiossa.fi\/wp-content\/uploads\/2022\/01\/peltomaisema-1024x683.jpg 1024w, https:\/\/maatilasiuntiossa.fi\/wp-content\/uploads\/2022\/01\/peltomaisema-300x200.jpg 300w, https:\/\/maatilasiuntiossa.fi\/wp-content\/uploads\/2022\/01\/peltomaisema-768x512.jpg 768w, https:\/\/maatilasiuntiossa.fi\/wp-content\/uploads\/2022\/01\/peltomaisema-1536x1024.jpg 1536w, https:\/\/maatilasiuntiossa.fi\/wp-content\/uploads\/2022\/01\/peltomaisema-2048x1365.jpg 2048w\" sizes=\"auto, (max-width: 1024px) 100vw, 1024px\" \/><\/figure>\n<\/figure>\n","protected":false},"excerpt":{"rendered":"<p>Tervetuloa siuntiolaiselle pientilalle, yrityksemme tukikohtaan. Maatalous on yrityksemme toiminnan kivijalka. Olemme nuorekas, kehittyv\u00e4 marjatila kauniista ja luonnonl\u00e4heisest\u00e4 Siuntiosta. Maaseudun perheyritt\u00e4jyytt\u00e4 parhaimmillaan. Sijaitsemme Suitian linnan naapurissa, historiallisessa maisemassa kauniiden kallioiden ymp\u00e4r\u00f6im\u00e4n\u00e4. Viljelemme vuonna 2019 istutettua tyrni\u00e4 sek\u00e4 vuosina 2022-2024 istutettua hunajamarjaa. Vuokraamme my\u00f6s pienvarastointi- ja s\u00e4ilytystilaa maatilaltamme. Visionamme on kehitt\u00e4\u00e4 uutta elinvoimaista liiketoimintaa maaseudulle ja maatilalle. Tyrni on varsinainen terveyspommi. Sen C-vitamiinipitoisuus on korkea ja se sis\u00e4lt\u00e4\u00e4 paljon muita elimist\u00f6lle t\u00e4rkeit\u00e4 ravinteita. Pienikin m\u00e4\u00e4r\u00e4 tyrni\u00e4 p\u00e4ivitt\u00e4in parantaa kehon luontaista vastustuskyky\u00e4. Tyrni kasvaa pensaissa ja perinteiset lajikkeet ovat hyvinkin piikikk\u00e4it\u00e4. Tilallamme kasvatetaan mm. Pertsik-nimist\u00e4 lajiketta, jonka taimet on noudettu l\u00e4helt\u00e4 it\u00e4rajaamme. Ensimm\u00e4isten 2 vuoden aikana pensaat eiv\u00e4t tuota marjoja. Tuulip\u00f6lytteisen\u00e4 sek\u00e4 poika-, ett\u00e4 tytt\u00f6tyrnej\u00e4 on istutettu sekaisin siten, ett\u00e4 marjoja muodostavia tytt\u00f6taimia on noin 80%:ttia kaikista taimista. Olemme kiinnostuneet ilmoittamaan sinulle koska tuoremarjoja voi tulla ostamaan suoraan maatilalta ja tai poimimaan itse aurinkoiseen perheen yhteiseen hetkeen. Saatammehan yll\u00e4tt\u00e4\u00e4 teid\u00e4t vaikka kahvi- ja&hellip;<\/p>\n<p> <a class=\"more-link\" href=\"https:\/\/maatilasiuntiossa.fi\/?page_id=2\">Read more<\/a><\/p>\n","protected":false},"author":1,"featured_media":0,"parent":0,"menu_order":0,"comment_status":"closed","ping_status":"open","template":"","meta":{"footnotes":""},"class_list":["post-2","page","type-page","status-publish"],"_links":{"self":[{"href":"https:\/\/maatilasiuntiossa.fi\/index.php?rest_route=\/wp\/v2\/pages\/2","targetHints":{"allow":["GET"]}}],"collection":[{"href":"https:\/\/maatilasiuntiossa.fi\/index.php?rest_route=\/wp\/v2\/pages"}],"about":[{"href":"https:\/\/maatilasiuntiossa.fi\/index.php?rest_route=\/wp\/v2\/types\/page"}],"author":[{"embeddable":true,"href":"https:\/\/maatilasiuntiossa.fi\/index.php?rest_route=\/wp\/v2\/users\/1"}],"replies":[{"embeddable":true,"href":"https:\/\/maatilasiuntiossa.fi\/index.php?rest_route=%2Fwp%2Fv2%2Fcomments&post=2"}],"version-history":[{"count":33,"href":"https:\/\/maatilasiuntiossa.fi\/index.php?rest_route=\/wp\/v2\/pages\/2\/revisions"}],"predecessor-version":[{"id":795,"href":"https:\/\/maatilasiuntiossa.fi\/index.php?rest_route=\/wp\/v2\/pages\/2\/revisions\/795"}],"wp:attachment":[{"href":"https:\/\/maatilasiuntiossa.fi\/index.php?rest_route=%2Fwp%2Fv2%2Fmedia&parent=2"}],"curies":[{"name":"wp","href":"https:\/\/api.w.org\/{rel}","templated":true}]}}