{"id":1178,"date":"2024-11-22T14:42:49","date_gmt":"2024-11-22T14:42:49","guid":{"rendered":"https:\/\/maatilasiuntiossa.fi\/?page_id=1178"},"modified":"2024-11-22T15:16:10","modified_gmt":"2024-11-22T15:16:10","slug":"referenssitoita","status":"publish","type":"page","link":"https:\/\/maatilasiuntiossa.fi\/?page_id=1178","title":{"rendered":"Referenssit\u00f6it\u00e4"},"content":{"rendered":"\n<h3 class=\"wp-block-heading has-text-align-center\">Olemme tehneet ja toteuttaneet l\u00e4hes kaikkia talonrakentamiseen ja saneeraamiseen liittyvi\u00e4 toimeksiantoja. Lis\u00e4ksi taloteknisten t\u00f6iden suorittajat on usein valittu suosittelemistamme yhteisty\u00f6kumppaneista, kuten s\u00e4hk\u00f6- ja lvi, lattiavalut, perustusty\u00f6t ja muuraus. <\/h3>\n\n\n<div id=\"metaslider-id-1180\" style=\"width: 100%;\" class=\"ml-slider-3-107-0 metaslider metaslider-flex metaslider-1180 ml-slider has-dots-nav ms-theme-draxler\" role=\"region\" aria-label=\"Referenssit\u00f6it\u00e4\" data-height=\"300\" data-width=\"700\">\n    <div id=\"metaslider_container_1180\">\n        <div id=\"metaslider_1180\">\n            <ul class='slides'>\n                <li style=\"display: block; width: 100%;\" class=\"slide-1181 ms-image \" aria-roledescription=\"slide\" data-date=\"2024-11-22 14:44:54\" data-filename=\"IMG_7731-rotated-480x205.jpg\" data-slide-type=\"image\"><img loading=\"lazy\" decoding=\"async\" src=\"https:\/\/maatilasiuntiossa.fi\/wp-content\/uploads\/2024\/11\/IMG_7731-rotated-480x205.jpg\" height=\"300\" width=\"700\" alt=\"Rakennus- ja eristysty\u00f6t Siuntio\" class=\"slider-1180 slide-1181 msDefaultImage\" \/><div class=\"caption-wrap\"><div class=\"caption\"><div>Sauna- ja kylpyhuonesaneerauksia<\/div><\/div><\/div><\/li>\n                <li style=\"display: none; width: 100%;\" class=\"slide-1182 ms-image \" aria-roledescription=\"slide\" data-date=\"2024-11-22 14:45:31\" data-filename=\"IMG_5723-640x274.jpg\" data-slide-type=\"image\"><img loading=\"lazy\" decoding=\"async\" src=\"https:\/\/maatilasiuntiossa.fi\/wp-content\/uploads\/2024\/11\/IMG_5723-640x274.jpg\" height=\"300\" width=\"700\" alt=\"Terassity\u00f6t Siuntio, Lohja, Kirkkonummi, Inkoo\" class=\"slider-1180 slide-1182 msDefaultImage\" title=\"Terassi\" \/><div class=\"caption-wrap\"><div class=\"caption\">Useita terassiprojekteja<\/div><\/div><\/li>\n                <li style=\"display: none; width: 100%;\" class=\"slide-1183 ms-image \" aria-roledescription=\"slide\" data-date=\"2024-11-22 14:46:19\" data-filename=\"IMG_6540-640x274.jpg\" data-slide-type=\"image\"><img loading=\"lazy\" decoding=\"async\" src=\"https:\/\/maatilasiuntiossa.fi\/wp-content\/uploads\/2024\/11\/IMG_6540-640x274.jpg\" height=\"300\" width=\"700\" alt=\"Rakennusty\u00f6t Siuntio\" class=\"slider-1180 slide-1183 msDefaultImage\" \/><div class=\"caption-wrap\"><div class=\"caption\">Ullakkorakennus hankkeen ty\u00f6maavalmistelut<\/div><\/div><\/li>\n                <li style=\"display: none; width: 100%;\" class=\"slide-1184 ms-image \" aria-roledescription=\"slide\" data-date=\"2024-11-22 14:46:47\" data-filename=\"IMG_5230-rotated-480x205.jpg\" data-slide-type=\"image\"><img loading=\"lazy\" decoding=\"async\" src=\"https:\/\/maatilasiuntiossa.fi\/wp-content\/uploads\/2024\/11\/IMG_5230-rotated-480x205.jpg\" height=\"300\" width=\"700\" alt=\"Muottity\u00f6t siuntio, inkoo, kirkkonummi, espoo\" class=\"slider-1180 slide-1184 msDefaultImage\" \/><div class=\"caption-wrap\"><div class=\"caption\"><div>Maatilarakentaminen useita kohteita. El\u00e4insuojien rakentaminen, palokatkoja, aluskatteiden j\u00e4lkiasennuksia, elementtien rakentamista, riista-aidat<\/div><\/div><\/div><\/li>\n                <li style=\"display: none; width: 100%;\" class=\"slide-1185 ms-image \" aria-roledescription=\"slide\" data-date=\"2024-11-22 14:47:23\" data-filename=\"FAF91B6F-DAFB-465C-B24C-BFE98D01388F-rotated-360x154.jpg\" data-slide-type=\"image\"><img loading=\"lazy\" decoding=\"async\" src=\"https:\/\/maatilasiuntiossa.fi\/wp-content\/uploads\/2024\/11\/FAF91B6F-DAFB-465C-B24C-BFE98D01388F-rotated-360x154.jpg\" height=\"300\" width=\"700\" alt=\"Laatoitusty\u00f6, Laatoituksen asentamisty\u00f6, Siuntio, Lohja, Kirkkomummi, Espoo, Inkoo\" class=\"slider-1180 slide-1185 msDefaultImage\" title=\"Laatoitusty\u00f6t\" \/><div class=\"caption-wrap\"><div class=\"caption\"><div>Useita kylpyhuone ja vessaremontteja. Laajasti korjausrakentamisen erilaisia pienremontteja, lis\u00e4eristyksi\u00e4, kattojen panelointeja, ulkoverhoust\u00f6it\u00e4, laminaattiasennuksia.<\/div><\/div><\/div><\/li>\n                <li style=\"display: none; width: 100%;\" class=\"slide-1186 ms-image \" aria-roledescription=\"slide\" data-date=\"2024-11-22 14:48:15\" data-filename=\"95432004-D6C8-42DC-A9E9-68EDB2310B82-640x274.jpg\" data-slide-type=\"image\"><img loading=\"lazy\" decoding=\"async\" src=\"https:\/\/maatilasiuntiossa.fi\/wp-content\/uploads\/2024\/11\/95432004-D6C8-42DC-A9E9-68EDB2310B82-640x274.jpg\" height=\"300\" width=\"700\" alt=\"Maalausty\u00f6t kes\u00e4ll\u00e4 ja talvella, vanhan maalinpoisto, maalaus, pintak\u00e4sittelyty\u00f6t, Siuntio, Kirkkonummi, Lohja, Inkoo, Espoo\" class=\"slider-1180 slide-1186 msDefaultImage\" title=\"Aitojen maalaus\" \/><div class=\"caption-wrap\"><div class=\"caption\"><div>Useita erilaisia maalaust\u00f6it\u00e4, aitojen, ovien ja ikkunoiden maalauksia.\u00a0<\/div><\/div><\/div><\/li>\n                <li style=\"display: none; width: 100%;\" class=\"slide-1187 ms-image \" aria-roledescription=\"slide\" data-date=\"2024-11-22 14:48:43\" data-filename=\"IMG_9482-rotated-480x205.jpg\" data-slide-type=\"image\"><img loading=\"lazy\" decoding=\"async\" src=\"https:\/\/maatilasiuntiossa.fi\/wp-content\/uploads\/2024\/11\/IMG_9482-rotated-480x205.jpg\" height=\"300\" width=\"700\" alt=\"Kipsilevytys, saumaus, tasoitus, ylitasoitus, rivitalot, omakotitalot, kerrostalot, Siuntio, Kirkkonummi, Lohja, Espoo, Inkoo\" class=\"slider-1180 slide-1187 msDefaultImage\" \/><div class=\"caption-wrap\"><div class=\"caption\">Useita huoneistoremontteja<\/div><\/div><\/li>\n                <li style=\"display: none; width: 100%;\" class=\"slide-1188 ms-image \" aria-roledescription=\"slide\" data-date=\"2024-11-22 14:49:18\" data-filename=\"IMG_9398-rotated-640x274.jpg\" data-slide-type=\"image\"><img loading=\"lazy\" decoding=\"async\" src=\"https:\/\/maatilasiuntiossa.fi\/wp-content\/uploads\/2024\/11\/IMG_9398-rotated-640x274.jpg\" height=\"300\" width=\"700\" alt=\"Ovien ja ikkunoiden saneeraus ja kunnostusty\u00f6t talvella ja kes\u00e4ll\u00e4, rakennuspalvelut\" class=\"slider-1180 slide-1188 msDefaultImage\" \/><div class=\"caption-wrap\"><div class=\"caption\"><div>Ovien kunnostus ja ruiskumaalaukset, my\u00f6s talvisin omassa hallissa.<\/div><\/div><\/div><\/li>\n                <li style=\"display: none; width: 100%;\" class=\"slide-1189 ms-image \" aria-roledescription=\"slide\" data-date=\"2024-11-22 14:50:19\" data-filename=\"IMG_1271-rotated-480x205.jpg\" data-slide-type=\"image\"><img loading=\"lazy\" decoding=\"async\" src=\"https:\/\/maatilasiuntiossa.fi\/wp-content\/uploads\/2024\/11\/IMG_1271-rotated-480x205.jpg\" height=\"300\" width=\"700\" alt=\"Lattial\u00e4mmitysputkisto, raudoituksen asennus, eristyksen asennus, irroituskaistan asennus\" class=\"slider-1180 slide-1189 msDefaultImage\" title=\"Rintamamiestalon\" \/><div class=\"caption-wrap\"><div class=\"caption\">Rintamamiestalon kellarin lattian purku ja uudelleen rakentaminen<\/div><\/div><\/li>\n                <li style=\"display: none; width: 100%;\" class=\"slide-1190 ms-image \" aria-roledescription=\"slide\" data-date=\"2024-11-22 14:51:04\" data-filename=\"IMG_1221-rotated-480x205.jpg\" data-slide-type=\"image\"><img loading=\"lazy\" decoding=\"async\" src=\"https:\/\/maatilasiuntiossa.fi\/wp-content\/uploads\/2024\/11\/IMG_1221-rotated-480x205.jpg\" height=\"300\" width=\"700\" alt=\"Salaoja ja sadevesij\u00e4rjestelmien kaivuuty\u00f6t, pienkaivinkone, Siuntio, Inkoo, Kirkkonummi, Lohja, Espoo, Salaojien uusinta, salaojien asennus, sadevesij\u00e4rjestelmien rakentaminen, Siuntio, Kirkkonummi, Espoo, Lohja, Inkoo\" class=\"slider-1180 slide-1190 msDefaultImage\" \/><div class=\"caption-wrap\"><div class=\"caption\">Salaojaurakka yhdess\u00e4 paikallisten kaivinkoneenkuljettajien kanssa<\/div><\/div><\/li>\n                <li style=\"display: none; width: 100%;\" class=\"slide-1191 ms-image \" aria-roledescription=\"slide\" data-date=\"2024-11-22 14:51:29\" data-filename=\"IMG_0661-rotated-480x205.jpg\" data-slide-type=\"image\"><img loading=\"lazy\" decoding=\"async\" src=\"https:\/\/maatilasiuntiossa.fi\/wp-content\/uploads\/2024\/11\/IMG_0661-rotated-480x205.jpg\" height=\"300\" width=\"700\" alt=\"Traktori ja kaivinkonety\u00f6t, maanrakennus, purkuty\u00f6, Siuntio, Inkoo, Kirkkonummi, Lohja, Espoo\" class=\"slider-1180 slide-1191 msDefaultImage\" title=\"Hirsitalon purku\" \/><div class=\"caption-wrap\"><div class=\"caption\"><div>Useita erilaisia purku-urakoita. Sek\u00e4 pieni\u00e4, ett\u00e4 omakotitalon kokoluokkaan asti<\/div><\/div><\/div><\/li>\n                <li style=\"display: none; width: 100%;\" class=\"slide-1192 ms-image \" aria-roledescription=\"slide\" data-date=\"2024-11-22 14:52:08\" data-filename=\"IMG_4646-rotated-480x205.jpg\" data-slide-type=\"image\"><img loading=\"lazy\" decoding=\"async\" src=\"https:\/\/maatilasiuntiossa.fi\/wp-content\/uploads\/2024\/11\/IMG_4646-rotated-480x205.jpg\" height=\"300\" width=\"700\" alt=\"Maapora, maaporaty\u00f6t, maaporan vuokraus\" class=\"slider-1180 slide-1192 msDefaultImage\" \/><div class=\"caption-wrap\"><div class=\"caption\">Useita High Tensile, riista-aita ja muita aitausprojekteja<\/div><\/div><\/li>\n                <li style=\"display: none; width: 100%;\" class=\"slide-1193 ms-image \" aria-roledescription=\"slide\" data-date=\"2024-11-22 14:52:33\" data-filename=\"IMG_6727-rotated-480x205.jpg\" data-slide-type=\"image\"><img loading=\"lazy\" decoding=\"async\" src=\"https:\/\/maatilasiuntiossa.fi\/wp-content\/uploads\/2024\/11\/IMG_6727-rotated-480x205.jpg\" height=\"300\" width=\"700\" alt=\"Tuija-aidan istutus, maaty\u00f6t, viherrakentaminen, nurmikon kasvattaminen, pintamaan kuorinta\" class=\"slider-1180 slide-1193 msDefaultImage\" title=\"Tuija- ja kuusiaitojen istutukset\" \/><div class=\"caption-wrap\"><div class=\"caption\">Useita istutust\u00f6it\u00e4<\/div><\/div><\/li>\n                <li style=\"display: none; width: 100%;\" class=\"slide-1194 ms-image \" aria-roledescription=\"slide\" data-date=\"2024-11-22 14:53:00\" data-filename=\"IMG_5361-rotated-700x300.jpg\" data-slide-type=\"image\"><img loading=\"lazy\" decoding=\"async\" src=\"https:\/\/maatilasiuntiossa.fi\/wp-content\/uploads\/2024\/11\/IMG_5361-rotated-700x300.jpg\" height=\"300\" width=\"700\" alt=\"Valmis karjasilta, karjasillan rakentaminen, valuty\u00f6, aita, Siuntio, Kirkkonummi, Lohja, Espoo, inkoo\" class=\"slider-1180 slide-1194 msDefaultImage\" title=\"Karjasilta\" \/><div class=\"caption-wrap\"><div class=\"caption\"><div>Amerikkalaistyylisen ajosillan rakentaminen julkisen kilpailutuksen hankinta<\/div><\/div><\/div><\/li>\n                <li style=\"display: none; width: 100%;\" class=\"slide-1195 ms-image \" aria-roledescription=\"slide\" data-date=\"2024-11-22 14:53:55\" data-filename=\"IMG_4261-640x274.jpg\" data-slide-type=\"image\"><img loading=\"lazy\" decoding=\"async\" src=\"https:\/\/maatilasiuntiossa.fi\/wp-content\/uploads\/2024\/11\/IMG_4261-640x274.jpg\" height=\"300\" width=\"700\" alt=\"Metsurity\u00f6t, polttopuuty\u00f6t, polttopuiden valmistaminen\" class=\"slider-1180 slide-1195 msDefaultImage\" title=\"Tonttiraivaus ja puunkaato\" \/><div class=\"caption-wrap\"><div class=\"caption\">Useita tonttiraivauksia ja yksitt\u00e4isi\u00e4 puunkaatoja<\/div><\/div><\/li>\n                <li style=\"display: none; width: 100%;\" class=\"slide-1196 ms-image \" aria-roledescription=\"slide\" data-date=\"2024-11-22 14:59:58\" data-filename=\"IMG_6614-scaled-700x300.jpeg\" data-slide-type=\"image\"><img loading=\"lazy\" decoding=\"async\" src=\"https:\/\/maatilasiuntiossa.fi\/wp-content\/uploads\/2024\/08\/IMG_6614-scaled-700x300.jpeg\" height=\"300\" width=\"700\" alt=\"Kaivinkone Siuntio\" class=\"slider-1180 slide-1196 msDefaultImage\" title=\"Pienkaivinkone\" \/><div class=\"caption-wrap\"><div class=\"caption\"><div>Pienempi\u00e4 maanrakennusurakoita, viherrakennust\u00f6it\u00e4, rivitalopihojen nurmikkot\u00f6it\u00e4, pohjat\u00f6it\u00e4, t\u00e4ytt\u00f6t\u00f6it\u00e4, kaapeli- ja vesijohtojen kaivuut\u00f6it\u00e4. Muita rakennuspaikan valmistavia t\u00f6it\u00e4. Lis\u00e4ksi kiviluiska t\u00f6it\u00e4 ja viherrakentamisen muureja.\u00a0<\/div><\/div><\/div><\/li>\n            <\/ul>\n        <\/div>\n        \n    <\/div>\n<\/div>\n","protected":false},"excerpt":{"rendered":"<p>Olemme tehneet ja toteuttaneet l\u00e4hes kaikkia talonrakentamiseen ja saneeraamiseen liittyvi\u00e4 toimeksiantoja. Lis\u00e4ksi taloteknisten t\u00f6iden suorittajat on usein valittu suosittelemistamme yhteisty\u00f6kumppaneista, kuten s\u00e4hk\u00f6- ja lvi, lattiavalut, perustusty\u00f6t ja muuraus.<\/p>\n","protected":false},"author":1,"featured_media":0,"parent":0,"menu_order":0,"comment_status":"closed","ping_status":"closed","template":"","meta":{"footnotes":""},"class_list":["post-1178","page","type-page","status-publish"],"_links":{"self":[{"href":"https:\/\/maatilasiuntiossa.fi\/index.php?rest_route=\/wp\/v2\/pages\/1178","targetHints":{"allow":["GET"]}}],"collection":[{"href":"https:\/\/maatilasiuntiossa.fi\/index.php?rest_route=\/wp\/v2\/pages"}],"about":[{"href":"https:\/\/maatilasiuntiossa.fi\/index.php?rest_route=\/wp\/v2\/types\/page"}],"author":[{"embeddable":true,"href":"https:\/\/maatilasiuntiossa.fi\/index.php?rest_route=\/wp\/v2\/users\/1"}],"replies":[{"embeddable":true,"href":"https:\/\/maatilasiuntiossa.fi\/index.php?rest_route=%2Fwp%2Fv2%2Fcomments&post=1178"}],"version-history":[{"count":3,"href":"https:\/\/maatilasiuntiossa.fi\/index.php?rest_route=\/wp\/v2\/pages\/1178\/revisions"}],"predecessor-version":[{"id":1199,"href":"https:\/\/maatilasiuntiossa.fi\/index.php?rest_route=\/wp\/v2\/pages\/1178\/revisions\/1199"}],"wp:attachment":[{"href":"https:\/\/maatilasiuntiossa.fi\/index.php?rest_route=%2Fwp%2Fv2%2Fmedia&parent=1178"}],"curies":[{"name":"wp","href":"https:\/\/api.w.org\/{rel}","templated":true}]}}